{"id":937,"date":"2021-11-01T16:34:38","date_gmt":"2021-11-01T15:34:38","guid":{"rendered":"https:\/\/permascope.fr\/?page_id=937"},"modified":"2024-10-01T11:00:34","modified_gmt":"2024-10-01T09:00:34","slug":"projets-realises","status":"publish","type":"page","link":"https:\/\/permascope.net\/index.php\/projets-realises\/","title":{"rendered":"Projets r\u00e9alis\u00e9s"},"content":{"rendered":"<div class=\"wpb-content-wrapper\"><p>[vc_row css=\u00a0\u00bb.vc_custom_1727180588779{margin-bottom: 50px !important;}\u00a0\u00bb][vc_column]\n\t\t\t\t<p class=\"rs-p-wp-fix\"><\/p>\n\t\t\t\t<sr7-module data-alias=\"bureau-etude-1\" data-id=\"10\" id=\"SR7_10_1\" class=\"rs-ov-hidden\" data-version=\"6.7.15\">\n\t\t\t\t\t<sr7-adjuster><\/sr7-adjuster>\n\t\t\t\t\t<sr7-content>\n\t\t\t\t\t\t<sr7-slide id=\"SR7_10_1-19STR1\" data-key=\"19STR1\">\n\t\t\t\t\t\t\t<sr7-txt id=\"SR7_10_1-19STR1-1\" class=\"sr7-layer\">Projets r\u00e9alis\u00e9s<\/sr7-txt>\n\t\t\t\t\t\t\t<sr7-txt id=\"SR7_10_1-19STR1-7\" class=\"sr7-layer\"><a href=\"\" class=\"nocolor\">Accueil<\/a> \u00bb Projets r\u00e9alis\u00e9s<\/sr7-txt>\n\t\t\t\t\t\t<\/sr7-slide>\n\t\t\t\t\t\t<sr7-slide id=\"SR7_10_1-20\" data-key=\"20\">\n\t\t\t\t\t\t<\/sr7-slide>\n\t\t\t\t\t<\/sr7-content>\n\t\t\t\t\t<image_lists style=\"display:none\">\n\t\t\t\t\t\t<img data-src=\"\/\/permascope.net\/wp-content\/uploads\/2020\/02\/haie-permacole-scaled.jpg\" data-libid=\"205\" data-lib=\"medialibrary\" title=\"haie-permacole\" width=\"0\" height=\"0\" data-dbsrc=\"Ly9wZXJtYXNjb3BlLm5ldC93cC1jb250ZW50L3VwbG9hZHMvMjAyMC8wMi9oYWllLXBlcm1hY29sZS1zY2FsZWQuanBn\"\/>\n\t\t\t\t\t\t<img data-src=\"\/\/permascope.net\/wp-content\/uploads\/2020\/02\/haie-permacole-scaled.jpg\" width=\"0\" height=\"0\" data-dbsrc=\"Ly9wZXJtYXNjb3BlLm5ldC93cC1jb250ZW50L3VwbG9hZHMvMjAyMC8wMi9oYWllLXBlcm1hY29sZS1zY2FsZWQuanBn\"\/>\n\t\t\t\t\t<\/image_lists>\n\t\t\t\t<\/sr7-module>\n\t\t\t\t<script>\n\t\t\t\t\tSR7.PMH ??={}; SR7.PMH[\"SR7_10_1\"] = {cn:0,state:false,fn: function() { if (_tpt!==undefined && _tpt.prepareModuleHeight !== undefined) {  _tpt.prepareModuleHeight({id:\"SR7_10_1\",el:[400,400,768,960,720],type:'hero',shdw:'0',gh:[400,400,205,156,96],gw:[2000,2000,1024,778,480],vpt:['100px'],size:{fullWidth:true, fullHeight:false},mh:'0',onh:0,onw:0,bg:{color:'{\"orig\":\"transparent\",\"type\":\"solid\",\"string\":\"transparent\"}'}});   SR7.PMH[\"SR7_10_1\"].state=true;} else if((SR7.PMH[\"SR7_10_1\"].cn++)<100)\tsetTimeout( SR7.PMH[\"SR7_10_1\"].fn,19);}};SR7.PMH[\"SR7_10_1\" ].fn();\n\t\t\t\t<\/script>\n[\/vc_column][\/vc_row][vc_row][vc_column][vc_column_text]<\/p>\n<p style=\"text-align: center;\">Les projets pr\u00e9sent\u00e9s ici sont en cours de r\u00e9alisation. Ils feront l&rsquo;objet bient\u00f4t d&rsquo;un retour d&rsquo;exp\u00e9rience.<\/p>\n<p style=\"text-align: center;\">D&rsquo;autres projets inspirants sont \u00e0 l&rsquo;\u00e9tude actuellement.<br \/>\nCes initiatives montrent comment la permaculture peut transformer les communaut\u00e9s et les \u00e9cosyst\u00e8mes pour un avenir plus r\u00e9silient et \u00e9cologique.<\/p>\n<p>[\/vc_column_text][\/vc_column][\/vc_row][vc_row full_width=\u00a0\u00bbstretch_row\u00a0\u00bb equal_height=\u00a0\u00bbyes\u00a0\u00bb css=\u00a0\u00bb.vc_custom_1723569127122{background-color: #ededed !important;}\u00a0\u00bb][vc_column width=\u00a0\u00bb1\/2&Prime;][vc_column_text]<\/p>\n<h3><strong>L&rsquo;Auribelle-\u00a0<\/strong>Dr\u00f4me<\/h3>\n<p>Les s\u00e9cheresses des derni\u00e8res ann\u00e9es ont motiv\u00e9 les porteurs de projet de ce projet \u00e0 repenser leur r\u00e9partition des eaux de ruissellement et apporter plus de v\u00e9g\u00e9tation sur leur terrain. La conception ci dessous est particuli\u00e8rement orient\u00e9e vers l&rsquo;hydrologie r\u00e9g\u00e9n\u00e9rative et le jardin-for\u00eat.<\/p>\n<p><a href=\"https:\/\/permascope.net\/wp-content\/uploads\/2024\/08\/Design-lAuribelle-copie-site-.pdf\"><strong>Acc\u00e8s au dossier ici<\/strong><\/a>[\/vc_column_text][vc_single_image image=\u00a0\u00bb7463&Prime; img_size=\u00a0\u00bb400&#215;400&Prime; alignment=\u00a0\u00bbcenter\u00a0\u00bb style=\u00a0\u00bbvc_box_border_circle_2&Prime; border_color=\u00a0\u00bbpeacoc\u00a0\u00bb][\/vc_column][vc_column width=\u00a0\u00bb1\/2&Prime;][vc_column_text]<\/p>\n<h3>Les Bergers &#8211; Vall\u00e9e de Quint &#8211; Dr\u00f4me<\/h3>\n<p>Cette conception assez particuli\u00e8re a \u00e9t\u00e9 r\u00e9alis\u00e9e pour un particulier en fin de vie. les sujets \u00e0 aborder \u00e9taient la r\u00e9silience en eau, la mise en place d&rsquo;un potager vivrier et la transmission \u00e0 sa descendance. le diagnostic n&rsquo;est pas complet et apparait plut\u00f4t comme une pr\u00e9-\u00e9tude n\u00e9cessitant une approche plus approfondie des propositions.<\/p>\n<p class=\"has-text-align-left has-text-color\" style=\"color: #4a8a88;\"><a href=\"https:\/\/permascope.net\/wp-content\/uploads\/2024\/08\/design-les-bergers-compresse-2.pdf\"><strong>Acc\u00e8s au dossier ici<\/strong><\/a><\/p>\n<p>[\/vc_column_text][vc_single_image image=\u00a0\u00bb7471&Prime; img_size=\u00a0\u00bb400&#215;400&Prime; alignment=\u00a0\u00bbcenter\u00a0\u00bb style=\u00a0\u00bbvc_box_border_circle_2&Prime; border_color=\u00a0\u00bbpeacoc\u00a0\u00bb][\/vc_column][\/vc_row][vc_row full_width=\u00a0\u00bbstretch_row\u00a0\u00bb equal_height=\u00a0\u00bbyes\u00a0\u00bb css=\u00a0\u00bb.vc_custom_1723569105764{background-color: #ffffff !important;}\u00a0\u00bb][vc_column width=\u00a0\u00bb1\/2&Prime;][vc_column_text]<\/p>\n<h3><strong>Les Marguerites- Beauri\u00e8res-Dr\u00f4me<br \/>\n<\/strong><\/h3>\n<p>Un nouveau design pour un projet collectif dans un lieu ou l&rsquo;eau est un sujet de r\u00e9silience.<\/p>\n<p>La ferme des marguerites est un projet faisant partie d&rsquo;un collectif de plusieurs lieux .Ce design est le premier\u00a0 pour ce collectif. Il est le point de d\u00e9part d&rsquo;une structure humaine souhaitant s&rsquo;organiser autour des valeurs de la descente \u00e9nerg\u00e9tique. Le site pr\u00e9sent\u00e9 est complexe et vari\u00e9 et les strat\u00e9gies de gestion de l&rsquo;eau en a \u00e9t\u00e9 un sujet pr\u00e9pond\u00e9rant.<\/p>\n<p><a href=\"https:\/\/permascope.net\/wp-content\/uploads\/2022\/05\/marguerites-Copie.pdf\"><strong>Acc\u00e8s au dossier ici<\/strong><\/a>[\/vc_column_text][vc_single_image image=\u00a0\u00bb804&Prime; img_size=\u00a0\u00bb400&#215;400&Prime; alignment=\u00a0\u00bbcenter\u00a0\u00bb style=\u00a0\u00bbvc_box_border_circle_2&Prime; border_color=\u00a0\u00bbpeacoc\u00a0\u00bb][\/vc_column][vc_column width=\u00a0\u00bb1\/2&Prime;][vc_column_text]<\/p>\n<h3>Le jardin des \u00e9p\u00e9es-Poyols- Dr\u00f4me<\/h3>\n<p>Le projet de ce design s&rsquo;inscrit dans une dynamique locale d&rsquo;implantation d&rsquo;habitat l\u00e9ger au sein d&rsquo;un village. l&rsquo;objectif \u00e9tant de rendre ce terrain nu de 1000m2 habitable, productif et r\u00e9silient rapidement.<\/p>\n<p>&nbsp;<\/p>\n<p>&nbsp;<\/p>\n<p class=\"has-text-align-left has-text-color\" style=\"color: #4a8a88;\"><strong><a href=\"https:\/\/permascope.net\/wp-content\/uploads\/2022\/01\/Design-oliv-diapo.pdf\">Acc\u00e8s au dossier ici<\/a><\/strong><\/p>\n<p>[\/vc_column_text][vc_single_image image=\u00a0\u00bb943&Prime; img_size=\u00a0\u00bb400&#215;400&Prime; alignment=\u00a0\u00bbcenter\u00a0\u00bb style=\u00a0\u00bbvc_box_border_circle_2&Prime; border_color=\u00a0\u00bbpeacoc\u00a0\u00bb][\/vc_column][\/vc_row][vc_row css=\u00a0\u00bb.vc_custom_1723569139884{background-color: #ededed !important;}\u00a0\u00bb][vc_column width=\u00a0\u00bb1\/2&Prime;][vc_column_text]<\/p>\n<h3><strong>Le jardin d&rsquo;E&#8230; &#8211; Die-Dr\u00f4me<\/strong><\/h3>\n<p>Cette conception est une des plus rapides et sur une tr\u00e8s petite surface que j&rsquo;ai eu \u00e0 r\u00e9aliser. Les porteurs de projet souhaitaient quelque chose de simple, rapide, \u00e0 peu de frais et avec suivi. l&rsquo;\u00e9tude n&rsquo;est donc pas compl\u00e8te et succincte mais la r\u00e9alisation reste efficace.<\/p>\n<p>&nbsp;<\/p>\n<p><a href=\"https:\/\/permascope.net\/wp-content\/uploads\/2024\/08\/jardin-dE.pdf\"><strong>Acc\u00e8s au dossier ici<\/strong><\/a>[\/vc_column_text][vc_single_image image=\u00a0\u00bb7467&Prime; img_size=\u00a0\u00bb400&#215;400&Prime; alignment=\u00a0\u00bbcenter\u00a0\u00bb style=\u00a0\u00bbvc_box_border_circle_2&Prime; border_color=\u00a0\u00bbpeacoc\u00a0\u00bb][\/vc_column][vc_column width=\u00a0\u00bb1\/2&Prime;][vc_column_text]<\/p>\n<h3>Micro P\u00e9do-\u00e9puration pour habitat l\u00e9ger-dr\u00f4me<\/h3>\n<p>Cette p\u00e9do-\u00e9puration correspond \u00e0 un besoin de gestion des eaux grises pour un habitat l\u00e9ger \u00e0 faible consommation d&rsquo;eau. elle est active depuis maintenant 4 ans avec succ\u00e8s.<\/p>\n<p>&nbsp;<\/p>\n<p class=\"has-text-align-left has-text-color\" style=\"color: #4a8a88;\"><strong><a href=\"https:\/\/permascope.net\/wp-content\/uploads\/2022\/01\/pedo-epuration.pdf\">Acc\u00e8s au dossier ici<\/a><\/strong><\/p>\n<p>[\/vc_column_text][vc_single_image image=\u00a0\u00bb1042&Prime; img_size=\u00a0\u00bb400&#215;400&Prime; alignment=\u00a0\u00bbcenter\u00a0\u00bb style=\u00a0\u00bbvc_box_border_circle_2&Prime; border_color=\u00a0\u00bbpeacoc\u00a0\u00bb][\/vc_column][\/vc_row][vc_row disable_element=\u00a0\u00bbyes\u00a0\u00bb][vc_column width=\u00a0\u00bb1\/2&Prime;][\/vc_column][vc_column width=\u00a0\u00bb1\/2&Prime;][vc_column_text]<\/p>\n<h3>Projet 8<\/h3>\n<p>Lorem ipsum dolor sit amet, consectetur adipiscing elit. Donec in velit massa. Suspendisse vel nisl elit. Donec ac mauris justo. Suspendisse potenti. Nulla vitae tellus vulputate erat pulvinar finibus. Curabitur semper vulputate neque, sit amet aliquet odio interdum eget. Cras lacinia lectus tellus, at efficitur sapien tincidunt vel. Mauris quis ligula arcu. Quisque sodales iaculis nibh eu viverra. Vivamus molestie id ante ut interdum. Aliquam sed sollicitudin arcu. Morbi consectetur ligula eu felis consequat sodales. Fusce porttitor varius ante, non viverra augue vestibulum in. Nulla at tellus quis nibh elementum venenatis id non turpis. In non varius purus.<\/p>\n<p class=\"has-text-align-left has-text-color\" style=\"color: #4a8a88;\"><strong><a href=\"https:\/\/permascope.net\/wp-content\/uploads\/2022\/01\/pedo-epuration.pdf\">Acc\u00e8s au dossier ici<\/a><\/strong><\/p>\n<p>[\/vc_column_text][vc_single_image image=\u00a0\u00bb1042&Prime; img_size=\u00a0\u00bb476&#215;375&Prime; alignment=\u00a0\u00bbcenter\u00a0\u00bb style=\u00a0\u00bbvc_box_border_circle\u00a0\u00bb][\/vc_column][\/vc_row][vc_row full_width=\u00a0\u00bbstretch_row\u00a0\u00bb equal_height=\u00a0\u00bbyes\u00a0\u00bb disable_element=\u00a0\u00bbyes\u00a0\u00bb css=\u00a0\u00bb.vc_custom_1723232998257{background-color: #ededed !important;}\u00a0\u00bb][vc_column width=\u00a0\u00bb1\/2&Prime;][vc_column_text]<\/p>\n<h3><strong>Projet 9<br \/>\n<\/strong><\/h3>\n<p>Lorem ipsum dolor sit amet, consectetur adipiscing elit. Donec in velit massa. Suspendisse vel nisl elit. Donec ac mauris justo. Suspendisse potenti. Nulla vitae tellus vulputate erat pulvinar finibus. Curabitur semper vulputate neque, sit amet aliquet odio interdum eget. Cras lacinia lectus tellus, at efficitur sapien tincidunt vel. Mauris quis ligula arcu. Quisque sodales iaculis nibh eu viverra. Vivamus molestie id ante ut interdum. Aliquam sed sollicitudin arcu. Morbi consectetur ligula eu felis consequat sodales. Fusce porttitor varius ante, non viverra augue vestibulum in. Nulla at tellus quis nibh elementum venenatis id non turpis. In non varius purus.<\/p>\n<p><a href=\"https:\/\/permascope.net\/wp-content\/uploads\/2022\/05\/marguerites-Copie.pdf\"><strong>Acc\u00e8s au dossier ici<\/strong><\/a>[\/vc_column_text][vc_single_image image=\u00a0\u00bb804&Prime; img_size=\u00a0\u00bb476*375&Prime; alignment=\u00a0\u00bbcenter\u00a0\u00bb style=\u00a0\u00bbvc_box_border_circle\u00a0\u00bb border_color=\u00a0\u00bbpeacoc\u00a0\u00bb][\/vc_column][vc_column width=\u00a0\u00bb1\/2&Prime;][vc_column_text]<\/p>\n<h3><strong>Projet 10<br \/>\n<\/strong><\/h3>\n<p>Lorem ipsum dolor sit amet, consectetur adipiscing elit. Donec in velit massa. Suspendisse vel nisl elit. Donec ac mauris justo. Suspendisse potenti. Nulla vitae tellus vulputate erat pulvinar finibus. Curabitur semper vulputate neque, sit amet aliquet odio interdum eget. Cras lacinia lectus tellus, at efficitur sapien tincidunt vel. Mauris quis ligula arcu. Quisque sodales iaculis nibh eu viverra. Vivamus molestie id ante ut interdum. Aliquam sed sollicitudin arcu. Morbi consectetur ligula eu felis consequat sodales. Fusce porttitor varius ante, non viverra augue vestibulum in. Nulla at tellus quis nibh elementum venenatis id non turpis. In non varius purus.<\/p>\n<p><a href=\"https:\/\/permascope.net\/wp-content\/uploads\/2022\/05\/marguerites-Copie.pdf\"><strong>Acc\u00e8s au dossier ici<\/strong><\/a>[\/vc_column_text][vc_single_image image=\u00a0\u00bb943&Prime; img_size=\u00a0\u00bb476*375&Prime; alignment=\u00a0\u00bbcenter\u00a0\u00bb style=\u00a0\u00bbvc_box_border_circle\u00a0\u00bb border_color=\u00a0\u00bbpeacoc\u00a0\u00bb][\/vc_column][\/vc_row][vc_row disable_element=\u00a0\u00bbyes\u00a0\u00bb][vc_column width=\u00a0\u00bb1\/2&Prime;][vc_column_text]<\/p>\n<h3>Projet 11<\/h3>\n<p>Lorem ipsum dolor sit amet, consectetur adipiscing elit. Donec in velit massa. Suspendisse vel nisl elit. Donec ac mauris justo. Suspendisse potenti. Nulla vitae tellus vulputate erat pulvinar finibus. Curabitur semper vulputate neque, sit amet aliquet odio interdum eget. Cras lacinia lectus tellus, at efficitur sapien tincidunt vel. Mauris quis ligula arcu. Quisque sodales iaculis nibh eu viverra. Vivamus molestie id ante ut interdum. Aliquam sed sollicitudin arcu. Morbi consectetur ligula eu felis consequat sodales. Fusce porttitor varius ante, non viverra augue vestibulum in. Nulla at tellus quis nibh elementum venenatis id non turpis. In non varius purus.<\/p>\n<p class=\"has-text-align-left has-text-color\" style=\"color: #4a8a88;\"><strong><a href=\"https:\/\/permascope.net\/wp-content\/uploads\/2022\/01\/pedo-epuration.pdf\">Acc\u00e8s au dossier ici<\/a><\/strong><\/p>\n<p>[\/vc_column_text][vc_single_image image=\u00a0\u00bb1042&Prime; img_size=\u00a0\u00bb476&#215;375&Prime; alignment=\u00a0\u00bbcenter\u00a0\u00bb style=\u00a0\u00bbvc_box_border_circle\u00a0\u00bb][\/vc_column][vc_column width=\u00a0\u00bb1\/2&Prime;][vc_column_text]<\/p>\n<h3>Projet 12<\/h3>\n<p>Lorem ipsum dolor sit amet, consectetur adipiscing elit. Donec in velit massa. Suspendisse vel nisl elit. Donec ac mauris justo. Suspendisse potenti. Nulla vitae tellus vulputate erat pulvinar finibus. Curabitur semper vulputate neque, sit amet aliquet odio interdum eget. Cras lacinia lectus tellus, at efficitur sapien tincidunt vel. Mauris quis ligula arcu. Quisque sodales iaculis nibh eu viverra. Vivamus molestie id ante ut interdum. Aliquam sed sollicitudin arcu. Morbi consectetur ligula eu felis consequat sodales. Fusce porttitor varius ante, non viverra augue vestibulum in. Nulla at tellus quis nibh elementum venenatis id non turpis. In non varius purus.<\/p>\n<p class=\"has-text-align-left has-text-color\" style=\"color: #4a8a88;\"><strong><a href=\"https:\/\/permascope.net\/wp-content\/uploads\/2022\/01\/pedo-epuration.pdf\">Acc\u00e8s au dossier ici<\/a><\/strong><\/p>\n<p>[\/vc_column_text][vc_single_image image=\u00a0\u00bb1042&Prime; img_size=\u00a0\u00bb476&#215;375&Prime; alignment=\u00a0\u00bbcenter\u00a0\u00bb style=\u00a0\u00bbvc_box_border_circle\u00a0\u00bb][\/vc_column][\/vc_row][vc_section][\/vc_section]<\/p>\n<\/div>","protected":false},"excerpt":{"rendered":"<p>[vc_row css=\u00a0\u00bb.vc_custom_1727180588779{margin-bottom: 50px !important;}\u00a0\u00bb][vc_column][\/vc_column][\/vc_row][vc_row][vc_column][vc_column_text] Les projets pr\u00e9sent\u00e9s ici sont en cours de r\u00e9alisation. Ils feront l&rsquo;objet bient\u00f4t d&rsquo;un retour d&rsquo;exp\u00e9rience. D&rsquo;autres projets inspirants sont \u00e0 l&rsquo;\u00e9tude actuellement. Ces initiatives montrent comment la permaculture peut transformer les communaut\u00e9s et les \u00e9cosyst\u00e8mes pour un avenir plus r\u00e9silient et \u00e9cologique. [\/vc_column_text][\/vc_column][\/vc_row][vc_row full_width=\u00a0\u00bbstretch_row\u00a0\u00bb equal_height=\u00a0\u00bbyes\u00a0\u00bb css=\u00a0\u00bb.vc_custom_1723569127122{background-color: #ededed !important;}\u00a0\u00bb][vc_column width=\u00a0\u00bb1\/2&Prime;][vc_column_text] L&rsquo;Auribelle-\u00a0Dr\u00f4me [&hellip;]<\/p>\n","protected":false},"author":1,"featured_media":205,"parent":0,"menu_order":0,"comment_status":"closed","ping_status":"closed","template":"","meta":{"footnotes":""},"class_list":["post-937","page","type-page","status-publish","has-post-thumbnail","hentry"],"yoast_head":"<!-- This site is optimized with the Yoast SEO plugin v24.0 - https:\/\/yoast.com\/wordpress\/plugins\/seo\/ -->\n<title>Projets r\u00e9alis\u00e9s - Permascope<\/title>\n<meta name=\"robots\" content=\"index, follow, max-snippet:-1, max-image-preview:large, max-video-preview:-1\" \/>\n<link rel=\"canonical\" href=\"https:\/\/permascope.net\/index.php\/projets-realises\/\" \/>\n<meta property=\"og:locale\" content=\"fr_FR\" \/>\n<meta property=\"og:type\" content=\"article\" \/>\n<meta property=\"og:title\" content=\"Projets r\u00e9alis\u00e9s - Permascope\" \/>\n<meta property=\"og:description\" content=\"[vc_row css=\u00a0\u00bb.vc_custom_1727180588779{margin-bottom: 50px !important;}\u00a0\u00bb][vc_column][\/vc_column][\/vc_row][vc_row][vc_column][vc_column_text] Les projets pr\u00e9sent\u00e9s ici sont en cours de r\u00e9alisation. Ils feront l&rsquo;objet bient\u00f4t d&rsquo;un retour d&rsquo;exp\u00e9rience. D&rsquo;autres projets inspirants sont \u00e0 l&rsquo;\u00e9tude actuellement. Ces initiatives montrent comment la permaculture peut transformer les communaut\u00e9s et les \u00e9cosyst\u00e8mes pour un avenir plus r\u00e9silient et \u00e9cologique. [\/vc_column_text][\/vc_column][\/vc_row][vc_row full_width=\u00a0\u00bbstretch_row\u00a0\u00bb equal_height=\u00a0\u00bbyes\u00a0\u00bb css=\u00a0\u00bb.vc_custom_1723569127122{background-color: #ededed !important;}\u00a0\u00bb][vc_column width=\u00a0\u00bb1\/2&Prime;][vc_column_text] L&rsquo;Auribelle-\u00a0Dr\u00f4me [&hellip;]\" \/>\n<meta property=\"og:url\" content=\"https:\/\/permascope.net\/index.php\/projets-realises\/\" \/>\n<meta property=\"og:site_name\" content=\"Permascope\" \/>\n<meta property=\"article:modified_time\" content=\"2024-10-01T09:00:34+00:00\" \/>\n<meta property=\"og:image\" content=\"https:\/\/permascope.net\/wp-content\/uploads\/2020\/02\/haie-permacole-scaled.jpg\" \/>\n\t<meta property=\"og:image:width\" content=\"2560\" \/>\n\t<meta property=\"og:image:height\" content=\"2303\" \/>\n\t<meta property=\"og:image:type\" content=\"image\/jpeg\" \/>\n<meta name=\"twitter:card\" content=\"summary_large_image\" \/>\n<meta name=\"twitter:label1\" content=\"Dur\u00e9e de lecture estim\u00e9e\" \/>\n\t<meta name=\"twitter:data1\" content=\"6 minutes\" \/>\n<script type=\"application\/ld+json\" class=\"yoast-schema-graph\">{\"@context\":\"https:\/\/schema.org\",\"@graph\":[{\"@type\":\"WebPage\",\"@id\":\"https:\/\/permascope.net\/index.php\/projets-realises\/\",\"url\":\"https:\/\/permascope.net\/index.php\/projets-realises\/\",\"name\":\"Projets r\u00e9alis\u00e9s - Permascope\",\"isPartOf\":{\"@id\":\"https:\/\/permascope.net\/#website\"},\"primaryImageOfPage\":{\"@id\":\"https:\/\/permascope.net\/index.php\/projets-realises\/#primaryimage\"},\"image\":{\"@id\":\"https:\/\/permascope.net\/index.php\/projets-realises\/#primaryimage\"},\"thumbnailUrl\":\"https:\/\/permascope.net\/wp-content\/uploads\/2020\/02\/haie-permacole-scaled.jpg\",\"datePublished\":\"2021-11-01T15:34:38+00:00\",\"dateModified\":\"2024-10-01T09:00:34+00:00\",\"breadcrumb\":{\"@id\":\"https:\/\/permascope.net\/index.php\/projets-realises\/#breadcrumb\"},\"inLanguage\":\"fr-FR\",\"potentialAction\":[{\"@type\":\"ReadAction\",\"target\":[\"https:\/\/permascope.net\/index.php\/projets-realises\/\"]}]},{\"@type\":\"ImageObject\",\"inLanguage\":\"fr-FR\",\"@id\":\"https:\/\/permascope.net\/index.php\/projets-realises\/#primaryimage\",\"url\":\"https:\/\/permascope.net\/wp-content\/uploads\/2020\/02\/haie-permacole-scaled.jpg\",\"contentUrl\":\"https:\/\/permascope.net\/wp-content\/uploads\/2020\/02\/haie-permacole-scaled.jpg\",\"width\":2560,\"height\":2303},{\"@type\":\"BreadcrumbList\",\"@id\":\"https:\/\/permascope.net\/index.php\/projets-realises\/#breadcrumb\",\"itemListElement\":[{\"@type\":\"ListItem\",\"position\":1,\"name\":\"Accueil\",\"item\":\"https:\/\/permascope.net\/\"},{\"@type\":\"ListItem\",\"position\":2,\"name\":\"Projets r\u00e9alis\u00e9s\"}]},{\"@type\":\"WebSite\",\"@id\":\"https:\/\/permascope.net\/#website\",\"url\":\"https:\/\/permascope.net\/\",\"name\":\"Permascope\",\"description\":\"la permaculture dans tous ses \u00e9tats\",\"publisher\":{\"@id\":\"https:\/\/permascope.net\/#organization\"},\"potentialAction\":[{\"@type\":\"SearchAction\",\"target\":{\"@type\":\"EntryPoint\",\"urlTemplate\":\"https:\/\/permascope.net\/?s={search_term_string}\"},\"query-input\":{\"@type\":\"PropertyValueSpecification\",\"valueRequired\":true,\"valueName\":\"search_term_string\"}}],\"inLanguage\":\"fr-FR\"},{\"@type\":\"Organization\",\"@id\":\"https:\/\/permascope.net\/#organization\",\"name\":\"Permascope\",\"url\":\"https:\/\/permascope.net\/\",\"logo\":{\"@type\":\"ImageObject\",\"inLanguage\":\"fr-FR\",\"@id\":\"https:\/\/permascope.net\/#\/schema\/logo\/image\/\",\"url\":\"https:\/\/permascope.net\/wp-content\/uploads\/2021\/02\/cropped-logo-site-big2.png\",\"contentUrl\":\"https:\/\/permascope.net\/wp-content\/uploads\/2021\/02\/cropped-logo-site-big2.png\",\"width\":240,\"height\":92,\"caption\":\"Permascope\"},\"image\":{\"@id\":\"https:\/\/permascope.net\/#\/schema\/logo\/image\/\"}}]}<\/script>\n<!-- \/ Yoast SEO plugin. -->","yoast_head_json":{"title":"Projets r\u00e9alis\u00e9s - Permascope","robots":{"index":"index","follow":"follow","max-snippet":"max-snippet:-1","max-image-preview":"max-image-preview:large","max-video-preview":"max-video-preview:-1"},"canonical":"https:\/\/permascope.net\/index.php\/projets-realises\/","og_locale":"fr_FR","og_type":"article","og_title":"Projets r\u00e9alis\u00e9s - Permascope","og_description":"[vc_row css=\u00a0\u00bb.vc_custom_1727180588779{margin-bottom: 50px !important;}\u00a0\u00bb][vc_column][\/vc_column][\/vc_row][vc_row][vc_column][vc_column_text] Les projets pr\u00e9sent\u00e9s ici sont en cours de r\u00e9alisation. Ils feront l&rsquo;objet bient\u00f4t d&rsquo;un retour d&rsquo;exp\u00e9rience. D&rsquo;autres projets inspirants sont \u00e0 l&rsquo;\u00e9tude actuellement. Ces initiatives montrent comment la permaculture peut transformer les communaut\u00e9s et les \u00e9cosyst\u00e8mes pour un avenir plus r\u00e9silient et \u00e9cologique. [\/vc_column_text][\/vc_column][\/vc_row][vc_row full_width=\u00a0\u00bbstretch_row\u00a0\u00bb equal_height=\u00a0\u00bbyes\u00a0\u00bb css=\u00a0\u00bb.vc_custom_1723569127122{background-color: #ededed !important;}\u00a0\u00bb][vc_column width=\u00a0\u00bb1\/2&Prime;][vc_column_text] L&rsquo;Auribelle-\u00a0Dr\u00f4me [&hellip;]","og_url":"https:\/\/permascope.net\/index.php\/projets-realises\/","og_site_name":"Permascope","article_modified_time":"2024-10-01T09:00:34+00:00","og_image":[{"width":2560,"height":2303,"url":"https:\/\/permascope.net\/wp-content\/uploads\/2020\/02\/haie-permacole-scaled.jpg","type":"image\/jpeg"}],"twitter_card":"summary_large_image","twitter_misc":{"Dur\u00e9e de lecture estim\u00e9e":"6 minutes"},"schema":{"@context":"https:\/\/schema.org","@graph":[{"@type":"WebPage","@id":"https:\/\/permascope.net\/index.php\/projets-realises\/","url":"https:\/\/permascope.net\/index.php\/projets-realises\/","name":"Projets r\u00e9alis\u00e9s - Permascope","isPartOf":{"@id":"https:\/\/permascope.net\/#website"},"primaryImageOfPage":{"@id":"https:\/\/permascope.net\/index.php\/projets-realises\/#primaryimage"},"image":{"@id":"https:\/\/permascope.net\/index.php\/projets-realises\/#primaryimage"},"thumbnailUrl":"https:\/\/permascope.net\/wp-content\/uploads\/2020\/02\/haie-permacole-scaled.jpg","datePublished":"2021-11-01T15:34:38+00:00","dateModified":"2024-10-01T09:00:34+00:00","breadcrumb":{"@id":"https:\/\/permascope.net\/index.php\/projets-realises\/#breadcrumb"},"inLanguage":"fr-FR","potentialAction":[{"@type":"ReadAction","target":["https:\/\/permascope.net\/index.php\/projets-realises\/"]}]},{"@type":"ImageObject","inLanguage":"fr-FR","@id":"https:\/\/permascope.net\/index.php\/projets-realises\/#primaryimage","url":"https:\/\/permascope.net\/wp-content\/uploads\/2020\/02\/haie-permacole-scaled.jpg","contentUrl":"https:\/\/permascope.net\/wp-content\/uploads\/2020\/02\/haie-permacole-scaled.jpg","width":2560,"height":2303},{"@type":"BreadcrumbList","@id":"https:\/\/permascope.net\/index.php\/projets-realises\/#breadcrumb","itemListElement":[{"@type":"ListItem","position":1,"name":"Accueil","item":"https:\/\/permascope.net\/"},{"@type":"ListItem","position":2,"name":"Projets r\u00e9alis\u00e9s"}]},{"@type":"WebSite","@id":"https:\/\/permascope.net\/#website","url":"https:\/\/permascope.net\/","name":"Permascope","description":"la permaculture dans tous ses \u00e9tats","publisher":{"@id":"https:\/\/permascope.net\/#organization"},"potentialAction":[{"@type":"SearchAction","target":{"@type":"EntryPoint","urlTemplate":"https:\/\/permascope.net\/?s={search_term_string}"},"query-input":{"@type":"PropertyValueSpecification","valueRequired":true,"valueName":"search_term_string"}}],"inLanguage":"fr-FR"},{"@type":"Organization","@id":"https:\/\/permascope.net\/#organization","name":"Permascope","url":"https:\/\/permascope.net\/","logo":{"@type":"ImageObject","inLanguage":"fr-FR","@id":"https:\/\/permascope.net\/#\/schema\/logo\/image\/","url":"https:\/\/permascope.net\/wp-content\/uploads\/2021\/02\/cropped-logo-site-big2.png","contentUrl":"https:\/\/permascope.net\/wp-content\/uploads\/2021\/02\/cropped-logo-site-big2.png","width":240,"height":92,"caption":"Permascope"},"image":{"@id":"https:\/\/permascope.net\/#\/schema\/logo\/image\/"}}]}},"_links":{"self":[{"href":"https:\/\/permascope.net\/index.php\/wp-json\/wp\/v2\/pages\/937","targetHints":{"allow":["GET"]}}],"collection":[{"href":"https:\/\/permascope.net\/index.php\/wp-json\/wp\/v2\/pages"}],"about":[{"href":"https:\/\/permascope.net\/index.php\/wp-json\/wp\/v2\/types\/page"}],"author":[{"embeddable":true,"href":"https:\/\/permascope.net\/index.php\/wp-json\/wp\/v2\/users\/1"}],"replies":[{"embeddable":true,"href":"https:\/\/permascope.net\/index.php\/wp-json\/wp\/v2\/comments?post=937"}],"version-history":[{"count":127,"href":"https:\/\/permascope.net\/index.php\/wp-json\/wp\/v2\/pages\/937\/revisions"}],"predecessor-version":[{"id":7816,"href":"https:\/\/permascope.net\/index.php\/wp-json\/wp\/v2\/pages\/937\/revisions\/7816"}],"wp:featuredmedia":[{"embeddable":true,"href":"https:\/\/permascope.net\/index.php\/wp-json\/wp\/v2\/media\/205"}],"wp:attachment":[{"href":"https:\/\/permascope.net\/index.php\/wp-json\/wp\/v2\/media?parent=937"}],"curies":[{"name":"wp","href":"https:\/\/api.w.org\/{rel}","templated":true}]}}