{"id":597,"date":"2021-02-28T13:38:16","date_gmt":"2021-02-28T12:38:16","guid":{"rendered":"http:\/\/permascope.fr\/?page_id=597"},"modified":"2021-02-28T15:58:26","modified_gmt":"2021-02-28T14:58:26","slug":"le-mandala-de-construction-de-vision-commune","status":"publish","type":"page","link":"https:\/\/permascope.net\/index.php\/le-mandala-de-construction-de-vision-commune\/","title":{"rendered":"Le Mandala de Construction de Vision Commune"},"content":{"rendered":"\n<div class=\"wp-block-media-text alignwide\"><figure class=\"wp-block-media-text__media\"><img loading=\"lazy\" decoding=\"async\" width=\"1024\" height=\"576\" src=\"http:\/\/permascope.fr\/wp-content\/uploads\/2020\/05\/DSC_0047-1024x576.jpg\" alt=\"\" class=\"wp-image-302\" srcset=\"https:\/\/permascope.net\/wp-content\/uploads\/2020\/05\/DSC_0047-1024x576.jpg 1024w, https:\/\/permascope.net\/wp-content\/uploads\/2020\/05\/DSC_0047-300x169.jpg 300w, https:\/\/permascope.net\/wp-content\/uploads\/2020\/05\/DSC_0047-768x432.jpg 768w, https:\/\/permascope.net\/wp-content\/uploads\/2020\/05\/DSC_0047-1x1.jpg 1w, https:\/\/permascope.net\/wp-content\/uploads\/2020\/05\/DSC_0047.jpg 1280w\" sizes=\"auto, (max-width: 1024px) 100vw, 1024px\" \/><\/figure><div class=\"wp-block-media-text__content\">\n<p style=\"font-size:19px\">Le Mandala de construction de vision commune est un outil puissant propos\u00e9 et d\u00e9velopp\u00e9 par Robina Mac Curdy.<\/p>\n\n\n\n<p style=\"font-size:19px\">Cet outil permet \u00e0 un groupe, par le biais d&rsquo;un facilitateur, de se rencontrer, de connaitre et comprendre les d\u00e9sirs et besoins de chacun, sans se juger, de se confronter aux \u00e9ventuelles probl\u00e9matiques d&rsquo;opinion, d&rsquo;en trouver les issues et solutions, de cr\u00e9er une culture de groupe, une vision collective. <\/p>\n\n\n\n<p style=\"font-size:19px\">Le facilitateur, gr\u00e2ce \u00e0 son \u00e9coute et vision non engag\u00e9e dans le projet oriente, ouvre le regard et rythme le processus, afin de permettre au groupe de trouver un terrain favorable et cr\u00e9er des fondations solides pour le projet.<\/p>\n\n\n\n<p style=\"font-size:19px\">La construction de ce Mandala prends du temps et le processus est plus ou moins long. Il faudra plusieurs s\u00e9ances et\/ou immersions.<\/p>\n\n\n\n<p style=\"font-size:19px\">Une r\u00e9union d&rsquo;information pourra se faire au pr\u00e9alable afin d&rsquo;informer le groupe des points forts et du d\u00e9roulement du processus.<\/p>\n<\/div><\/div>\n\n\n\n<p class=\"has-text-align-center has-white-color has-text-color has-background\" style=\"font-size:19px;background-color:#4a8a88\"><strong>Ce projet vous int\u00e9resse?<\/strong><br>N&rsquo;h\u00e9sitez pas \u00e0 me contacter au<strong> 06.03.76.18.53<\/strong> ou <a href=\"mailto:permascope@gmail.com\"><strong>permascope@gmail.com<\/strong><\/a><\/p>\n\n\n\n<div class=\"wp-block-columns is-layout-flex wp-container-core-columns-is-layout-1 wp-block-columns-is-layout-flex\">\n<div class=\"wp-block-column is-layout-flow wp-block-column-is-layout-flow\" style=\"flex-basis:100%\"><\/div>\n\n\n\n<div class=\"wp-block-column is-layout-flow wp-block-column-is-layout-flow\" style=\"flex-basis:33.33%\">\n<div class=\"wp-block-buttons is-layout-flex wp-block-buttons-is-layout-flex\"><\/div>\n<\/div>\n<\/div>\n","protected":false},"excerpt":{"rendered":"<p>Le Mandala de construction de vision commune est un outil puissant propos\u00e9 et d\u00e9velopp\u00e9 par Robina Mac Curdy. Cet outil permet \u00e0 un groupe, par le biais d&rsquo;un facilitateur, de se rencontrer, de connaitre et comprendre les d\u00e9sirs et besoins de chacun, sans se juger, de se confronter aux \u00e9ventuelles probl\u00e9matiques d&rsquo;opinion, d&rsquo;en trouver les [&hellip;]<\/p>\n","protected":false},"author":1,"featured_media":0,"parent":0,"menu_order":0,"comment_status":"closed","ping_status":"closed","template":"template-full-width.php","meta":{"footnotes":""},"class_list":["post-597","page","type-page","status-publish","hentry"],"yoast_head":"<!-- This site is optimized with the Yoast SEO plugin v24.0 - https:\/\/yoast.com\/wordpress\/plugins\/seo\/ -->\n<title>Le Mandala de Construction de Vision Commune - Permascope<\/title>\n<meta name=\"robots\" content=\"index, follow, max-snippet:-1, max-image-preview:large, max-video-preview:-1\" \/>\n<link rel=\"canonical\" href=\"https:\/\/permascope.net\/index.php\/le-mandala-de-construction-de-vision-commune\/\" \/>\n<meta property=\"og:locale\" content=\"fr_FR\" \/>\n<meta property=\"og:type\" content=\"article\" \/>\n<meta property=\"og:title\" content=\"Le Mandala de Construction de Vision Commune - Permascope\" \/>\n<meta property=\"og:description\" content=\"Le Mandala de construction de vision commune est un outil puissant propos\u00e9 et d\u00e9velopp\u00e9 par Robina Mac Curdy. Cet outil permet \u00e0 un groupe, par le biais d&rsquo;un facilitateur, de se rencontrer, de connaitre et comprendre les d\u00e9sirs et besoins de chacun, sans se juger, de se confronter aux \u00e9ventuelles probl\u00e9matiques d&rsquo;opinion, d&rsquo;en trouver les [&hellip;]\" \/>\n<meta property=\"og:url\" content=\"https:\/\/permascope.net\/index.php\/le-mandala-de-construction-de-vision-commune\/\" \/>\n<meta property=\"og:site_name\" content=\"Permascope\" \/>\n<meta property=\"article:modified_time\" content=\"2021-02-28T14:58:26+00:00\" \/>\n<meta property=\"og:image\" content=\"http:\/\/permascope.fr\/wp-content\/uploads\/2020\/05\/DSC_0047-1024x576.jpg\" \/>\n<meta name=\"twitter:card\" content=\"summary_large_image\" \/>\n<meta name=\"twitter:label1\" content=\"Dur\u00e9e de lecture estim\u00e9e\" \/>\n\t<meta name=\"twitter:data1\" content=\"1 minute\" \/>\n<script type=\"application\/ld+json\" class=\"yoast-schema-graph\">{\"@context\":\"https:\/\/schema.org\",\"@graph\":[{\"@type\":\"WebPage\",\"@id\":\"https:\/\/permascope.net\/index.php\/le-mandala-de-construction-de-vision-commune\/\",\"url\":\"https:\/\/permascope.net\/index.php\/le-mandala-de-construction-de-vision-commune\/\",\"name\":\"Le Mandala de Construction de Vision Commune - Permascope\",\"isPartOf\":{\"@id\":\"https:\/\/permascope.net\/#website\"},\"primaryImageOfPage\":{\"@id\":\"https:\/\/permascope.net\/index.php\/le-mandala-de-construction-de-vision-commune\/#primaryimage\"},\"image\":{\"@id\":\"https:\/\/permascope.net\/index.php\/le-mandala-de-construction-de-vision-commune\/#primaryimage\"},\"thumbnailUrl\":\"http:\/\/permascope.fr\/wp-content\/uploads\/2020\/05\/DSC_0047-1024x576.jpg\",\"datePublished\":\"2021-02-28T12:38:16+00:00\",\"dateModified\":\"2021-02-28T14:58:26+00:00\",\"breadcrumb\":{\"@id\":\"https:\/\/permascope.net\/index.php\/le-mandala-de-construction-de-vision-commune\/#breadcrumb\"},\"inLanguage\":\"fr-FR\",\"potentialAction\":[{\"@type\":\"ReadAction\",\"target\":[\"https:\/\/permascope.net\/index.php\/le-mandala-de-construction-de-vision-commune\/\"]}]},{\"@type\":\"ImageObject\",\"inLanguage\":\"fr-FR\",\"@id\":\"https:\/\/permascope.net\/index.php\/le-mandala-de-construction-de-vision-commune\/#primaryimage\",\"url\":\"http:\/\/permascope.fr\/wp-content\/uploads\/2020\/05\/DSC_0047-1024x576.jpg\",\"contentUrl\":\"http:\/\/permascope.fr\/wp-content\/uploads\/2020\/05\/DSC_0047-1024x576.jpg\"},{\"@type\":\"BreadcrumbList\",\"@id\":\"https:\/\/permascope.net\/index.php\/le-mandala-de-construction-de-vision-commune\/#breadcrumb\",\"itemListElement\":[{\"@type\":\"ListItem\",\"position\":1,\"name\":\"Accueil\",\"item\":\"https:\/\/permascope.net\/\"},{\"@type\":\"ListItem\",\"position\":2,\"name\":\"Le Mandala de Construction de Vision Commune\"}]},{\"@type\":\"WebSite\",\"@id\":\"https:\/\/permascope.net\/#website\",\"url\":\"https:\/\/permascope.net\/\",\"name\":\"Permascope\",\"description\":\"la permaculture dans tous ses \u00e9tats\",\"publisher\":{\"@id\":\"https:\/\/permascope.net\/#organization\"},\"potentialAction\":[{\"@type\":\"SearchAction\",\"target\":{\"@type\":\"EntryPoint\",\"urlTemplate\":\"https:\/\/permascope.net\/?s={search_term_string}\"},\"query-input\":{\"@type\":\"PropertyValueSpecification\",\"valueRequired\":true,\"valueName\":\"search_term_string\"}}],\"inLanguage\":\"fr-FR\"},{\"@type\":\"Organization\",\"@id\":\"https:\/\/permascope.net\/#organization\",\"name\":\"Permascope\",\"url\":\"https:\/\/permascope.net\/\",\"logo\":{\"@type\":\"ImageObject\",\"inLanguage\":\"fr-FR\",\"@id\":\"https:\/\/permascope.net\/#\/schema\/logo\/image\/\",\"url\":\"https:\/\/permascope.net\/wp-content\/uploads\/2021\/02\/cropped-logo-site-big2.png\",\"contentUrl\":\"https:\/\/permascope.net\/wp-content\/uploads\/2021\/02\/cropped-logo-site-big2.png\",\"width\":240,\"height\":92,\"caption\":\"Permascope\"},\"image\":{\"@id\":\"https:\/\/permascope.net\/#\/schema\/logo\/image\/\"}}]}<\/script>\n<!-- \/ Yoast SEO plugin. -->","yoast_head_json":{"title":"Le Mandala de Construction de Vision Commune - Permascope","robots":{"index":"index","follow":"follow","max-snippet":"max-snippet:-1","max-image-preview":"max-image-preview:large","max-video-preview":"max-video-preview:-1"},"canonical":"https:\/\/permascope.net\/index.php\/le-mandala-de-construction-de-vision-commune\/","og_locale":"fr_FR","og_type":"article","og_title":"Le Mandala de Construction de Vision Commune - Permascope","og_description":"Le Mandala de construction de vision commune est un outil puissant propos\u00e9 et d\u00e9velopp\u00e9 par Robina Mac Curdy. Cet outil permet \u00e0 un groupe, par le biais d&rsquo;un facilitateur, de se rencontrer, de connaitre et comprendre les d\u00e9sirs et besoins de chacun, sans se juger, de se confronter aux \u00e9ventuelles probl\u00e9matiques d&rsquo;opinion, d&rsquo;en trouver les [&hellip;]","og_url":"https:\/\/permascope.net\/index.php\/le-mandala-de-construction-de-vision-commune\/","og_site_name":"Permascope","article_modified_time":"2021-02-28T14:58:26+00:00","og_image":[{"url":"http:\/\/permascope.fr\/wp-content\/uploads\/2020\/05\/DSC_0047-1024x576.jpg","type":"","width":"","height":""}],"twitter_card":"summary_large_image","twitter_misc":{"Dur\u00e9e de lecture estim\u00e9e":"1 minute"},"schema":{"@context":"https:\/\/schema.org","@graph":[{"@type":"WebPage","@id":"https:\/\/permascope.net\/index.php\/le-mandala-de-construction-de-vision-commune\/","url":"https:\/\/permascope.net\/index.php\/le-mandala-de-construction-de-vision-commune\/","name":"Le Mandala de Construction de Vision Commune - Permascope","isPartOf":{"@id":"https:\/\/permascope.net\/#website"},"primaryImageOfPage":{"@id":"https:\/\/permascope.net\/index.php\/le-mandala-de-construction-de-vision-commune\/#primaryimage"},"image":{"@id":"https:\/\/permascope.net\/index.php\/le-mandala-de-construction-de-vision-commune\/#primaryimage"},"thumbnailUrl":"http:\/\/permascope.fr\/wp-content\/uploads\/2020\/05\/DSC_0047-1024x576.jpg","datePublished":"2021-02-28T12:38:16+00:00","dateModified":"2021-02-28T14:58:26+00:00","breadcrumb":{"@id":"https:\/\/permascope.net\/index.php\/le-mandala-de-construction-de-vision-commune\/#breadcrumb"},"inLanguage":"fr-FR","potentialAction":[{"@type":"ReadAction","target":["https:\/\/permascope.net\/index.php\/le-mandala-de-construction-de-vision-commune\/"]}]},{"@type":"ImageObject","inLanguage":"fr-FR","@id":"https:\/\/permascope.net\/index.php\/le-mandala-de-construction-de-vision-commune\/#primaryimage","url":"http:\/\/permascope.fr\/wp-content\/uploads\/2020\/05\/DSC_0047-1024x576.jpg","contentUrl":"http:\/\/permascope.fr\/wp-content\/uploads\/2020\/05\/DSC_0047-1024x576.jpg"},{"@type":"BreadcrumbList","@id":"https:\/\/permascope.net\/index.php\/le-mandala-de-construction-de-vision-commune\/#breadcrumb","itemListElement":[{"@type":"ListItem","position":1,"name":"Accueil","item":"https:\/\/permascope.net\/"},{"@type":"ListItem","position":2,"name":"Le Mandala de Construction de Vision Commune"}]},{"@type":"WebSite","@id":"https:\/\/permascope.net\/#website","url":"https:\/\/permascope.net\/","name":"Permascope","description":"la permaculture dans tous ses \u00e9tats","publisher":{"@id":"https:\/\/permascope.net\/#organization"},"potentialAction":[{"@type":"SearchAction","target":{"@type":"EntryPoint","urlTemplate":"https:\/\/permascope.net\/?s={search_term_string}"},"query-input":{"@type":"PropertyValueSpecification","valueRequired":true,"valueName":"search_term_string"}}],"inLanguage":"fr-FR"},{"@type":"Organization","@id":"https:\/\/permascope.net\/#organization","name":"Permascope","url":"https:\/\/permascope.net\/","logo":{"@type":"ImageObject","inLanguage":"fr-FR","@id":"https:\/\/permascope.net\/#\/schema\/logo\/image\/","url":"https:\/\/permascope.net\/wp-content\/uploads\/2021\/02\/cropped-logo-site-big2.png","contentUrl":"https:\/\/permascope.net\/wp-content\/uploads\/2021\/02\/cropped-logo-site-big2.png","width":240,"height":92,"caption":"Permascope"},"image":{"@id":"https:\/\/permascope.net\/#\/schema\/logo\/image\/"}}]}},"_links":{"self":[{"href":"https:\/\/permascope.net\/index.php\/wp-json\/wp\/v2\/pages\/597","targetHints":{"allow":["GET"]}}],"collection":[{"href":"https:\/\/permascope.net\/index.php\/wp-json\/wp\/v2\/pages"}],"about":[{"href":"https:\/\/permascope.net\/index.php\/wp-json\/wp\/v2\/types\/page"}],"author":[{"embeddable":true,"href":"https:\/\/permascope.net\/index.php\/wp-json\/wp\/v2\/users\/1"}],"replies":[{"embeddable":true,"href":"https:\/\/permascope.net\/index.php\/wp-json\/wp\/v2\/comments?post=597"}],"version-history":[{"count":9,"href":"https:\/\/permascope.net\/index.php\/wp-json\/wp\/v2\/pages\/597\/revisions"}],"predecessor-version":[{"id":718,"href":"https:\/\/permascope.net\/index.php\/wp-json\/wp\/v2\/pages\/597\/revisions\/718"}],"wp:attachment":[{"href":"https:\/\/permascope.net\/index.php\/wp-json\/wp\/v2\/media?parent=597"}],"curies":[{"name":"wp","href":"https:\/\/api.w.org\/{rel}","templated":true}]}}