{"id":4289,"date":"2023-04-07T18:41:48","date_gmt":"2023-04-07T16:41:48","guid":{"rendered":"https:\/\/permascope.fr\/?page_id=4289"},"modified":"2025-09-30T14:04:11","modified_gmt":"2025-09-30T12:04:11","slug":"diagnostics","status":"publish","type":"page","link":"https:\/\/permascope.net\/index.php\/diagnostics\/","title":{"rendered":"diagnostic de sites"},"content":{"rendered":"<div class=\"wpb-content-wrapper\"><p>[vc_row css=\u00a0\u00bb.vc_custom_1727180656635{margin-bottom: 50px !important;}\u00a0\u00bb][vc_column]\n\t\t\t\t<p class=\"rs-p-wp-fix\"><\/p>\n\t\t\t\t<sr7-module data-alias=\"projets-realises-1\" data-id=\"11\" id=\"SR7_11_1\" class=\"rs-ov-hidden\" data-version=\"6.7.15\">\n\t\t\t\t\t<sr7-adjuster><\/sr7-adjuster>\n\t\t\t\t\t<sr7-content>\n\t\t\t\t\t\t<sr7-slide id=\"SR7_11_1-21STR1\" data-key=\"21STR1\">\n\t\t\t\t\t\t\t<sr7-txt id=\"SR7_11_1-21STR1-1\" class=\"sr7-layer\">diagnostic de sites<\/sr7-txt>\n\t\t\t\t\t\t\t<sr7-txt id=\"SR7_11_1-21STR1-7\" class=\"sr7-layer\"><a href=\"\" class=\"nocolor\">Accueil<\/a> \u00bb diagnostic de sites<\/sr7-txt>\n\t\t\t\t\t\t<\/sr7-slide>\n\t\t\t\t\t\t<sr7-slide id=\"SR7_11_1-22\" data-key=\"22\">\n\t\t\t\t\t\t<\/sr7-slide>\n\t\t\t\t\t<\/sr7-content>\n\t\t\t\t\t<image_lists style=\"display:none\">\n\t\t\t\t\t\t<img data-src=\"\/\/permascope.net\/wp-content\/uploads\/2021\/02\/RIMG2041-scaled.jpg\" data-libid=\"508\" data-lib=\"medialibrary\" title=\"RIMG2041\" width=\"0\" height=\"0\" data-dbsrc=\"Ly9wZXJtYXNjb3BlLm5ldC93cC1jb250ZW50L3VwbG9hZHMvMjAyMS8wMi9SSU1HMjA0MS1zY2FsZWQuanBn\"\/>\n\t\t\t\t\t<\/image_lists>\n\t\t\t\t<\/sr7-module>\n\t\t\t\t<script>\n\t\t\t\t\tSR7.PMH ??={}; SR7.PMH[\"SR7_11_1\"] = {cn:0,state:false,fn: function() { if (_tpt!==undefined && _tpt.prepareModuleHeight !== undefined) {  _tpt.prepareModuleHeight({id:\"SR7_11_1\",el:[400,400,768,960,720],type:'hero',shdw:'0',gh:[400,400,205,156,96],gw:[2000,2000,1024,778,480],vpt:['100px'],size:{fullWidth:true, fullHeight:false},mh:'0',onh:0,onw:0,bg:{color:'{\"orig\":\"transparent\",\"type\":\"solid\",\"string\":\"transparent\"}'}});   SR7.PMH[\"SR7_11_1\"].state=true;} else if((SR7.PMH[\"SR7_11_1\"].cn++)<100)\tsetTimeout( SR7.PMH[\"SR7_11_1\"].fn,19);}};SR7.PMH[\"SR7_11_1\" ].fn();\n\t\t\t\t<\/script>\n[\/vc_column][\/vc_row][vc_row][vc_column width=\u00a0\u00bb1\/2&Prime;][vc_column_text css=\u00a0\u00bb\u00a0\u00bb]Un diagnostic de site ou une pr\u00e9conception sont les premi\u00e8res \u00e9tapes de conception de site .<\/p>\n<p>Ces \u00e9tapes fondamentales permettent de collecter un maximum d&rsquo;informations n\u00e9cessaires \u00e0 une conception ou encore de percevoir les \u00e9l\u00e9ments permettant de donner une direction au projet.<\/p>\n<p>Vous trouverez ci dessous quelques diagnostics, pr\u00e9-\u00e9tudes ou pr\u00e9conceptions de sites .<\/p>\n<p>Afin de r\u00e9aliser une conception compl\u00e8te ces \u00e9tudes n\u00e9cessitent un approfondissement des donn\u00e9es socio \u00e9conomiques permettant de donner une dimension de viabilit\u00e9 de projet.<\/p>\n<p>Toutefois , les informations collect\u00e9es durant le diagnostic ou pr\u00e9-\u00e9tude offrent un bon d\u00e9part de transition de projet.<\/p>\n<p>&nbsp;<\/p>\n<p>&nbsp;<\/p>\n<h2><strong>Le permacol -Marignac- Dr\u00f4me.<\/strong><\/h2>\n<p>Ce diagnostic sur une parcelle de site permet de visualiser assez rapidement les possibles. ce projet a \u00e9t\u00e9 r\u00e9alis\u00e9 dans le but de cr\u00e9er un protocole d&rsquo;\u00e9tude pour une association.<\/p>\n<p><a href=\"https:\/\/permascope.net\/wp-content\/uploads\/2023\/11\/diag-sol-permacol-final.pdf\"><span style=\"color: #339966;\"><strong>Acc\u00e8s au dossier ici<\/strong><\/span><\/a><\/p>\n<p><img loading=\"lazy\" decoding=\"async\" class=\"alignleft size-medium wp-image-11237\" src=\"https:\/\/permascope.net\/wp-content\/uploads\/2025\/09\/Capture-decran-2025-09-30-a-14.02.46-300x75.png\" alt=\"\" width=\"300\" height=\"75\" srcset=\"https:\/\/permascope.net\/wp-content\/uploads\/2025\/09\/Capture-decran-2025-09-30-a-14.02.46-300x75.png 300w, https:\/\/permascope.net\/wp-content\/uploads\/2025\/09\/Capture-decran-2025-09-30-a-14.02.46-1024x255.png 1024w, https:\/\/permascope.net\/wp-content\/uploads\/2025\/09\/Capture-decran-2025-09-30-a-14.02.46-768x191.png 768w, https:\/\/permascope.net\/wp-content\/uploads\/2025\/09\/Capture-decran-2025-09-30-a-14.02.46-1536x383.png 1536w, https:\/\/permascope.net\/wp-content\/uploads\/2025\/09\/Capture-decran-2025-09-30-a-14.02.46-2048x510.png 2048w, https:\/\/permascope.net\/wp-content\/uploads\/2025\/09\/Capture-decran-2025-09-30-a-14.02.46-1x1.png 1w\" sizes=\"auto, (max-width: 300px) 100vw, 300px\" \/>[\/vc_column_text][\/vc_column][vc_column width=\u00a0\u00bb1\/2&Prime;][vc_column_text css=\u00a0\u00bb\u00a0\u00bb]<\/p>\n<h2><strong>Lecture de terrain &#8211; Les Anglars &#8211; 2025\u00a0<\/strong><\/h2>\n<p>Cette lecture de terrain a \u00e9t\u00e9 effectu\u00e9e pour un particulier souhaitant am\u00e9nager ses parcelles avec une photo \u00e9puration et d&rsquo;autres usages relatifs \u00e0 l&rsquo;eau. Elle a \u00e9t\u00e9 r\u00e9alis\u00e9e exclusivement gr\u00e2ce \u00e0 des outils num\u00e9riques et \u00e0 distance. cette \u00e9tude doit \u00eatre approfondie avec des relev\u00e9s de terrain in situ.<\/p>\n<p>Il est essentiel dans la conception d&rsquo;un lieu de bien connaitre les cheminements de l&rsquo;eau afin de b\u00e9n\u00e9ficier un maximum de cette ressource. La lecture des ruissellements permet la r\u00e9alisation d&rsquo;ouvrages permettant de ralentir, r\u00e9partir et infiltrer l&rsquo;eau et est une \u00e9tape essentielle \u00e0 la conception de tout projet<\/p>\n<p>Ce processus s&rsquo;inscrit dans une future conception du lieu.<\/p>\n<p><strong><span style=\"color: #339966;\"><a style=\"color: #339966;\" href=\"https:\/\/permascope.net\/wp-content\/uploads\/2025\/09\/lecture-terrain-viviane-copie.pdf\">lien vers le document\u00a0<\/a><\/span><\/strong><\/p>\n<p><img loading=\"lazy\" decoding=\"async\" class=\"alignleft size-medium wp-image-11233\" src=\"https:\/\/permascope.net\/wp-content\/uploads\/2025\/09\/Capture-decran-2025-09-30-a-13.49.05-300x162.png\" alt=\"\" width=\"300\" height=\"162\" srcset=\"https:\/\/permascope.net\/wp-content\/uploads\/2025\/09\/Capture-decran-2025-09-30-a-13.49.05-300x162.png 300w, https:\/\/permascope.net\/wp-content\/uploads\/2025\/09\/Capture-decran-2025-09-30-a-13.49.05-1024x552.png 1024w, https:\/\/permascope.net\/wp-content\/uploads\/2025\/09\/Capture-decran-2025-09-30-a-13.49.05-768x414.png 768w, https:\/\/permascope.net\/wp-content\/uploads\/2025\/09\/Capture-decran-2025-09-30-a-13.49.05-1x1.png 1w, https:\/\/permascope.net\/wp-content\/uploads\/2025\/09\/Capture-decran-2025-09-30-a-13.49.05.png 1102w\" sizes=\"auto, (max-width: 300px) 100vw, 300px\" \/>[\/vc_column_text][\/vc_column][\/vc_row]<\/p>\n<\/div>","protected":false},"excerpt":{"rendered":"<p>[vc_row css=\u00a0\u00bb.vc_custom_1727180656635{margin-bottom: 50px !important;}\u00a0\u00bb][vc_column][\/vc_column][\/vc_row][vc_row][vc_column width=\u00a0\u00bb1\/2&Prime;][vc_column_text css=\u00a0\u00bb\u00a0\u00bb]Un diagnostic de site ou une pr\u00e9conception sont les premi\u00e8res \u00e9tapes de conception de site . Ces \u00e9tapes fondamentales permettent de collecter un maximum d&rsquo;informations n\u00e9cessaires \u00e0 une conception ou encore de percevoir les \u00e9l\u00e9ments permettant de donner une direction au projet. Vous trouverez ci dessous quelques diagnostics, pr\u00e9-\u00e9tudes ou [&hellip;]<\/p>\n","protected":false},"author":1,"featured_media":0,"parent":0,"menu_order":0,"comment_status":"closed","ping_status":"closed","template":"","meta":{"footnotes":""},"class_list":["post-4289","page","type-page","status-publish","hentry"],"yoast_head":"<!-- This site is optimized with the Yoast SEO plugin v24.0 - https:\/\/yoast.com\/wordpress\/plugins\/seo\/ -->\n<title>diagnostic de sites - Permascope<\/title>\n<meta name=\"robots\" content=\"index, follow, max-snippet:-1, max-image-preview:large, max-video-preview:-1\" \/>\n<link rel=\"canonical\" href=\"https:\/\/permascope.net\/index.php\/diagnostics\/\" \/>\n<meta property=\"og:locale\" content=\"fr_FR\" \/>\n<meta property=\"og:type\" content=\"article\" \/>\n<meta property=\"og:title\" content=\"diagnostic de sites - Permascope\" \/>\n<meta property=\"og:description\" content=\"[vc_row css=\u00a0\u00bb.vc_custom_1727180656635{margin-bottom: 50px !important;}\u00a0\u00bb][vc_column][\/vc_column][\/vc_row][vc_row][vc_column width=\u00a0\u00bb1\/2&Prime;][vc_column_text css=\u00a0\u00bb\u00a0\u00bb]Un diagnostic de site ou une pr\u00e9conception sont les premi\u00e8res \u00e9tapes de conception de site . Ces \u00e9tapes fondamentales permettent de collecter un maximum d&rsquo;informations n\u00e9cessaires \u00e0 une conception ou encore de percevoir les \u00e9l\u00e9ments permettant de donner une direction au projet. Vous trouverez ci dessous quelques diagnostics, pr\u00e9-\u00e9tudes ou [&hellip;]\" \/>\n<meta property=\"og:url\" content=\"https:\/\/permascope.net\/index.php\/diagnostics\/\" \/>\n<meta property=\"og:site_name\" content=\"Permascope\" \/>\n<meta property=\"article:modified_time\" content=\"2025-09-30T12:04:11+00:00\" \/>\n<meta property=\"og:image\" content=\"https:\/\/permascope.net\/wp-content\/uploads\/2025\/09\/Capture-decran-2025-09-30-a-14.02.46.png\" \/>\n\t<meta property=\"og:image:width\" content=\"2088\" \/>\n\t<meta property=\"og:image:height\" content=\"520\" \/>\n\t<meta property=\"og:image:type\" content=\"image\/png\" \/>\n<meta name=\"twitter:card\" content=\"summary_large_image\" \/>\n<meta name=\"twitter:label1\" content=\"Dur\u00e9e de lecture estim\u00e9e\" \/>\n\t<meta name=\"twitter:data1\" content=\"2 minutes\" \/>\n<script type=\"application\/ld+json\" class=\"yoast-schema-graph\">{\"@context\":\"https:\/\/schema.org\",\"@graph\":[{\"@type\":\"WebPage\",\"@id\":\"https:\/\/permascope.net\/index.php\/diagnostics\/\",\"url\":\"https:\/\/permascope.net\/index.php\/diagnostics\/\",\"name\":\"diagnostic de sites - Permascope\",\"isPartOf\":{\"@id\":\"https:\/\/permascope.net\/#website\"},\"primaryImageOfPage\":{\"@id\":\"https:\/\/permascope.net\/index.php\/diagnostics\/#primaryimage\"},\"image\":{\"@id\":\"https:\/\/permascope.net\/index.php\/diagnostics\/#primaryimage\"},\"thumbnailUrl\":\"https:\/\/permascope.net\/wp-content\/uploads\/2025\/09\/Capture-decran-2025-09-30-a-14.02.46-300x75.png\",\"datePublished\":\"2023-04-07T16:41:48+00:00\",\"dateModified\":\"2025-09-30T12:04:11+00:00\",\"breadcrumb\":{\"@id\":\"https:\/\/permascope.net\/index.php\/diagnostics\/#breadcrumb\"},\"inLanguage\":\"fr-FR\",\"potentialAction\":[{\"@type\":\"ReadAction\",\"target\":[\"https:\/\/permascope.net\/index.php\/diagnostics\/\"]}]},{\"@type\":\"ImageObject\",\"inLanguage\":\"fr-FR\",\"@id\":\"https:\/\/permascope.net\/index.php\/diagnostics\/#primaryimage\",\"url\":\"https:\/\/permascope.net\/wp-content\/uploads\/2025\/09\/Capture-decran-2025-09-30-a-14.02.46.png\",\"contentUrl\":\"https:\/\/permascope.net\/wp-content\/uploads\/2025\/09\/Capture-decran-2025-09-30-a-14.02.46.png\",\"width\":2088,\"height\":520},{\"@type\":\"BreadcrumbList\",\"@id\":\"https:\/\/permascope.net\/index.php\/diagnostics\/#breadcrumb\",\"itemListElement\":[{\"@type\":\"ListItem\",\"position\":1,\"name\":\"Accueil\",\"item\":\"https:\/\/permascope.net\/\"},{\"@type\":\"ListItem\",\"position\":2,\"name\":\"diagnostic de sites\"}]},{\"@type\":\"WebSite\",\"@id\":\"https:\/\/permascope.net\/#website\",\"url\":\"https:\/\/permascope.net\/\",\"name\":\"Permascope\",\"description\":\"la permaculture dans tous ses \u00e9tats\",\"publisher\":{\"@id\":\"https:\/\/permascope.net\/#organization\"},\"potentialAction\":[{\"@type\":\"SearchAction\",\"target\":{\"@type\":\"EntryPoint\",\"urlTemplate\":\"https:\/\/permascope.net\/?s={search_term_string}\"},\"query-input\":{\"@type\":\"PropertyValueSpecification\",\"valueRequired\":true,\"valueName\":\"search_term_string\"}}],\"inLanguage\":\"fr-FR\"},{\"@type\":\"Organization\",\"@id\":\"https:\/\/permascope.net\/#organization\",\"name\":\"Permascope\",\"url\":\"https:\/\/permascope.net\/\",\"logo\":{\"@type\":\"ImageObject\",\"inLanguage\":\"fr-FR\",\"@id\":\"https:\/\/permascope.net\/#\/schema\/logo\/image\/\",\"url\":\"https:\/\/permascope.net\/wp-content\/uploads\/2021\/02\/cropped-logo-site-big2.png\",\"contentUrl\":\"https:\/\/permascope.net\/wp-content\/uploads\/2021\/02\/cropped-logo-site-big2.png\",\"width\":240,\"height\":92,\"caption\":\"Permascope\"},\"image\":{\"@id\":\"https:\/\/permascope.net\/#\/schema\/logo\/image\/\"}}]}<\/script>\n<!-- \/ Yoast SEO plugin. -->","yoast_head_json":{"title":"diagnostic de sites - Permascope","robots":{"index":"index","follow":"follow","max-snippet":"max-snippet:-1","max-image-preview":"max-image-preview:large","max-video-preview":"max-video-preview:-1"},"canonical":"https:\/\/permascope.net\/index.php\/diagnostics\/","og_locale":"fr_FR","og_type":"article","og_title":"diagnostic de sites - Permascope","og_description":"[vc_row css=\u00a0\u00bb.vc_custom_1727180656635{margin-bottom: 50px !important;}\u00a0\u00bb][vc_column][\/vc_column][\/vc_row][vc_row][vc_column width=\u00a0\u00bb1\/2&Prime;][vc_column_text css=\u00a0\u00bb\u00a0\u00bb]Un diagnostic de site ou une pr\u00e9conception sont les premi\u00e8res \u00e9tapes de conception de site . Ces \u00e9tapes fondamentales permettent de collecter un maximum d&rsquo;informations n\u00e9cessaires \u00e0 une conception ou encore de percevoir les \u00e9l\u00e9ments permettant de donner une direction au projet. Vous trouverez ci dessous quelques diagnostics, pr\u00e9-\u00e9tudes ou [&hellip;]","og_url":"https:\/\/permascope.net\/index.php\/diagnostics\/","og_site_name":"Permascope","article_modified_time":"2025-09-30T12:04:11+00:00","og_image":[{"width":2088,"height":520,"url":"https:\/\/permascope.net\/wp-content\/uploads\/2025\/09\/Capture-decran-2025-09-30-a-14.02.46.png","type":"image\/png"}],"twitter_card":"summary_large_image","twitter_misc":{"Dur\u00e9e de lecture estim\u00e9e":"2 minutes"},"schema":{"@context":"https:\/\/schema.org","@graph":[{"@type":"WebPage","@id":"https:\/\/permascope.net\/index.php\/diagnostics\/","url":"https:\/\/permascope.net\/index.php\/diagnostics\/","name":"diagnostic de sites - Permascope","isPartOf":{"@id":"https:\/\/permascope.net\/#website"},"primaryImageOfPage":{"@id":"https:\/\/permascope.net\/index.php\/diagnostics\/#primaryimage"},"image":{"@id":"https:\/\/permascope.net\/index.php\/diagnostics\/#primaryimage"},"thumbnailUrl":"https:\/\/permascope.net\/wp-content\/uploads\/2025\/09\/Capture-decran-2025-09-30-a-14.02.46-300x75.png","datePublished":"2023-04-07T16:41:48+00:00","dateModified":"2025-09-30T12:04:11+00:00","breadcrumb":{"@id":"https:\/\/permascope.net\/index.php\/diagnostics\/#breadcrumb"},"inLanguage":"fr-FR","potentialAction":[{"@type":"ReadAction","target":["https:\/\/permascope.net\/index.php\/diagnostics\/"]}]},{"@type":"ImageObject","inLanguage":"fr-FR","@id":"https:\/\/permascope.net\/index.php\/diagnostics\/#primaryimage","url":"https:\/\/permascope.net\/wp-content\/uploads\/2025\/09\/Capture-decran-2025-09-30-a-14.02.46.png","contentUrl":"https:\/\/permascope.net\/wp-content\/uploads\/2025\/09\/Capture-decran-2025-09-30-a-14.02.46.png","width":2088,"height":520},{"@type":"BreadcrumbList","@id":"https:\/\/permascope.net\/index.php\/diagnostics\/#breadcrumb","itemListElement":[{"@type":"ListItem","position":1,"name":"Accueil","item":"https:\/\/permascope.net\/"},{"@type":"ListItem","position":2,"name":"diagnostic de sites"}]},{"@type":"WebSite","@id":"https:\/\/permascope.net\/#website","url":"https:\/\/permascope.net\/","name":"Permascope","description":"la permaculture dans tous ses \u00e9tats","publisher":{"@id":"https:\/\/permascope.net\/#organization"},"potentialAction":[{"@type":"SearchAction","target":{"@type":"EntryPoint","urlTemplate":"https:\/\/permascope.net\/?s={search_term_string}"},"query-input":{"@type":"PropertyValueSpecification","valueRequired":true,"valueName":"search_term_string"}}],"inLanguage":"fr-FR"},{"@type":"Organization","@id":"https:\/\/permascope.net\/#organization","name":"Permascope","url":"https:\/\/permascope.net\/","logo":{"@type":"ImageObject","inLanguage":"fr-FR","@id":"https:\/\/permascope.net\/#\/schema\/logo\/image\/","url":"https:\/\/permascope.net\/wp-content\/uploads\/2021\/02\/cropped-logo-site-big2.png","contentUrl":"https:\/\/permascope.net\/wp-content\/uploads\/2021\/02\/cropped-logo-site-big2.png","width":240,"height":92,"caption":"Permascope"},"image":{"@id":"https:\/\/permascope.net\/#\/schema\/logo\/image\/"}}]}},"_links":{"self":[{"href":"https:\/\/permascope.net\/index.php\/wp-json\/wp\/v2\/pages\/4289","targetHints":{"allow":["GET"]}}],"collection":[{"href":"https:\/\/permascope.net\/index.php\/wp-json\/wp\/v2\/pages"}],"about":[{"href":"https:\/\/permascope.net\/index.php\/wp-json\/wp\/v2\/types\/page"}],"author":[{"embeddable":true,"href":"https:\/\/permascope.net\/index.php\/wp-json\/wp\/v2\/users\/1"}],"replies":[{"embeddable":true,"href":"https:\/\/permascope.net\/index.php\/wp-json\/wp\/v2\/comments?post=4289"}],"version-history":[{"count":16,"href":"https:\/\/permascope.net\/index.php\/wp-json\/wp\/v2\/pages\/4289\/revisions"}],"predecessor-version":[{"id":11238,"href":"https:\/\/permascope.net\/index.php\/wp-json\/wp\/v2\/pages\/4289\/revisions\/11238"}],"wp:attachment":[{"href":"https:\/\/permascope.net\/index.php\/wp-json\/wp\/v2\/media?parent=4289"}],"curies":[{"name":"wp","href":"https:\/\/api.w.org\/{rel}","templated":true}]}}