{"id":4236,"date":"2023-04-06T17:41:18","date_gmt":"2023-04-06T15:41:18","guid":{"rendered":"https:\/\/permascope.fr\/?page_id=4236"},"modified":"2024-08-09T22:34:53","modified_gmt":"2024-08-09T20:34:53","slug":"partenaires-reseau","status":"publish","type":"page","link":"https:\/\/permascope.net\/index.php\/partenaires-reseau\/","title":{"rendered":"partenaires r\u00e9seau"},"content":{"rendered":"<div class=\"wpb-content-wrapper\"><p>[vc_row][vc_column][vc_column_text]Pour compl\u00e9ter le champ des ressources, notre r\u00e9seau de partenaires et amis permet d&rsquo;envisager le changement sous un spectre plus large que celui que nous proposons, diversifiant ainsi les possibles.<\/p>\n<p>Vous trouverez une communaut\u00e9 d&rsquo;acteurs dans le soin au vivant sous toutes ses formes , des plus concr\u00e8tes aux plus abstraites.<\/p>\n<p>Les personnes derri\u00e8res ces sites sont des passionn\u00e9-e-s engag\u00e9-e-s dans chacune de leurs pratiques afin de rendre nos conditions sur terre plus soutenables et \u00e9clair\u00e9es.[\/vc_column_text][\/vc_column][\/vc_row][vc_row][vc_column width=\u00a0\u00bb1\/6&Prime;][\/vc_column][vc_column width=\u00a0\u00bb2\/3&Prime;][vc_hoverbox image=\u00a0\u00bb4253&Prime; primary_title=\u00a0\u00bb\u00a0\u00bb hover_title=\u00a0\u00bbLes pionniers de la Permaculture\u00a0\u00bb hover_background_color=\u00a0\u00bbcustom\u00a0\u00bb hover_btn_title=\u00a0\u00bbLa Messicole.fr\u00a0\u00bb hover_btn_color=\u00a0\u00bbwhite\u00a0\u00bb hover_add_button=\u00a0\u00bbtrue\u00a0\u00bb hover_custom_background=\u00a0\u00bb#dd0606&Prime; hover_btn_link=\u00a0\u00bburl:https%3A%2F%2Fwww.messicole.fr\u00a0\u00bb css=\u00a0\u00bb.vc_custom_1723235637358{margin-bottom: 15px !important;}\u00a0\u00bb]<span style=\"color: #ffffff;\">Le centre de formation en permaculture de la messicole, pluriculturel, vous accueille pour vous former \u00e0 la permaculture avec diff\u00e9rents formats p\u00e9dagogiques, et vous propose divers h\u00e9bergements ainsi qu&rsquo;un caf\u00e9 culturel en Ard\u00e8che dans un superbe \u00e9crin de nature.<\/span>[\/vc_hoverbox][vc_hoverbox image=\u00a0\u00bb4242&Prime; primary_title=\u00a0\u00bb\u00a0\u00bb hover_title=\u00a0\u00bbAvec flo la pro des abeilles\u00a0\u00bb hover_background_color=\u00a0\u00bbchino\u00a0\u00bb hover_btn_title=\u00a0\u00bbL&rsquo;abeille Permacole.fr\u00a0\u00bb hover_btn_style=\u00a0\u00bboutline\u00a0\u00bb hover_btn_color=\u00a0\u00bbwarning\u00a0\u00bb hover_add_button=\u00a0\u00bbtrue\u00a0\u00bb hover_btn_link=\u00a0\u00bburl:https%3A%2F%2Flabeillepermacole.fr%2F\u00a0\u00bb css=\u00a0\u00bb.vc_custom_1723235661637{margin-bottom: 15px !important;}\u00a0\u00bb]Florence, passionn\u00e9e des abeilles vous invite \u00e0 travers ses conf\u00e9rences et ateliers \u00e0 faire connaissance avec la fragilit\u00e9 et la splendeur du monde des abeilles.[\/vc_hoverbox][vc_hoverbox image=\u00a0\u00bb4255&Prime; primary_title=\u00a0\u00bb\u00a0\u00bb hover_title=\u00a0\u00bbLa g\u00e9obio avec Bruno et son \u00e9quipe\u00a0\u00bb hover_background_color=\u00a0\u00bbchino\u00a0\u00bb hover_btn_title=\u00a0\u00bbG\u00e9obiologie.fr\u00a0\u00bb hover_btn_color=\u00a0\u00bbturquoise\u00a0\u00bb hover_add_button=\u00a0\u00bbtrue\u00a0\u00bb hover_btn_link=\u00a0\u00bburl:https%3A%2F%2Fwww.geobiologie.fr\u00a0\u00bb css=\u00a0\u00bb.vc_custom_1723235668427{margin-bottom: 15px !important;}\u00a0\u00bb]G\u00e9pobiologie.fr, une \u00e9quipe de professionnels au service de la sant\u00e9 de l&rsquo;habitat gr\u00e2ce \u00e0 une approche sensible et scientifique des aspects du vivant<\/p>\n<p>La g\u00e9obio avec Bruno et son \u00e9quipe[\/vc_hoverbox][vc_hoverbox image=\u00a0\u00bb7442&Prime; primary_title=\u00a0\u00bb\u00a0\u00bb hover_title=\u00a0\u00bbCodyter\u00a0\u00bb hover_background_color=\u00a0\u00bbchino\u00a0\u00bb hover_btn_title=\u00a0\u00bbhttps:\/\/codyter.org\/\u00a0\u00bb hover_btn_style=\u00a0\u00bboutline\u00a0\u00bb hover_add_button=\u00a0\u00bbtrue\u00a0\u00bb hover_btn_link=\u00a0\u00bburl:https%3A%2F%2Fcodyter.org%2F\u00a0\u00bb css=\u00a0\u00bb.vc_custom_1723235675798{margin-bottom: 15px !important;}\u00a0\u00bb]L&rsquo;objectif de Codyter est de sensibiliser sur l\u2019eau et la biodiversit\u00e9, d\u2019agir ENSEMBLE pour changer nos pratiques et d\u2019encourager la cr\u00e9ation de projets agro-\u00e9conomiques innovants.[\/vc_hoverbox][vc_hoverbox image=\u00a0\u00bb4251&Prime; primary_title=\u00a0\u00bb\u00a0\u00bb hover_title=\u00a0\u00bbPieds de hobbit, d\u00e9veloppeur web\u00a0\u00bb hover_background_color=\u00a0\u00bbchino\u00a0\u00bb hover_btn_title=\u00a0\u00bbPieds de Hobbit.com\u00a0\u00bb hover_btn_style=\u00a0\u00bboutline\u00a0\u00bb hover_add_button=\u00a0\u00bbtrue\u00a0\u00bb hover_btn_link=\u00a0\u00bburl:https%3A%2F%2Fwww.piedsdehobbit.com%2F\u00a0\u00bb css=\u00a0\u00bb.vc_custom_1723235683038{margin-bottom: 15px !important;}\u00a0\u00bb]Geek permacole, Ben est un passionn\u00e9 de permaculture et d&rsquo;informatique \u00e9thique.[\/vc_hoverbox][vc_hoverbox image=\u00a0\u00bb7451&Prime; primary_title=\u00a0\u00bb\u00a0\u00bb hover_title=\u00a0\u00bbSarah dans toutes ses dimensions\u00a0\u00bb hover_background_color=\u00a0\u00bbchino\u00a0\u00bb hover_btn_title=\u00a0\u00bbMise au Vert\u00a0\u00bb hover_btn_style=\u00a0\u00bboutline\u00a0\u00bb hover_add_button=\u00a0\u00bbtrue\u00a0\u00bb hover_btn_link=\u00a0\u00bburl:http%3A%2F%2Fmise-au-vert.org\u00a0\u00bb css=\u00a0\u00bb.vc_custom_1723235690264{margin-bottom: 15px !important;}\u00a0\u00bb]Sarah , sur son blog vous propose un panel d&rsquo;outils et de recettes pour vous accompagner dans votre transition[\/vc_hoverbox][\/vc_column][vc_column width=\u00a0\u00bb1\/6&Prime;][\/vc_column][\/vc_row][vc_row][vc_column width=\u00a0\u00bb1\/2&Prime;][\/vc_column][vc_column width=\u00a0\u00bb1\/2&Prime;][\/vc_column][\/vc_row][vc_row][vc_column width=\u00a0\u00bb1\/2&Prime;][\/vc_column][vc_column width=\u00a0\u00bb1\/2&Prime;][\/vc_column][\/vc_row][vc_row disable_element=\u00a0\u00bbyes\u00a0\u00bb][vc_column width=\u00a0\u00bb1\/2&Prime;][vc_hoverbox image=\u00a0\u00bb4244&Prime; primary_title=\u00a0\u00bb\u00a0\u00bb hover_title=\u00a0\u00bbSarah dans toutes ses dimensions\u00a0\u00bb hover_background_color=\u00a0\u00bbchino\u00a0\u00bb hover_btn_title=\u00a0\u00bbMise au Vert\u00a0\u00bb hover_btn_style=\u00a0\u00bboutline\u00a0\u00bb hover_add_button=\u00a0\u00bbtrue\u00a0\u00bb hover_btn_link=\u00a0\u00bburl:http%3A%2F%2Fmise-au-vert.org\u00a0\u00bb]Sarah , sur son blog vous propose un panel d&rsquo;outils et de recettes pour vous accompagner dans votre transition[\/vc_hoverbox][\/vc_column][vc_column width=\u00a0\u00bb1\/2&Prime;][vc_hoverbox image=\u00a0\u00bb4251&Prime; primary_title=\u00a0\u00bb\u00a0\u00bb hover_title=\u00a0\u00bbPieds de hobbit, d\u00e9veloppeur web\u00a0\u00bb hover_background_color=\u00a0\u00bbchino\u00a0\u00bb hover_btn_title=\u00a0\u00bbPieds de Hobbit.com\u00a0\u00bb hover_btn_style=\u00a0\u00bboutline\u00a0\u00bb hover_add_button=\u00a0\u00bbtrue\u00a0\u00bb hover_btn_link=\u00a0\u00bburl:https%3A%2F%2Fwww.piedsdehobbit.com%2F\u00a0\u00bb]Geek permacole, Ben est un passionn\u00e9 de permaculture et d&rsquo;informatique \u00e9thique.[\/vc_hoverbox][\/vc_column][\/vc_row][vc_row disable_element=\u00a0\u00bbyes\u00a0\u00bb][vc_column width=\u00a0\u00bb1\/2&Prime;][vc_hoverbox image=\u00a0\u00bb4244&Prime; primary_title=\u00a0\u00bb\u00a0\u00bb hover_title=\u00a0\u00bbSarah dans toutes ses dimensions\u00a0\u00bb hover_background_color=\u00a0\u00bbchino\u00a0\u00bb hover_btn_title=\u00a0\u00bbMise au Vert\u00a0\u00bb hover_btn_style=\u00a0\u00bboutline\u00a0\u00bb hover_add_button=\u00a0\u00bbtrue\u00a0\u00bb hover_btn_link=\u00a0\u00bburl:http%3A%2F%2Fmise-au-vert.org\u00a0\u00bb]Sarah , sur son blog vous propose un panel d&rsquo;outils et de recettes pour vous accompagner dans votre transition[\/vc_hoverbox][\/vc_column][vc_column width=\u00a0\u00bb1\/2&Prime;][vc_hoverbox image=\u00a0\u00bb4251&Prime; primary_title=\u00a0\u00bb\u00a0\u00bb hover_title=\u00a0\u00bbPieds de hobbit, d\u00e9veloppeur web\u00a0\u00bb hover_background_color=\u00a0\u00bbchino\u00a0\u00bb hover_btn_title=\u00a0\u00bbPieds de Hobbit.com\u00a0\u00bb hover_btn_style=\u00a0\u00bboutline\u00a0\u00bb hover_add_button=\u00a0\u00bbtrue\u00a0\u00bb hover_btn_link=\u00a0\u00bburl:https%3A%2F%2Fwww.piedsdehobbit.com%2F\u00a0\u00bb]Geek permacole, Ben est un passionn\u00e9 de permaculture et d&rsquo;informatique \u00e9thique.[\/vc_hoverbox][\/vc_column][\/vc_row]<\/p>\n<\/div>","protected":false},"excerpt":{"rendered":"<p>[vc_row][vc_column][vc_column_text]Pour compl\u00e9ter le champ des ressources, notre r\u00e9seau de partenaires et amis permet d&rsquo;envisager le changement sous un spectre plus large que celui que nous proposons, diversifiant ainsi les possibles. Vous trouverez une communaut\u00e9 d&rsquo;acteurs dans le soin au vivant sous toutes ses formes , des plus concr\u00e8tes aux plus abstraites. Les personnes derri\u00e8res ces [&hellip;]<\/p>\n","protected":false},"author":1,"featured_media":0,"parent":0,"menu_order":0,"comment_status":"closed","ping_status":"closed","template":"template-full-width.php","meta":{"footnotes":""},"class_list":["post-4236","page","type-page","status-publish","hentry"],"yoast_head":"<!-- This site is optimized with the Yoast SEO plugin v24.0 - https:\/\/yoast.com\/wordpress\/plugins\/seo\/ -->\n<title>partenaires r\u00e9seau - Permascope<\/title>\n<meta name=\"robots\" content=\"index, follow, max-snippet:-1, max-image-preview:large, max-video-preview:-1\" \/>\n<link rel=\"canonical\" href=\"https:\/\/permascope.net\/index.php\/partenaires-reseau\/\" \/>\n<meta property=\"og:locale\" content=\"fr_FR\" \/>\n<meta property=\"og:type\" content=\"article\" \/>\n<meta property=\"og:title\" content=\"partenaires r\u00e9seau - Permascope\" \/>\n<meta property=\"og:description\" content=\"[vc_row][vc_column][vc_column_text]Pour compl\u00e9ter le champ des ressources, notre r\u00e9seau de partenaires et amis permet d&rsquo;envisager le changement sous un spectre plus large que celui que nous proposons, diversifiant ainsi les possibles. Vous trouverez une communaut\u00e9 d&rsquo;acteurs dans le soin au vivant sous toutes ses formes , des plus concr\u00e8tes aux plus abstraites. Les personnes derri\u00e8res ces [&hellip;]\" \/>\n<meta property=\"og:url\" content=\"https:\/\/permascope.net\/index.php\/partenaires-reseau\/\" \/>\n<meta property=\"og:site_name\" content=\"Permascope\" \/>\n<meta property=\"article:modified_time\" content=\"2024-08-09T20:34:53+00:00\" \/>\n<meta name=\"twitter:card\" content=\"summary_large_image\" \/>\n<meta name=\"twitter:label1\" content=\"Dur\u00e9e de lecture estim\u00e9e\" \/>\n\t<meta name=\"twitter:data1\" content=\"4 minutes\" \/>\n<script type=\"application\/ld+json\" class=\"yoast-schema-graph\">{\"@context\":\"https:\/\/schema.org\",\"@graph\":[{\"@type\":\"WebPage\",\"@id\":\"https:\/\/permascope.net\/index.php\/partenaires-reseau\/\",\"url\":\"https:\/\/permascope.net\/index.php\/partenaires-reseau\/\",\"name\":\"partenaires r\u00e9seau - Permascope\",\"isPartOf\":{\"@id\":\"https:\/\/permascope.net\/#website\"},\"datePublished\":\"2023-04-06T15:41:18+00:00\",\"dateModified\":\"2024-08-09T20:34:53+00:00\",\"breadcrumb\":{\"@id\":\"https:\/\/permascope.net\/index.php\/partenaires-reseau\/#breadcrumb\"},\"inLanguage\":\"fr-FR\",\"potentialAction\":[{\"@type\":\"ReadAction\",\"target\":[\"https:\/\/permascope.net\/index.php\/partenaires-reseau\/\"]}]},{\"@type\":\"BreadcrumbList\",\"@id\":\"https:\/\/permascope.net\/index.php\/partenaires-reseau\/#breadcrumb\",\"itemListElement\":[{\"@type\":\"ListItem\",\"position\":1,\"name\":\"Accueil\",\"item\":\"https:\/\/permascope.net\/\"},{\"@type\":\"ListItem\",\"position\":2,\"name\":\"partenaires r\u00e9seau\"}]},{\"@type\":\"WebSite\",\"@id\":\"https:\/\/permascope.net\/#website\",\"url\":\"https:\/\/permascope.net\/\",\"name\":\"Permascope\",\"description\":\"la permaculture dans tous ses \u00e9tats\",\"publisher\":{\"@id\":\"https:\/\/permascope.net\/#organization\"},\"potentialAction\":[{\"@type\":\"SearchAction\",\"target\":{\"@type\":\"EntryPoint\",\"urlTemplate\":\"https:\/\/permascope.net\/?s={search_term_string}\"},\"query-input\":{\"@type\":\"PropertyValueSpecification\",\"valueRequired\":true,\"valueName\":\"search_term_string\"}}],\"inLanguage\":\"fr-FR\"},{\"@type\":\"Organization\",\"@id\":\"https:\/\/permascope.net\/#organization\",\"name\":\"Permascope\",\"url\":\"https:\/\/permascope.net\/\",\"logo\":{\"@type\":\"ImageObject\",\"inLanguage\":\"fr-FR\",\"@id\":\"https:\/\/permascope.net\/#\/schema\/logo\/image\/\",\"url\":\"https:\/\/permascope.net\/wp-content\/uploads\/2021\/02\/cropped-logo-site-big2.png\",\"contentUrl\":\"https:\/\/permascope.net\/wp-content\/uploads\/2021\/02\/cropped-logo-site-big2.png\",\"width\":240,\"height\":92,\"caption\":\"Permascope\"},\"image\":{\"@id\":\"https:\/\/permascope.net\/#\/schema\/logo\/image\/\"}}]}<\/script>\n<!-- \/ Yoast SEO plugin. -->","yoast_head_json":{"title":"partenaires r\u00e9seau - Permascope","robots":{"index":"index","follow":"follow","max-snippet":"max-snippet:-1","max-image-preview":"max-image-preview:large","max-video-preview":"max-video-preview:-1"},"canonical":"https:\/\/permascope.net\/index.php\/partenaires-reseau\/","og_locale":"fr_FR","og_type":"article","og_title":"partenaires r\u00e9seau - Permascope","og_description":"[vc_row][vc_column][vc_column_text]Pour compl\u00e9ter le champ des ressources, notre r\u00e9seau de partenaires et amis permet d&rsquo;envisager le changement sous un spectre plus large que celui que nous proposons, diversifiant ainsi les possibles. Vous trouverez une communaut\u00e9 d&rsquo;acteurs dans le soin au vivant sous toutes ses formes , des plus concr\u00e8tes aux plus abstraites. Les personnes derri\u00e8res ces [&hellip;]","og_url":"https:\/\/permascope.net\/index.php\/partenaires-reseau\/","og_site_name":"Permascope","article_modified_time":"2024-08-09T20:34:53+00:00","twitter_card":"summary_large_image","twitter_misc":{"Dur\u00e9e de lecture estim\u00e9e":"4 minutes"},"schema":{"@context":"https:\/\/schema.org","@graph":[{"@type":"WebPage","@id":"https:\/\/permascope.net\/index.php\/partenaires-reseau\/","url":"https:\/\/permascope.net\/index.php\/partenaires-reseau\/","name":"partenaires r\u00e9seau - Permascope","isPartOf":{"@id":"https:\/\/permascope.net\/#website"},"datePublished":"2023-04-06T15:41:18+00:00","dateModified":"2024-08-09T20:34:53+00:00","breadcrumb":{"@id":"https:\/\/permascope.net\/index.php\/partenaires-reseau\/#breadcrumb"},"inLanguage":"fr-FR","potentialAction":[{"@type":"ReadAction","target":["https:\/\/permascope.net\/index.php\/partenaires-reseau\/"]}]},{"@type":"BreadcrumbList","@id":"https:\/\/permascope.net\/index.php\/partenaires-reseau\/#breadcrumb","itemListElement":[{"@type":"ListItem","position":1,"name":"Accueil","item":"https:\/\/permascope.net\/"},{"@type":"ListItem","position":2,"name":"partenaires r\u00e9seau"}]},{"@type":"WebSite","@id":"https:\/\/permascope.net\/#website","url":"https:\/\/permascope.net\/","name":"Permascope","description":"la permaculture dans tous ses \u00e9tats","publisher":{"@id":"https:\/\/permascope.net\/#organization"},"potentialAction":[{"@type":"SearchAction","target":{"@type":"EntryPoint","urlTemplate":"https:\/\/permascope.net\/?s={search_term_string}"},"query-input":{"@type":"PropertyValueSpecification","valueRequired":true,"valueName":"search_term_string"}}],"inLanguage":"fr-FR"},{"@type":"Organization","@id":"https:\/\/permascope.net\/#organization","name":"Permascope","url":"https:\/\/permascope.net\/","logo":{"@type":"ImageObject","inLanguage":"fr-FR","@id":"https:\/\/permascope.net\/#\/schema\/logo\/image\/","url":"https:\/\/permascope.net\/wp-content\/uploads\/2021\/02\/cropped-logo-site-big2.png","contentUrl":"https:\/\/permascope.net\/wp-content\/uploads\/2021\/02\/cropped-logo-site-big2.png","width":240,"height":92,"caption":"Permascope"},"image":{"@id":"https:\/\/permascope.net\/#\/schema\/logo\/image\/"}}]}},"_links":{"self":[{"href":"https:\/\/permascope.net\/index.php\/wp-json\/wp\/v2\/pages\/4236","targetHints":{"allow":["GET"]}}],"collection":[{"href":"https:\/\/permascope.net\/index.php\/wp-json\/wp\/v2\/pages"}],"about":[{"href":"https:\/\/permascope.net\/index.php\/wp-json\/wp\/v2\/types\/page"}],"author":[{"embeddable":true,"href":"https:\/\/permascope.net\/index.php\/wp-json\/wp\/v2\/users\/1"}],"replies":[{"embeddable":true,"href":"https:\/\/permascope.net\/index.php\/wp-json\/wp\/v2\/comments?post=4236"}],"version-history":[{"count":38,"href":"https:\/\/permascope.net\/index.php\/wp-json\/wp\/v2\/pages\/4236\/revisions"}],"predecessor-version":[{"id":7459,"href":"https:\/\/permascope.net\/index.php\/wp-json\/wp\/v2\/pages\/4236\/revisions\/7459"}],"wp:attachment":[{"href":"https:\/\/permascope.net\/index.php\/wp-json\/wp\/v2\/media?parent=4236"}],"curies":[{"name":"wp","href":"https:\/\/api.w.org\/{rel}","templated":true}]}}