{"id":3887,"date":"2023-01-28T19:08:08","date_gmt":"2023-01-28T18:08:08","guid":{"rendered":"https:\/\/permascope.fr\/?page_id=3887"},"modified":"2025-08-27T16:28:56","modified_gmt":"2025-08-27T14:28:56","slug":"julien-gros","status":"publish","type":"page","link":"https:\/\/permascope.net\/index.php\/julien-gros\/","title":{"rendered":"Julien Gros"},"content":{"rendered":"<div class=\"wpb-content-wrapper\"><p>[vc_row css=\u00a0\u00bb.vc_custom_1727181338009{margin-bottom: 50px !important;}\u00a0\u00bb][vc_column]\n\t\t\t\t<p class=\"rs-p-wp-fix\"><\/p>\n\t\t\t\t<sr7-module data-alias=\"qui-est-permascope-1\" data-id=\"20\" id=\"SR7_20_1\" class=\"rs-ov-hidden\" data-version=\"6.7.15\">\n\t\t\t\t\t<sr7-adjuster><\/sr7-adjuster>\n\t\t\t\t\t<sr7-content>\n\t\t\t\t\t\t<sr7-slide id=\"SR7_20_1-39STR1\" data-key=\"39STR1\">\n\t\t\t\t\t\t\t<sr7-txt id=\"SR7_20_1-39STR1-1\" class=\"sr7-layer\">Julien Gros<\/sr7-txt>\n\t\t\t\t\t\t\t<sr7-txt id=\"SR7_20_1-39STR1-7\" class=\"sr7-layer\"><a href=\"\" class=\"nocolor\">Accueil<\/a> \u00bb Julien Gros<\/sr7-txt>\n\t\t\t\t\t\t<\/sr7-slide>\n\t\t\t\t\t\t<sr7-slide id=\"SR7_20_1-40\" data-key=\"40\">\n\t\t\t\t\t\t<\/sr7-slide>\n\t\t\t\t\t<\/sr7-content>\n\t\t\t\t\t<image_lists style=\"display:none\">\n\t\t\t\t\t\t<img data-src=\"\/\/permascope.net\/wp-content\/uploads\/2021\/02\/RIMG2041-scaled.jpg\" data-libid=\"508\" data-lib=\"medialibrary\" title=\"RIMG2041\" width=\"0\" height=\"0\" data-dbsrc=\"Ly9wZXJtYXNjb3BlLm5ldC93cC1jb250ZW50L3VwbG9hZHMvMjAyMS8wMi9SSU1HMjA0MS1zY2FsZWQuanBn\"\/>\n\t\t\t\t\t<\/image_lists>\n\t\t\t\t<\/sr7-module>\n\t\t\t\t<script>\n\t\t\t\t\tSR7.PMH ??={}; SR7.PMH[\"SR7_20_1\"] = {cn:0,state:false,fn: function() { if (_tpt!==undefined && _tpt.prepareModuleHeight !== undefined) {  _tpt.prepareModuleHeight({id:\"SR7_20_1\",el:[400,400,768,960,720],type:'hero',shdw:'0',gh:[400,400,205,156,96],gw:[2000,2000,1024,778,480],vpt:['100px'],size:{fullWidth:true, fullHeight:false},mh:'0',onh:0,onw:0,bg:{color:'{\"orig\":\"transparent\",\"type\":\"solid\",\"string\":\"transparent\"}'}});   SR7.PMH[\"SR7_20_1\"].state=true;} else if((SR7.PMH[\"SR7_20_1\"].cn++)<100)\tsetTimeout( SR7.PMH[\"SR7_20_1\"].fn,19);}};SR7.PMH[\"SR7_20_1\" ].fn();\n\t\t\t\t<\/script>\n[\/vc_column][\/vc_row][vc_row full_width=\u00a0\u00bbstretch_row\u00a0\u00bb full_height=\u00a0\u00bbyes\u00a0\u00bb columns_placement=\u00a0\u00bbstretch\u00a0\u00bb content_placement=\u00a0\u00bbmiddle\u00a0\u00bb][vc_column][vc_single_image image=\u00a0\u00bb3641&Prime; img_size=\u00a0\u00bbmedium\u00a0\u00bb style=\u00a0\u00bbvc_box_circle_2&Prime;][vc_column_text css=\u00a0\u00bb\u00a0\u00bb]<\/p>\n<div class=\"wp-block-media-text__content\"><strong>Julien<\/strong><\/div>\n<div class=\"wp-block-media-text__content\">Fondateur de Permascope, mon objectif est de mettre \u00e0 disposition un panel d&rsquo;outils permettant le d\u00e9veloppement d&rsquo;activit\u00e9s reli\u00e9es \u00e0 ma vision permacole du monde. Ce site a \u00e9t\u00e9 d\u00e9velopp\u00e9\u00a0 pour partager au plus grand nombre cette vision.<\/div>\n<div><\/div>\n<div><\/div>\n<div class=\"wp-block-media-text__content\"><strong>Ma vision:<\/strong> la permaculture , ses \u00e9thiques , ses principes, ses outils ing\u00e9nierie et surtout sa dimension humaine s&rsquo;est fortement impr\u00e9gn\u00e9e en moi au fur et \u00e0 mesure que j&rsquo;en d\u00e9couvrais et visitais pas \u00e0 pas, les p\u00e9tales.<\/div>\n<div>J&rsquo;ai rapidement compris que le monde fonctionnait beaucoup par antagonismes qui \u00e9taient majoritairement per\u00e7us comme concurrentiels cr\u00e9ant souvent des conflits dont je pouvais \u00eatre acteur.<\/div>\n<div>C&rsquo;est alors que j&rsquo;ai d\u00e9cid\u00e9 de tenter de cr\u00e9er des ponts relationnels \u00e0 chaque fois que je voyais une probabilit\u00e9 de conflit afin de transformer l&rsquo;antagonisme per\u00e7u comme concurrentiel en antagonisme compl\u00e9mentaire.<\/div>\n<div>Cette vision m&rsquo;\u00e9tait d\u00e9j\u00e0 apparue bien avant, alors que je voyais que tout \u00e9tait toujours l\u00e0, partout, pour que le monde fonctionne sans heurts et de mani\u00e8re abondante et que nous, les humains \u00e9tions incapables d&rsquo;activer les leviers de mise en commun pacifique et coh\u00e9rente.<\/div>\n<div><\/div>\n<div>De ce postulat, une image m&rsquo;est alors apparue dans laquelle j&rsquo;habitais un lieu collectif ou je pouvais ancrer mes pratiques afin d&rsquo; essaimer sur d&rsquo;autres lieux ce que j&rsquo;avais exp\u00e9riment\u00e9 auparavant.<\/div>\n<div><\/div>\n<div><\/div>\n<div>Quelques ann\u00e9es plus tard, je d\u00e9cidais d&rsquo;ancrer un processus de r\u00e9silience \u00e0 mon \u00e9chelle et je cr\u00e9ais mes activit\u00e9s dans le cadre du parcours vers le\u00a0 DPA (Dipl\u00f4me de permaculture appliqu\u00e9e) obtenu en Aout 2025.<\/div>\n<div><\/div>\n<div><\/div>\n<div>Aujourd&rsquo;hui, \u00a0je r\u00e9alise que ce parcours long m&rsquo;a permis de construire pas \u00e0 pas mon propre changement et ma propre transition et d&rsquo;agir \u00e0 promouvoir et transmettre la permaculture \u00e0 diff\u00e9rentes \u00e9chelles, de la parcelle jusqu&rsquo;au territoire .<\/div>\n<div>La volont\u00e9 de transmettre avant tout, m&rsquo;a permis de proposer des formations \u00e0 prix libre afin de laisser l&rsquo;opportunit\u00e9 \u00e0 chacun-e-s d&rsquo;acc\u00e9der aux savoirs permettant la reconstruction du monde sur de nouvelles bases bien plus horizontales et compl\u00e9mentaires, accessibles \u00e0 toutes et tous.<\/div>\n<div><\/div>\n<div><\/div>\n<div>La permaculture, pr\u00e9sent\u00e9e comme solutions aux probl\u00e9matiques actuelles, s&rsquo;est infus\u00e9e en moi cultivant ma vision d&rsquo;un monde ou le regard serait bien moins \u00e9gocentr\u00e9 et tourn\u00e9 vers l&rsquo;avenir des g\u00e9n\u00e9rations .<\/div>\n<div><\/div>\n<div><\/div>\n<div>Aujourd&rsquo;hui cette autre vision me permet d&rsquo;ancrer un objectif encore plus profond et me connecte bien plus \u00e0 moi m\u00eame, \u00a0\u00e0 notre terre et aux autres humain-e-s afin de ne pas c\u00e9der aux enjeux de pouvoir que peut v\u00e9hiculer la posture de transmetteur.<\/div>\n<div><\/div>\n<div>En parall\u00e8le, je tente de tisser (encore !) du lien \u00e0 travers les conceptions et les actions de territoire, en france et \u00e0 l&rsquo;international, qui sont \u00e0 chaque fois une aventure de cr\u00e9ation humaine qui me relient \u00e0 ce pourquoi j&rsquo;ai choisi cette voie.<\/div>\n<div><\/div>\n<div><a href=\"https:\/\/permascope.net\/wp-content\/uploads\/2023\/12\/Parcours-DPA.pdf\">Mon livret parcours <\/a>montre ce cheminement pas \u00e0 pas vers l&rsquo;accr\u00e9ditation et ci dessous un portfolio r\u00e9alis\u00e9 pour un concours montre une partie de mes r\u00e9alisations non r\u00e9pertori\u00e9es sur le site.<\/div>\n<p>[\/vc_column_text][vc_btn title=\u00a0\u00bbportfolio\u00a0\u00bb color=\u00a0\u00bbinfo\u00a0\u00bb link=\u00a0\u00bburl:http%3A%2F%2Fpermascope.net%2Fwp-content%2Fuploads%2F2021%2F08%2Fportfolio-1.pdf\u00a0\u00bb][\/vc_column][\/vc_row]<\/p>\n<\/div>","protected":false},"excerpt":{"rendered":"<p>[vc_row css=\u00a0\u00bb.vc_custom_1727181338009{margin-bottom: 50px !important;}\u00a0\u00bb][vc_column][\/vc_column][\/vc_row][vc_row full_width=\u00a0\u00bbstretch_row\u00a0\u00bb full_height=\u00a0\u00bbyes\u00a0\u00bb columns_placement=\u00a0\u00bbstretch\u00a0\u00bb content_placement=\u00a0\u00bbmiddle\u00a0\u00bb][vc_column][vc_single_image image=\u00a0\u00bb3641&Prime; img_size=\u00a0\u00bbmedium\u00a0\u00bb style=\u00a0\u00bbvc_box_circle_2&Prime;][vc_column_text css=\u00a0\u00bb\u00a0\u00bb] Julien Fondateur de Permascope, mon objectif est de mettre \u00e0 disposition un panel d&rsquo;outils permettant le d\u00e9veloppement d&rsquo;activit\u00e9s reli\u00e9es \u00e0 ma vision permacole du monde. Ce site a \u00e9t\u00e9 d\u00e9velopp\u00e9\u00a0 pour partager au plus grand nombre cette vision. Ma vision: la permaculture , [&hellip;]<\/p>\n","protected":false},"author":6,"featured_media":0,"parent":0,"menu_order":0,"comment_status":"closed","ping_status":"closed","template":"","meta":{"footnotes":""},"class_list":["post-3887","page","type-page","status-publish","hentry"],"yoast_head":"<!-- This site is optimized with the Yoast SEO plugin v24.0 - https:\/\/yoast.com\/wordpress\/plugins\/seo\/ -->\n<title>Julien Gros - Permascope<\/title>\n<meta name=\"robots\" content=\"index, follow, max-snippet:-1, max-image-preview:large, max-video-preview:-1\" \/>\n<link rel=\"canonical\" href=\"https:\/\/permascope.net\/index.php\/julien-gros\/\" \/>\n<meta property=\"og:locale\" content=\"fr_FR\" \/>\n<meta property=\"og:type\" content=\"article\" \/>\n<meta property=\"og:title\" content=\"Julien Gros - Permascope\" \/>\n<meta property=\"og:description\" content=\"[vc_row css=\u00a0\u00bb.vc_custom_1727181338009{margin-bottom: 50px !important;}\u00a0\u00bb][vc_column][\/vc_column][\/vc_row][vc_row full_width=\u00a0\u00bbstretch_row\u00a0\u00bb full_height=\u00a0\u00bbyes\u00a0\u00bb columns_placement=\u00a0\u00bbstretch\u00a0\u00bb content_placement=\u00a0\u00bbmiddle\u00a0\u00bb][vc_column][vc_single_image image=\u00a0\u00bb3641&Prime; img_size=\u00a0\u00bbmedium\u00a0\u00bb style=\u00a0\u00bbvc_box_circle_2&Prime;][vc_column_text css=\u00a0\u00bb\u00a0\u00bb] Julien Fondateur de Permascope, mon objectif est de mettre \u00e0 disposition un panel d&rsquo;outils permettant le d\u00e9veloppement d&rsquo;activit\u00e9s reli\u00e9es \u00e0 ma vision permacole du monde. Ce site a \u00e9t\u00e9 d\u00e9velopp\u00e9\u00a0 pour partager au plus grand nombre cette vision. Ma vision: la permaculture , [&hellip;]\" \/>\n<meta property=\"og:url\" content=\"https:\/\/permascope.net\/index.php\/julien-gros\/\" \/>\n<meta property=\"og:site_name\" content=\"Permascope\" \/>\n<meta property=\"article:modified_time\" content=\"2025-08-27T14:28:56+00:00\" \/>\n<meta name=\"twitter:card\" content=\"summary_large_image\" \/>\n<meta name=\"twitter:label1\" content=\"Dur\u00e9e de lecture estim\u00e9e\" \/>\n\t<meta name=\"twitter:data1\" content=\"3 minutes\" \/>\n<script type=\"application\/ld+json\" class=\"yoast-schema-graph\">{\"@context\":\"https:\/\/schema.org\",\"@graph\":[{\"@type\":\"WebPage\",\"@id\":\"https:\/\/permascope.net\/index.php\/julien-gros\/\",\"url\":\"https:\/\/permascope.net\/index.php\/julien-gros\/\",\"name\":\"Julien Gros - Permascope\",\"isPartOf\":{\"@id\":\"https:\/\/permascope.net\/#website\"},\"datePublished\":\"2023-01-28T18:08:08+00:00\",\"dateModified\":\"2025-08-27T14:28:56+00:00\",\"breadcrumb\":{\"@id\":\"https:\/\/permascope.net\/index.php\/julien-gros\/#breadcrumb\"},\"inLanguage\":\"fr-FR\",\"potentialAction\":[{\"@type\":\"ReadAction\",\"target\":[\"https:\/\/permascope.net\/index.php\/julien-gros\/\"]}]},{\"@type\":\"BreadcrumbList\",\"@id\":\"https:\/\/permascope.net\/index.php\/julien-gros\/#breadcrumb\",\"itemListElement\":[{\"@type\":\"ListItem\",\"position\":1,\"name\":\"Accueil\",\"item\":\"https:\/\/permascope.net\/\"},{\"@type\":\"ListItem\",\"position\":2,\"name\":\"Julien Gros\"}]},{\"@type\":\"WebSite\",\"@id\":\"https:\/\/permascope.net\/#website\",\"url\":\"https:\/\/permascope.net\/\",\"name\":\"Permascope\",\"description\":\"la permaculture dans tous ses \u00e9tats\",\"publisher\":{\"@id\":\"https:\/\/permascope.net\/#organization\"},\"potentialAction\":[{\"@type\":\"SearchAction\",\"target\":{\"@type\":\"EntryPoint\",\"urlTemplate\":\"https:\/\/permascope.net\/?s={search_term_string}\"},\"query-input\":{\"@type\":\"PropertyValueSpecification\",\"valueRequired\":true,\"valueName\":\"search_term_string\"}}],\"inLanguage\":\"fr-FR\"},{\"@type\":\"Organization\",\"@id\":\"https:\/\/permascope.net\/#organization\",\"name\":\"Permascope\",\"url\":\"https:\/\/permascope.net\/\",\"logo\":{\"@type\":\"ImageObject\",\"inLanguage\":\"fr-FR\",\"@id\":\"https:\/\/permascope.net\/#\/schema\/logo\/image\/\",\"url\":\"https:\/\/permascope.net\/wp-content\/uploads\/2021\/02\/cropped-logo-site-big2.png\",\"contentUrl\":\"https:\/\/permascope.net\/wp-content\/uploads\/2021\/02\/cropped-logo-site-big2.png\",\"width\":240,\"height\":92,\"caption\":\"Permascope\"},\"image\":{\"@id\":\"https:\/\/permascope.net\/#\/schema\/logo\/image\/\"}}]}<\/script>\n<!-- \/ Yoast SEO plugin. -->","yoast_head_json":{"title":"Julien Gros - Permascope","robots":{"index":"index","follow":"follow","max-snippet":"max-snippet:-1","max-image-preview":"max-image-preview:large","max-video-preview":"max-video-preview:-1"},"canonical":"https:\/\/permascope.net\/index.php\/julien-gros\/","og_locale":"fr_FR","og_type":"article","og_title":"Julien Gros - Permascope","og_description":"[vc_row css=\u00a0\u00bb.vc_custom_1727181338009{margin-bottom: 50px !important;}\u00a0\u00bb][vc_column][\/vc_column][\/vc_row][vc_row full_width=\u00a0\u00bbstretch_row\u00a0\u00bb full_height=\u00a0\u00bbyes\u00a0\u00bb columns_placement=\u00a0\u00bbstretch\u00a0\u00bb content_placement=\u00a0\u00bbmiddle\u00a0\u00bb][vc_column][vc_single_image image=\u00a0\u00bb3641&Prime; img_size=\u00a0\u00bbmedium\u00a0\u00bb style=\u00a0\u00bbvc_box_circle_2&Prime;][vc_column_text css=\u00a0\u00bb\u00a0\u00bb] Julien Fondateur de Permascope, mon objectif est de mettre \u00e0 disposition un panel d&rsquo;outils permettant le d\u00e9veloppement d&rsquo;activit\u00e9s reli\u00e9es \u00e0 ma vision permacole du monde. Ce site a \u00e9t\u00e9 d\u00e9velopp\u00e9\u00a0 pour partager au plus grand nombre cette vision. Ma vision: la permaculture , [&hellip;]","og_url":"https:\/\/permascope.net\/index.php\/julien-gros\/","og_site_name":"Permascope","article_modified_time":"2025-08-27T14:28:56+00:00","twitter_card":"summary_large_image","twitter_misc":{"Dur\u00e9e de lecture estim\u00e9e":"3 minutes"},"schema":{"@context":"https:\/\/schema.org","@graph":[{"@type":"WebPage","@id":"https:\/\/permascope.net\/index.php\/julien-gros\/","url":"https:\/\/permascope.net\/index.php\/julien-gros\/","name":"Julien Gros - Permascope","isPartOf":{"@id":"https:\/\/permascope.net\/#website"},"datePublished":"2023-01-28T18:08:08+00:00","dateModified":"2025-08-27T14:28:56+00:00","breadcrumb":{"@id":"https:\/\/permascope.net\/index.php\/julien-gros\/#breadcrumb"},"inLanguage":"fr-FR","potentialAction":[{"@type":"ReadAction","target":["https:\/\/permascope.net\/index.php\/julien-gros\/"]}]},{"@type":"BreadcrumbList","@id":"https:\/\/permascope.net\/index.php\/julien-gros\/#breadcrumb","itemListElement":[{"@type":"ListItem","position":1,"name":"Accueil","item":"https:\/\/permascope.net\/"},{"@type":"ListItem","position":2,"name":"Julien Gros"}]},{"@type":"WebSite","@id":"https:\/\/permascope.net\/#website","url":"https:\/\/permascope.net\/","name":"Permascope","description":"la permaculture dans tous ses \u00e9tats","publisher":{"@id":"https:\/\/permascope.net\/#organization"},"potentialAction":[{"@type":"SearchAction","target":{"@type":"EntryPoint","urlTemplate":"https:\/\/permascope.net\/?s={search_term_string}"},"query-input":{"@type":"PropertyValueSpecification","valueRequired":true,"valueName":"search_term_string"}}],"inLanguage":"fr-FR"},{"@type":"Organization","@id":"https:\/\/permascope.net\/#organization","name":"Permascope","url":"https:\/\/permascope.net\/","logo":{"@type":"ImageObject","inLanguage":"fr-FR","@id":"https:\/\/permascope.net\/#\/schema\/logo\/image\/","url":"https:\/\/permascope.net\/wp-content\/uploads\/2021\/02\/cropped-logo-site-big2.png","contentUrl":"https:\/\/permascope.net\/wp-content\/uploads\/2021\/02\/cropped-logo-site-big2.png","width":240,"height":92,"caption":"Permascope"},"image":{"@id":"https:\/\/permascope.net\/#\/schema\/logo\/image\/"}}]}},"_links":{"self":[{"href":"https:\/\/permascope.net\/index.php\/wp-json\/wp\/v2\/pages\/3887","targetHints":{"allow":["GET"]}}],"collection":[{"href":"https:\/\/permascope.net\/index.php\/wp-json\/wp\/v2\/pages"}],"about":[{"href":"https:\/\/permascope.net\/index.php\/wp-json\/wp\/v2\/types\/page"}],"author":[{"embeddable":true,"href":"https:\/\/permascope.net\/index.php\/wp-json\/wp\/v2\/users\/6"}],"replies":[{"embeddable":true,"href":"https:\/\/permascope.net\/index.php\/wp-json\/wp\/v2\/comments?post=3887"}],"version-history":[{"count":26,"href":"https:\/\/permascope.net\/index.php\/wp-json\/wp\/v2\/pages\/3887\/revisions"}],"predecessor-version":[{"id":10822,"href":"https:\/\/permascope.net\/index.php\/wp-json\/wp\/v2\/pages\/3887\/revisions\/10822"}],"wp:attachment":[{"href":"https:\/\/permascope.net\/index.php\/wp-json\/wp\/v2\/media?parent=3887"}],"curies":[{"name":"wp","href":"https:\/\/api.w.org\/{rel}","templated":true}]}}