{"id":3336,"date":"2022-12-30T16:16:01","date_gmt":"2022-12-30T15:16:01","guid":{"rendered":"https:\/\/permascope.fr\/?page_id=3336"},"modified":"2026-05-01T17:40:48","modified_gmt":"2026-05-01T15:40:48","slug":"associationpermascope","status":"publish","type":"page","link":"https:\/\/permascope.net\/index.php\/associationpermascope\/","title":{"rendered":"Association Permascope"},"content":{"rendered":"<div class=\"wpb-content-wrapper\"><p>[vc_row css=\u00a0\u00bb.vc_custom_1727181385942{margin-bottom: 50px !important;}\u00a0\u00bb][vc_column]\n\t\t\t\t<p class=\"rs-p-wp-fix\"><\/p>\n\t\t\t\t<sr7-module data-alias=\"julien-gros-1\" data-id=\"21\" id=\"SR7_21_1\" class=\"rs-ov-hidden\" data-version=\"6.7.15\">\n\t\t\t\t\t<sr7-adjuster><\/sr7-adjuster>\n\t\t\t\t\t<sr7-content>\n\t\t\t\t\t\t<sr7-slide id=\"SR7_21_1-41STR1\" data-key=\"41STR1\">\n\t\t\t\t\t\t\t<sr7-txt id=\"SR7_21_1-41STR1-1\" class=\"sr7-layer\">Association Permascope<\/sr7-txt>\n\t\t\t\t\t\t\t<sr7-txt id=\"SR7_21_1-41STR1-7\" class=\"sr7-layer\"><a href=\"\" class=\"nocolor\">Accueil<\/a> \u00bb Association Permascope<\/sr7-txt>\n\t\t\t\t\t\t<\/sr7-slide>\n\t\t\t\t\t\t<sr7-slide id=\"SR7_21_1-42\" data-key=\"42\">\n\t\t\t\t\t\t<\/sr7-slide>\n\t\t\t\t\t<\/sr7-content>\n\t\t\t\t\t<image_lists style=\"display:none\">\n\t\t\t\t\t\t<img data-src=\"\/\/permascope.net\/wp-content\/uploads\/2021\/02\/RIMG2041-scaled.jpg\" data-libid=\"508\" data-lib=\"medialibrary\" title=\"RIMG2041\" width=\"0\" height=\"0\" data-dbsrc=\"Ly9wZXJtYXNjb3BlLm5ldC93cC1jb250ZW50L3VwbG9hZHMvMjAyMS8wMi9SSU1HMjA0MS1zY2FsZWQuanBn\"\/>\n\t\t\t\t\t<\/image_lists>\n\t\t\t\t<\/sr7-module>\n\t\t\t\t<script>\n\t\t\t\t\tSR7.PMH ??={}; SR7.PMH[\"SR7_21_1\"] = {cn:0,state:false,fn: function() { if (_tpt!==undefined && _tpt.prepareModuleHeight !== undefined) {  _tpt.prepareModuleHeight({id:\"SR7_21_1\",el:[400,400,768,960,720],type:'hero',shdw:'0',gh:[400,400,205,156,96],gw:[2000,2000,1024,778,480],vpt:['100px'],size:{fullWidth:true, fullHeight:false},mh:'0',onh:0,onw:0,bg:{color:'{\"orig\":\"transparent\",\"type\":\"solid\",\"string\":\"transparent\"}'}});   SR7.PMH[\"SR7_21_1\"].state=true;} else if((SR7.PMH[\"SR7_21_1\"].cn++)<100)\tsetTimeout( SR7.PMH[\"SR7_21_1\"].fn,19);}};SR7.PMH[\"SR7_21_1\" ].fn();\n\t\t\t\t<\/script>\n[\/vc_column][\/vc_row][vc_row][vc_column][vc_column_text]<\/p>\n<h2 style=\"text-align: center;\">Un objectif de transmission par et pour le groupe&#8230;<\/h2>\n<p>[\/vc_column_text][\/vc_column][\/vc_row][vc_row content_placement=\u00a0\u00bbmiddle\u00a0\u00bb][vc_column width=\u00a0\u00bb1\/2&Prime;][vc_column_text css=\u00a0\u00bb\u00a0\u00bb]<strong><img loading=\"lazy\" decoding=\"async\" class=\"wp-image-3830 alignright\" src=\"https:\/\/permascope.net\/wp-content\/uploads\/2023\/01\/LOGO-ASSOCIATION-PERMASCOPE-FINAL-300x300.png\" alt=\"\" width=\"121\" height=\"121\" srcset=\"https:\/\/permascope.net\/wp-content\/uploads\/2023\/01\/LOGO-ASSOCIATION-PERMASCOPE-FINAL-300x300.png 300w, https:\/\/permascope.net\/wp-content\/uploads\/2023\/01\/LOGO-ASSOCIATION-PERMASCOPE-FINAL-150x150.png 150w, https:\/\/permascope.net\/wp-content\/uploads\/2023\/01\/LOGO-ASSOCIATION-PERMASCOPE-FINAL-768x768.png 768w, https:\/\/permascope.net\/wp-content\/uploads\/2023\/01\/LOGO-ASSOCIATION-PERMASCOPE-FINAL.png 1000w\" sizes=\"auto, (max-width: 121px) 100vw, 121px\" \/>Historique :<\/strong><\/p>\n<p>L&rsquo;association Permascope a \u00e9t\u00e9 fond\u00e9e en 2020, parall\u00e8lement aux activit\u00e9s de l&rsquo;entit\u00e9 Permascope, bureau d&rsquo;\u00e9tudes d\u00e9di\u00e9 \u00e0 la permaculture.<\/p>\n<p>L&rsquo;objet de cette association est de :<\/p>\n<ul>\n<li>Promouvoir l&rsquo;utilisation de m\u00e9thodes de travail collectif, participatif et organique.<\/li>\n<li>F\u00e9d\u00e9rer, \u00e9duquer, former et transmettre autour des valeurs de la permaculture ainsi que celles de la connexion et de la communication sensible avec les humain-e-s et l&rsquo;ensemble du vivant.<\/li>\n<\/ul>\n<p><strong>Formations en permaculture:<\/strong> L&rsquo;association a donn\u00e9 quelques formations en 2021 et 2022, d\u00e9marrant ses activit\u00e9s suite \u00e0 sa cr\u00e9ation par Alex Abadie et Julien Gros.<\/p>\n<p>En automne 2022, une AG a act\u00e9 la d\u00e9part d&rsquo;Alex Abadie, l&rsquo;arriv\u00e9e au sein de l&rsquo;association de Sarah Weber et Ben Lautard, ainsi que la modification d&rsquo;une partie des statuts.<\/p>\n<p>L&rsquo;objectif de cette nouvelle dynamique \u00e9tant de mieux se structurer et lancer une dynamique plus collective.<\/p>\n<p>Fin 2023, nouveaux changement puisqu&rsquo;apr\u00e8s une ann\u00e9e d&rsquo;exercice et l&rsquo;organisation de plusieurs formation autour du jardin foret, Sarah et Ben d\u00e9cident de quitter l&rsquo;administration de l&rsquo;association.<\/p>\n<p>Olivier Verbruggen, prends le relais et devient alors administrateur pour cette entr\u00e9e en 2024.<\/p>\n<p>Aujourd&rsquo;hui, l&rsquo;association Permascope se compose de 2 membres administrateurs et des participant-e-s aux formations. Elle est en outre certifi\u00e9e Entreprise sociale et Solidaire.[\/vc_column_text][\/vc_column][vc_column width=\u00a0\u00bb1\/2&Prime;][vc_single_image image=\u00a0\u00bb3495&Prime; img_size=\u00a0\u00bbfull\u00a0\u00bb css=\u00a0\u00bb\u00a0\u00bb][\/vc_column][\/vc_row][vc_row content_placement=\u00a0\u00bbmiddle\u00a0\u00bb][vc_column width=\u00a0\u00bb1\/2&Prime;][vc_single_image image=\u00a0\u00bb3498&Prime; img_size=\u00a0\u00bbfull\u00a0\u00bb][\/vc_column][vc_column width=\u00a0\u00bb1\/2&Prime;][vc_column_text css=\u00a0\u00bb\u00a0\u00bb]<strong>Gouvernance :<\/strong><\/p>\n<p>Notre gouvernance se veut horizontale et consensuelle : chaque personne dispose d&rsquo;une voix au sein du processus d\u00e9cisionnel et aucune d\u00e9cision n&rsquo;est act\u00e9e tant que l&rsquo;ensemble des d\u00e9cideurs n&rsquo;a pas atteint un consensus, ce qui permet \u00e0 chacun l&rsquo;enti\u00e8re libert\u00e9 de ses accords et d\u00e9saccords.<\/p>\n<p>Nous peaufinons en parall\u00e8le notre culture associative, participative et bas\u00e9e sur l&rsquo;intelligence collective et les principes de la permaculture.<\/p>\n<p><strong>Projections :<\/strong><\/p>\n<p>Au cours de l&rsquo;ann\u00e9e 2025, nous souhaitons experimenter de nouveaux horizons, poursuivre le d\u00e9veloppement nos r\u00e9seaux, \u00a0continuer de tisser une toile de partenaires, d&rsquo;ami-e-s et de lieux en transition afin d&rsquo;augmenter notre contribution au changement de paradigme vers plus de r\u00e9silience et \u00e0 la descente \u00e9nerg\u00e9tique en cours.<\/p>\n<p><strong>Partenariat: <\/strong>l\u2019association permascope est partenaire d\u2019<strong><a href=\"https:\/\/www.helloasso.com\/associations\/permascope\">Hello asso<\/a><\/strong> pour diffuser ses formations. vous pouvez par ce biais vous inscrire directement en ligne \u00e0 nos formations ou adh\u00e9rer \u00e0 l&rsquo;association gr\u00e2ce au formulaire en bas de page \u00a0.[\/vc_column_text][\/vc_column][\/vc_row][vc_row][vc_column][vc_column_text]Pour d\u00e9couvrir l&rsquo;\u00e9quipe p\u00e9dagogique, il vous suffit de cliquer <a href=\"https:\/\/permascope.net\/index.php\/formations\/equipe-pedagogique\/\">ici<\/a>.[\/vc_column_text][\/vc_column][\/vc_row][vc_row][vc_column][vc_raw_html css=\u00a0\u00bb\u00a0\u00bb]JTNDaWZyYW1lJTIwaWQlM0QlMjJoYVdpZGdldCUyMiUyMGFsbG93dHJhbnNwYXJlbmN5JTNEJTIydHJ1ZSUyMiUyMHNyYyUzRCUyMmh0dHBzJTNBJTJGJTJGd3d3LmhlbGxvYXNzby5jb20lMkZhc3NvY2lhdGlvbnMlMkZwZXJtYXNjb3BlJTJGYWRoZXNpb25zJTJGYWRoZXNpb24tYS1sLWFzc29jaWF0aW9uJTJGd2lkZ2V0JTIyJTIwc3R5bGUlM0QlMjJ3aWR0aCUzQSUyMDEwMCUyNSUzQiUyMGJvcmRlciUzQSUyMG5vbmUlM0IlMjIlMjBvbmxvYWQlM0QlMjJ3aW5kb3cuYWRkRXZlbnRMaXN0ZW5lciUyOCUyMCUyN21lc3NhZ2UlMjclMkMlMjBlJTIwJTNEJTNFJTIwJTdCJTIwY29uc3QlMjBkYXRhSGVpZ2h0JTIwJTNEJTIwZS5kYXRhLmhlaWdodCUzQiUyMGNvbnN0JTIwaGFXaWRnZXRFbGVtZW50JTIwJTNEJTIwZG9jdW1lbnQuZ2V0RWxlbWVudEJ5SWQlMjglMjdoYVdpZGdldCUyNyUyOSUzQiUyMGhhV2lkZ2V0RWxlbWVudC5oZWlnaHQlMjAlM0QlMjBkYXRhSGVpZ2h0JTIwJTJCJTIwJTI3cHglMjclM0IlMjAlN0QlMjAlMjklMjIlMjAlM0UlM0MlMkZpZnJhbWUlM0U=[\/vc_raw_html][\/vc_column][\/vc_row]<\/p>\n<\/div>","protected":false},"excerpt":{"rendered":"<p>[vc_row css=\u00a0\u00bb.vc_custom_1727181385942{margin-bottom: 50px !important;}\u00a0\u00bb][vc_column][\/vc_column][\/vc_row][vc_row][vc_column][vc_column_text] Un objectif de transmission par et pour le groupe&#8230; [\/vc_column_text][\/vc_column][\/vc_row][vc_row content_placement=\u00a0\u00bbmiddle\u00a0\u00bb][vc_column width=\u00a0\u00bb1\/2&Prime;][vc_column_text css=\u00a0\u00bb\u00a0\u00bb]Historique : L&rsquo;association Permascope a \u00e9t\u00e9 fond\u00e9e en 2020, parall\u00e8lement aux activit\u00e9s de l&rsquo;entit\u00e9 Permascope, bureau d&rsquo;\u00e9tudes d\u00e9di\u00e9 \u00e0 la permaculture. L&rsquo;objet de cette association est de : Promouvoir l&rsquo;utilisation de m\u00e9thodes de travail collectif, participatif et organique. F\u00e9d\u00e9rer, [&hellip;]<\/p>\n","protected":false},"author":1,"featured_media":0,"parent":0,"menu_order":0,"comment_status":"closed","ping_status":"closed","template":"","meta":{"footnotes":""},"class_list":["post-3336","page","type-page","status-publish","hentry"],"yoast_head":"<!-- This site is optimized with the Yoast SEO plugin v24.0 - https:\/\/yoast.com\/wordpress\/plugins\/seo\/ -->\n<title>Association Permascope - Permascope<\/title>\n<meta name=\"description\" content=\"Un objectif de transmission par et pour le groupe, l\u2019association permascope propose des formations de tout type.\" \/>\n<meta name=\"robots\" content=\"index, follow, max-snippet:-1, max-image-preview:large, max-video-preview:-1\" \/>\n<link rel=\"canonical\" href=\"https:\/\/permascope.net\/index.php\/associationpermascope\/\" \/>\n<meta property=\"og:locale\" content=\"fr_FR\" \/>\n<meta property=\"og:type\" content=\"article\" \/>\n<meta property=\"og:title\" content=\"Association Permascope - Permascope\" \/>\n<meta property=\"og:description\" content=\"Un objectif de transmission par et pour le groupe, l\u2019association permascope propose des formations de tout type.\" \/>\n<meta property=\"og:url\" content=\"https:\/\/permascope.net\/index.php\/associationpermascope\/\" \/>\n<meta property=\"og:site_name\" content=\"Permascope\" \/>\n<meta property=\"article:modified_time\" content=\"2026-05-01T15:40:48+00:00\" \/>\n<meta property=\"og:image\" content=\"https:\/\/permascope.net\/wp-content\/uploads\/2023\/01\/LOGO-ASSOCIATION-PERMASCOPE-FINAL.png\" \/>\n\t<meta property=\"og:image:width\" content=\"1000\" \/>\n\t<meta property=\"og:image:height\" content=\"1000\" \/>\n\t<meta property=\"og:image:type\" content=\"image\/png\" \/>\n<meta name=\"twitter:card\" content=\"summary_large_image\" \/>\n<meta name=\"twitter:label1\" content=\"Dur\u00e9e de lecture estim\u00e9e\" \/>\n\t<meta name=\"twitter:data1\" content=\"3 minutes\" \/>\n<script type=\"application\/ld+json\" class=\"yoast-schema-graph\">{\"@context\":\"https:\/\/schema.org\",\"@graph\":[{\"@type\":\"WebPage\",\"@id\":\"https:\/\/permascope.net\/index.php\/associationpermascope\/\",\"url\":\"https:\/\/permascope.net\/index.php\/associationpermascope\/\",\"name\":\"Association Permascope - Permascope\",\"isPartOf\":{\"@id\":\"https:\/\/permascope.net\/#website\"},\"primaryImageOfPage\":{\"@id\":\"https:\/\/permascope.net\/index.php\/associationpermascope\/#primaryimage\"},\"image\":{\"@id\":\"https:\/\/permascope.net\/index.php\/associationpermascope\/#primaryimage\"},\"thumbnailUrl\":\"https:\/\/permascope.net\/wp-content\/uploads\/2023\/01\/LOGO-ASSOCIATION-PERMASCOPE-FINAL-300x300.png\",\"datePublished\":\"2022-12-30T15:16:01+00:00\",\"dateModified\":\"2026-05-01T15:40:48+00:00\",\"description\":\"Un objectif de transmission par et pour le groupe, l\u2019association permascope propose des formations de tout type.\",\"breadcrumb\":{\"@id\":\"https:\/\/permascope.net\/index.php\/associationpermascope\/#breadcrumb\"},\"inLanguage\":\"fr-FR\",\"potentialAction\":[{\"@type\":\"ReadAction\",\"target\":[\"https:\/\/permascope.net\/index.php\/associationpermascope\/\"]}]},{\"@type\":\"ImageObject\",\"inLanguage\":\"fr-FR\",\"@id\":\"https:\/\/permascope.net\/index.php\/associationpermascope\/#primaryimage\",\"url\":\"https:\/\/permascope.net\/wp-content\/uploads\/2023\/01\/LOGO-ASSOCIATION-PERMASCOPE-FINAL.png\",\"contentUrl\":\"https:\/\/permascope.net\/wp-content\/uploads\/2023\/01\/LOGO-ASSOCIATION-PERMASCOPE-FINAL.png\",\"width\":1000,\"height\":1000},{\"@type\":\"BreadcrumbList\",\"@id\":\"https:\/\/permascope.net\/index.php\/associationpermascope\/#breadcrumb\",\"itemListElement\":[{\"@type\":\"ListItem\",\"position\":1,\"name\":\"Accueil\",\"item\":\"https:\/\/permascope.net\/\"},{\"@type\":\"ListItem\",\"position\":2,\"name\":\"Association Permascope\"}]},{\"@type\":\"WebSite\",\"@id\":\"https:\/\/permascope.net\/#website\",\"url\":\"https:\/\/permascope.net\/\",\"name\":\"Permascope\",\"description\":\"la permaculture dans tous ses \u00e9tats\",\"publisher\":{\"@id\":\"https:\/\/permascope.net\/#organization\"},\"potentialAction\":[{\"@type\":\"SearchAction\",\"target\":{\"@type\":\"EntryPoint\",\"urlTemplate\":\"https:\/\/permascope.net\/?s={search_term_string}\"},\"query-input\":{\"@type\":\"PropertyValueSpecification\",\"valueRequired\":true,\"valueName\":\"search_term_string\"}}],\"inLanguage\":\"fr-FR\"},{\"@type\":\"Organization\",\"@id\":\"https:\/\/permascope.net\/#organization\",\"name\":\"Permascope\",\"url\":\"https:\/\/permascope.net\/\",\"logo\":{\"@type\":\"ImageObject\",\"inLanguage\":\"fr-FR\",\"@id\":\"https:\/\/permascope.net\/#\/schema\/logo\/image\/\",\"url\":\"https:\/\/permascope.net\/wp-content\/uploads\/2021\/02\/cropped-logo-site-big2.png\",\"contentUrl\":\"https:\/\/permascope.net\/wp-content\/uploads\/2021\/02\/cropped-logo-site-big2.png\",\"width\":240,\"height\":92,\"caption\":\"Permascope\"},\"image\":{\"@id\":\"https:\/\/permascope.net\/#\/schema\/logo\/image\/\"}}]}<\/script>\n<!-- \/ Yoast SEO plugin. -->","yoast_head_json":{"title":"Association Permascope - Permascope","description":"Un objectif de transmission par et pour le groupe, l\u2019association permascope propose des formations de tout type.","robots":{"index":"index","follow":"follow","max-snippet":"max-snippet:-1","max-image-preview":"max-image-preview:large","max-video-preview":"max-video-preview:-1"},"canonical":"https:\/\/permascope.net\/index.php\/associationpermascope\/","og_locale":"fr_FR","og_type":"article","og_title":"Association Permascope - Permascope","og_description":"Un objectif de transmission par et pour le groupe, l\u2019association permascope propose des formations de tout type.","og_url":"https:\/\/permascope.net\/index.php\/associationpermascope\/","og_site_name":"Permascope","article_modified_time":"2026-05-01T15:40:48+00:00","og_image":[{"width":1000,"height":1000,"url":"https:\/\/permascope.net\/wp-content\/uploads\/2023\/01\/LOGO-ASSOCIATION-PERMASCOPE-FINAL.png","type":"image\/png"}],"twitter_card":"summary_large_image","twitter_misc":{"Dur\u00e9e de lecture estim\u00e9e":"3 minutes"},"schema":{"@context":"https:\/\/schema.org","@graph":[{"@type":"WebPage","@id":"https:\/\/permascope.net\/index.php\/associationpermascope\/","url":"https:\/\/permascope.net\/index.php\/associationpermascope\/","name":"Association Permascope - Permascope","isPartOf":{"@id":"https:\/\/permascope.net\/#website"},"primaryImageOfPage":{"@id":"https:\/\/permascope.net\/index.php\/associationpermascope\/#primaryimage"},"image":{"@id":"https:\/\/permascope.net\/index.php\/associationpermascope\/#primaryimage"},"thumbnailUrl":"https:\/\/permascope.net\/wp-content\/uploads\/2023\/01\/LOGO-ASSOCIATION-PERMASCOPE-FINAL-300x300.png","datePublished":"2022-12-30T15:16:01+00:00","dateModified":"2026-05-01T15:40:48+00:00","description":"Un objectif de transmission par et pour le groupe, l\u2019association permascope propose des formations de tout type.","breadcrumb":{"@id":"https:\/\/permascope.net\/index.php\/associationpermascope\/#breadcrumb"},"inLanguage":"fr-FR","potentialAction":[{"@type":"ReadAction","target":["https:\/\/permascope.net\/index.php\/associationpermascope\/"]}]},{"@type":"ImageObject","inLanguage":"fr-FR","@id":"https:\/\/permascope.net\/index.php\/associationpermascope\/#primaryimage","url":"https:\/\/permascope.net\/wp-content\/uploads\/2023\/01\/LOGO-ASSOCIATION-PERMASCOPE-FINAL.png","contentUrl":"https:\/\/permascope.net\/wp-content\/uploads\/2023\/01\/LOGO-ASSOCIATION-PERMASCOPE-FINAL.png","width":1000,"height":1000},{"@type":"BreadcrumbList","@id":"https:\/\/permascope.net\/index.php\/associationpermascope\/#breadcrumb","itemListElement":[{"@type":"ListItem","position":1,"name":"Accueil","item":"https:\/\/permascope.net\/"},{"@type":"ListItem","position":2,"name":"Association Permascope"}]},{"@type":"WebSite","@id":"https:\/\/permascope.net\/#website","url":"https:\/\/permascope.net\/","name":"Permascope","description":"la permaculture dans tous ses \u00e9tats","publisher":{"@id":"https:\/\/permascope.net\/#organization"},"potentialAction":[{"@type":"SearchAction","target":{"@type":"EntryPoint","urlTemplate":"https:\/\/permascope.net\/?s={search_term_string}"},"query-input":{"@type":"PropertyValueSpecification","valueRequired":true,"valueName":"search_term_string"}}],"inLanguage":"fr-FR"},{"@type":"Organization","@id":"https:\/\/permascope.net\/#organization","name":"Permascope","url":"https:\/\/permascope.net\/","logo":{"@type":"ImageObject","inLanguage":"fr-FR","@id":"https:\/\/permascope.net\/#\/schema\/logo\/image\/","url":"https:\/\/permascope.net\/wp-content\/uploads\/2021\/02\/cropped-logo-site-big2.png","contentUrl":"https:\/\/permascope.net\/wp-content\/uploads\/2021\/02\/cropped-logo-site-big2.png","width":240,"height":92,"caption":"Permascope"},"image":{"@id":"https:\/\/permascope.net\/#\/schema\/logo\/image\/"}}]}},"_links":{"self":[{"href":"https:\/\/permascope.net\/index.php\/wp-json\/wp\/v2\/pages\/3336","targetHints":{"allow":["GET"]}}],"collection":[{"href":"https:\/\/permascope.net\/index.php\/wp-json\/wp\/v2\/pages"}],"about":[{"href":"https:\/\/permascope.net\/index.php\/wp-json\/wp\/v2\/types\/page"}],"author":[{"embeddable":true,"href":"https:\/\/permascope.net\/index.php\/wp-json\/wp\/v2\/users\/1"}],"replies":[{"embeddable":true,"href":"https:\/\/permascope.net\/index.php\/wp-json\/wp\/v2\/comments?post=3336"}],"version-history":[{"count":34,"href":"https:\/\/permascope.net\/index.php\/wp-json\/wp\/v2\/pages\/3336\/revisions"}],"predecessor-version":[{"id":12861,"href":"https:\/\/permascope.net\/index.php\/wp-json\/wp\/v2\/pages\/3336\/revisions\/12861"}],"wp:attachment":[{"href":"https:\/\/permascope.net\/index.php\/wp-json\/wp\/v2\/media?parent=3336"}],"curies":[{"name":"wp","href":"https:\/\/api.w.org\/{rel}","templated":true}]}}