{"id":3,"date":"2020-01-30T14:06:15","date_gmt":"2020-01-30T13:06:15","guid":{"rendered":"http:\/\/permascope.fr\/?page_id=3"},"modified":"2021-02-28T17:06:51","modified_gmt":"2021-02-28T16:06:51","slug":"politique-de-confidentialite","status":"publish","type":"page","link":"https:\/\/permascope.net\/index.php\/politique-de-confidentialite\/","title":{"rendered":"Politique de confidentialit\u00e9"},"content":{"rendered":"\n<h2 class=\"wp-block-heading\">Qui sommes-nous&nbsp;?<\/h2>\n\n\n\n<p>L\u2019adresse de notre site Web est&nbsp;: http:\/\/permascope.fr <\/p>\n\n\n\n<p>Directeur de publication : Julien Gros<\/p>\n\n\n\n<p>Contact: 06.03.76.18.53 ou permascope@gmail.com<\/p>\n\n\n\n<p>Les Morieres, route de Chatillon , 26310 Luc en Diois<\/p>\n\n\n\n<p>Coordonn\u00e9es de l&rsquo;h\u00e9bergeur du site:  OVH SAS (filiale de la soci\u00e9t\u00e9 OVH Groupe SAS), immatricul\u00e9 au RCS Lille M\u00e9tropole 424 761 419 00045.<\/p>\n\n\n\n<p> Si\u00e8ge social : 2 rue Kellermann &#8211; 59100 Roubaix &#8211; France<\/p>\n\n\n\n<h2 class=\"wp-block-heading\">Utilisation des donn\u00e9es personnelles collect\u00e9es<\/h2>\n\n\n\n<h3 class=\"wp-block-heading\">Formulaires de contact<\/h3>\n\n\n\n<p>Lors de votre inscription \u00e0 une formation les donn\u00e9es collect\u00e9es ( nom, pr\u00e9nom, date de naissance, adresse,  t\u00e9l\u00e9phone, e-mail, r\u00e9gime alimentaire sp\u00e9cial et allergies, problemes m\u00e9dicaux \u00e0 d\u00e9clarer, contact d&rsquo;urgence, vos motivations pour ce stage, accord de consentement des conditions d&rsquo;inscription) sont utilis\u00e9es pour renseigner l&rsquo;organisateur de la formation et \u00e9ventuellement, proposer de nouvelles formations ult\u00e9rieurement.<\/p>\n\n\n\n<p>Ces donn\u00e9es ne seront en aucun cas communiqu\u00e9es \u00e0 des tiers et seront conserv\u00e9es 3 ans maximum et seront automatiquement supprim\u00e9es pass\u00e9 ce d\u00e9lai.<\/p>\n\n\n\n<h3 class=\"wp-block-heading\">Contenu embarqu\u00e9 depuis d\u2019autres sites<\/h3>\n\n\n\n<p>Les articles de ce site peuvent inclure des contenus int\u00e9gr\u00e9s (par exemple des vid\u00e9os, images, articles\u2026). Le contenu int\u00e9gr\u00e9 depuis d\u2019autres sites se comporte de la m\u00eame mani\u00e8re que si le visiteur se rendait sur cet autre site.<\/p>\n\n\n\n<p>Ces sites web pourraient collecter des donn\u00e9es sur vous, utiliser des cookies, embarquer des outils de suivis tiers, suivre vos interactions avec ces contenus embarqu\u00e9s si vous disposez d\u2019un compte connect\u00e9 sur leur site web.<\/p>\n\n\n\n<h2 class=\"wp-block-heading\">Les droits que vous avez sur vos donn\u00e9es<\/h2>\n\n\n\n<p>Si vous avez utilis\u00e9 le formulaire d&rsquo;inscription du site, vous pouvez demander \u00e0 recevoir un fichier contenant toutes les donn\u00e9es personnelles que nous poss\u00e9dons \u00e0 votre sujet, incluant celles que vous nous avez fournies. Vous pouvez \u00e9galement demander la suppression des donn\u00e9es personnelles vous concernant. Cela ne prend pas en compte les donn\u00e9es stock\u00e9es \u00e0 des fins administratives, l\u00e9gales ou pour des raisons de s\u00e9curit\u00e9.<\/p>\n","protected":false},"excerpt":{"rendered":"<p>Qui sommes-nous&nbsp;? L\u2019adresse de notre site Web est&nbsp;: http:\/\/permascope.fr Directeur de publication : Julien Gros Contact: 06.03.76.18.53 ou permascope@gmail.com Les Morieres, route de Chatillon , 26310 Luc en Diois Coordonn\u00e9es de l&rsquo;h\u00e9bergeur du site: OVH SAS (filiale de la soci\u00e9t\u00e9 OVH Groupe SAS), immatricul\u00e9 au RCS Lille M\u00e9tropole 424 761 419 00045. Si\u00e8ge social : [&hellip;]<\/p>\n","protected":false},"author":1,"featured_media":0,"parent":0,"menu_order":0,"comment_status":"closed","ping_status":"open","template":"template-full-width.php","meta":{"footnotes":""},"class_list":["post-3","page","type-page","status-publish","hentry"],"yoast_head":"<!-- This site is optimized with the Yoast SEO plugin v24.0 - https:\/\/yoast.com\/wordpress\/plugins\/seo\/ -->\n<title>Politique de confidentialit\u00e9 - Permascope<\/title>\n<meta name=\"robots\" content=\"index, follow, max-snippet:-1, max-image-preview:large, max-video-preview:-1\" \/>\n<link rel=\"canonical\" href=\"https:\/\/permascope.net\/index.php\/politique-de-confidentialite\/\" \/>\n<meta property=\"og:locale\" content=\"fr_FR\" \/>\n<meta property=\"og:type\" content=\"article\" \/>\n<meta property=\"og:title\" content=\"Politique de confidentialit\u00e9 - Permascope\" \/>\n<meta property=\"og:description\" content=\"Qui sommes-nous&nbsp;? L\u2019adresse de notre site Web est&nbsp;: http:\/\/permascope.fr Directeur de publication : Julien Gros Contact: 06.03.76.18.53 ou permascope@gmail.com Les Morieres, route de Chatillon , 26310 Luc en Diois Coordonn\u00e9es de l&rsquo;h\u00e9bergeur du site: OVH SAS (filiale de la soci\u00e9t\u00e9 OVH Groupe SAS), immatricul\u00e9 au RCS Lille M\u00e9tropole 424 761 419 00045. Si\u00e8ge social : [&hellip;]\" \/>\n<meta property=\"og:url\" content=\"https:\/\/permascope.net\/index.php\/politique-de-confidentialite\/\" \/>\n<meta property=\"og:site_name\" content=\"Permascope\" \/>\n<meta property=\"article:modified_time\" content=\"2021-02-28T16:06:51+00:00\" \/>\n<meta name=\"twitter:card\" content=\"summary_large_image\" \/>\n<meta name=\"twitter:label1\" content=\"Dur\u00e9e de lecture estim\u00e9e\" \/>\n\t<meta name=\"twitter:data1\" content=\"2 minutes\" \/>\n<script type=\"application\/ld+json\" class=\"yoast-schema-graph\">{\"@context\":\"https:\/\/schema.org\",\"@graph\":[{\"@type\":\"WebPage\",\"@id\":\"https:\/\/permascope.net\/index.php\/politique-de-confidentialite\/\",\"url\":\"https:\/\/permascope.net\/index.php\/politique-de-confidentialite\/\",\"name\":\"Politique de confidentialit\u00e9 - Permascope\",\"isPartOf\":{\"@id\":\"https:\/\/permascope.net\/#website\"},\"datePublished\":\"2020-01-30T13:06:15+00:00\",\"dateModified\":\"2021-02-28T16:06:51+00:00\",\"breadcrumb\":{\"@id\":\"https:\/\/permascope.net\/index.php\/politique-de-confidentialite\/#breadcrumb\"},\"inLanguage\":\"fr-FR\",\"potentialAction\":[{\"@type\":\"ReadAction\",\"target\":[\"https:\/\/permascope.net\/index.php\/politique-de-confidentialite\/\"]}]},{\"@type\":\"BreadcrumbList\",\"@id\":\"https:\/\/permascope.net\/index.php\/politique-de-confidentialite\/#breadcrumb\",\"itemListElement\":[{\"@type\":\"ListItem\",\"position\":1,\"name\":\"Accueil\",\"item\":\"https:\/\/permascope.net\/\"},{\"@type\":\"ListItem\",\"position\":2,\"name\":\"Politique de confidentialit\u00e9\"}]},{\"@type\":\"WebSite\",\"@id\":\"https:\/\/permascope.net\/#website\",\"url\":\"https:\/\/permascope.net\/\",\"name\":\"Permascope\",\"description\":\"la permaculture dans tous ses \u00e9tats\",\"publisher\":{\"@id\":\"https:\/\/permascope.net\/#organization\"},\"potentialAction\":[{\"@type\":\"SearchAction\",\"target\":{\"@type\":\"EntryPoint\",\"urlTemplate\":\"https:\/\/permascope.net\/?s={search_term_string}\"},\"query-input\":{\"@type\":\"PropertyValueSpecification\",\"valueRequired\":true,\"valueName\":\"search_term_string\"}}],\"inLanguage\":\"fr-FR\"},{\"@type\":\"Organization\",\"@id\":\"https:\/\/permascope.net\/#organization\",\"name\":\"Permascope\",\"url\":\"https:\/\/permascope.net\/\",\"logo\":{\"@type\":\"ImageObject\",\"inLanguage\":\"fr-FR\",\"@id\":\"https:\/\/permascope.net\/#\/schema\/logo\/image\/\",\"url\":\"https:\/\/permascope.net\/wp-content\/uploads\/2021\/02\/cropped-logo-site-big2.png\",\"contentUrl\":\"https:\/\/permascope.net\/wp-content\/uploads\/2021\/02\/cropped-logo-site-big2.png\",\"width\":240,\"height\":92,\"caption\":\"Permascope\"},\"image\":{\"@id\":\"https:\/\/permascope.net\/#\/schema\/logo\/image\/\"}}]}<\/script>\n<!-- \/ Yoast SEO plugin. -->","yoast_head_json":{"title":"Politique de confidentialit\u00e9 - Permascope","robots":{"index":"index","follow":"follow","max-snippet":"max-snippet:-1","max-image-preview":"max-image-preview:large","max-video-preview":"max-video-preview:-1"},"canonical":"https:\/\/permascope.net\/index.php\/politique-de-confidentialite\/","og_locale":"fr_FR","og_type":"article","og_title":"Politique de confidentialit\u00e9 - Permascope","og_description":"Qui sommes-nous&nbsp;? L\u2019adresse de notre site Web est&nbsp;: http:\/\/permascope.fr Directeur de publication : Julien Gros Contact: 06.03.76.18.53 ou permascope@gmail.com Les Morieres, route de Chatillon , 26310 Luc en Diois Coordonn\u00e9es de l&rsquo;h\u00e9bergeur du site: OVH SAS (filiale de la soci\u00e9t\u00e9 OVH Groupe SAS), immatricul\u00e9 au RCS Lille M\u00e9tropole 424 761 419 00045. Si\u00e8ge social : [&hellip;]","og_url":"https:\/\/permascope.net\/index.php\/politique-de-confidentialite\/","og_site_name":"Permascope","article_modified_time":"2021-02-28T16:06:51+00:00","twitter_card":"summary_large_image","twitter_misc":{"Dur\u00e9e de lecture estim\u00e9e":"2 minutes"},"schema":{"@context":"https:\/\/schema.org","@graph":[{"@type":"WebPage","@id":"https:\/\/permascope.net\/index.php\/politique-de-confidentialite\/","url":"https:\/\/permascope.net\/index.php\/politique-de-confidentialite\/","name":"Politique de confidentialit\u00e9 - Permascope","isPartOf":{"@id":"https:\/\/permascope.net\/#website"},"datePublished":"2020-01-30T13:06:15+00:00","dateModified":"2021-02-28T16:06:51+00:00","breadcrumb":{"@id":"https:\/\/permascope.net\/index.php\/politique-de-confidentialite\/#breadcrumb"},"inLanguage":"fr-FR","potentialAction":[{"@type":"ReadAction","target":["https:\/\/permascope.net\/index.php\/politique-de-confidentialite\/"]}]},{"@type":"BreadcrumbList","@id":"https:\/\/permascope.net\/index.php\/politique-de-confidentialite\/#breadcrumb","itemListElement":[{"@type":"ListItem","position":1,"name":"Accueil","item":"https:\/\/permascope.net\/"},{"@type":"ListItem","position":2,"name":"Politique de confidentialit\u00e9"}]},{"@type":"WebSite","@id":"https:\/\/permascope.net\/#website","url":"https:\/\/permascope.net\/","name":"Permascope","description":"la permaculture dans tous ses \u00e9tats","publisher":{"@id":"https:\/\/permascope.net\/#organization"},"potentialAction":[{"@type":"SearchAction","target":{"@type":"EntryPoint","urlTemplate":"https:\/\/permascope.net\/?s={search_term_string}"},"query-input":{"@type":"PropertyValueSpecification","valueRequired":true,"valueName":"search_term_string"}}],"inLanguage":"fr-FR"},{"@type":"Organization","@id":"https:\/\/permascope.net\/#organization","name":"Permascope","url":"https:\/\/permascope.net\/","logo":{"@type":"ImageObject","inLanguage":"fr-FR","@id":"https:\/\/permascope.net\/#\/schema\/logo\/image\/","url":"https:\/\/permascope.net\/wp-content\/uploads\/2021\/02\/cropped-logo-site-big2.png","contentUrl":"https:\/\/permascope.net\/wp-content\/uploads\/2021\/02\/cropped-logo-site-big2.png","width":240,"height":92,"caption":"Permascope"},"image":{"@id":"https:\/\/permascope.net\/#\/schema\/logo\/image\/"}}]}},"_links":{"self":[{"href":"https:\/\/permascope.net\/index.php\/wp-json\/wp\/v2\/pages\/3","targetHints":{"allow":["GET"]}}],"collection":[{"href":"https:\/\/permascope.net\/index.php\/wp-json\/wp\/v2\/pages"}],"about":[{"href":"https:\/\/permascope.net\/index.php\/wp-json\/wp\/v2\/types\/page"}],"author":[{"embeddable":true,"href":"https:\/\/permascope.net\/index.php\/wp-json\/wp\/v2\/users\/1"}],"replies":[{"embeddable":true,"href":"https:\/\/permascope.net\/index.php\/wp-json\/wp\/v2\/comments?post=3"}],"version-history":[{"count":5,"href":"https:\/\/permascope.net\/index.php\/wp-json\/wp\/v2\/pages\/3\/revisions"}],"predecessor-version":[{"id":688,"href":"https:\/\/permascope.net\/index.php\/wp-json\/wp\/v2\/pages\/3\/revisions\/688"}],"wp:attachment":[{"href":"https:\/\/permascope.net\/index.php\/wp-json\/wp\/v2\/media?parent=3"}],"curies":[{"name":"wp","href":"https:\/\/api.w.org\/{rel}","templated":true}]}}