{"id":294,"date":"2020-05-16T18:54:51","date_gmt":"2020-05-16T16:54:51","guid":{"rendered":"http:\/\/permascope.fr\/?page_id=294"},"modified":"2024-09-24T14:41:08","modified_gmt":"2024-09-24T12:41:08","slug":"humain","status":"publish","type":"page","link":"https:\/\/permascope.net\/index.php\/humain\/","title":{"rendered":"Humain"},"content":{"rendered":"<div class=\"wpb-content-wrapper\"><p>[vc_row css=\u00a0\u00bb.vc_custom_1727180767784{margin-bottom: 50px !important;}\u00a0\u00bb][vc_column]\n\t\t\t\t<p class=\"rs-p-wp-fix\"><\/p>\n\t\t\t\t<sr7-module data-alias=\"diagnostic-de-sites-1\" data-id=\"12\" id=\"SR7_12_1\" class=\"rs-ov-hidden\" data-version=\"6.7.15\">\n\t\t\t\t\t<sr7-adjuster><\/sr7-adjuster>\n\t\t\t\t\t<sr7-content>\n\t\t\t\t\t\t<sr7-slide id=\"SR7_12_1-23STR1\" data-key=\"23STR1\">\n\t\t\t\t\t\t\t<sr7-txt id=\"SR7_12_1-23STR1-1\" class=\"sr7-layer\">Humain<\/sr7-txt>\n\t\t\t\t\t\t\t<sr7-txt id=\"SR7_12_1-23STR1-7\" class=\"sr7-layer\"><a href=\"\" class=\"nocolor\">Accueil<\/a> \u00bb Humain<\/sr7-txt>\n\t\t\t\t\t\t<\/sr7-slide>\n\t\t\t\t\t\t<sr7-slide id=\"SR7_12_1-24\" data-key=\"24\">\n\t\t\t\t\t\t<\/sr7-slide>\n\t\t\t\t\t<\/sr7-content>\n\t\t\t\t\t<image_lists style=\"display:none\">\n\t\t\t\t\t\t<img data-src=\"\/\/permascope.net\/wp-content\/uploads\/2021\/02\/osauge1-scaled.jpg\" data-libid=\"531\" data-lib=\"medialibrary\" title=\"osauge1\" width=\"0\" height=\"0\" data-dbsrc=\"Ly9wZXJtYXNjb3BlLm5ldC93cC1jb250ZW50L3VwbG9hZHMvMjAyMS8wMi9vc2F1Z2UxLXNjYWxlZC5qcGc=\"\/>\n\t\t\t\t\t\t<img data-src=\"\/\/permascope.net\/wp-content\/uploads\/2024\/09\/julien-sauge-16-9-1.jpg\" width=\"0\" height=\"0\" data-dbsrc=\"Ly9wZXJtYXNjb3BlLm5ldC93cC1jb250ZW50L3VwbG9hZHMvMjAyNC8wOS9qdWxpZW4tc2F1Z2UtMTYtOS0xLmpwZw==\"\/>\n\t\t\t\t\t<\/image_lists>\n\t\t\t\t<\/sr7-module>\n\t\t\t\t<script>\n\t\t\t\t\tSR7.PMH ??={}; SR7.PMH[\"SR7_12_1\"] = {cn:0,state:false,fn: function() { if (_tpt!==undefined && _tpt.prepareModuleHeight !== undefined) {  _tpt.prepareModuleHeight({id:\"SR7_12_1\",el:[400,400,768,960,720],type:'hero',shdw:'0',gh:[400,400,205,156,96],gw:[2000,2000,1024,778,480],vpt:['100px'],size:{fullWidth:true, fullHeight:false},mh:'0',onh:0,onw:0,bg:{color:'{\"orig\":\"transparent\",\"type\":\"solid\",\"string\":\"transparent\"}'}});   SR7.PMH[\"SR7_12_1\"].state=true;} else if((SR7.PMH[\"SR7_12_1\"].cn++)<100)\tsetTimeout( SR7.PMH[\"SR7_12_1\"].fn,19);}};SR7.PMH[\"SR7_12_1\" ].fn();\n\t\t\t\t<\/script>\n[\/vc_column][\/vc_row][vc_row][vc_column][vc_column_text]<\/p>\r\n<div class=\"wp-block-media-text alignwide\" style=\"grid-template-columns: 42% auto;\">\r\n<figure class=\"wp-block-media-text__media\"><img loading=\"lazy\" decoding=\"async\" width=\"576\" height=\"1024\" class=\"wp-image-295\" src=\"http:\/\/permascope.fr\/wp-content\/uploads\/2020\/05\/DSC_0046_1-576x1024.jpg\" alt=\"\" srcset=\"https:\/\/permascope.net\/wp-content\/uploads\/2020\/05\/DSC_0046_1-576x1024.jpg 576w, https:\/\/permascope.net\/wp-content\/uploads\/2020\/05\/DSC_0046_1-169x300.jpg 169w, https:\/\/permascope.net\/wp-content\/uploads\/2020\/05\/DSC_0046_1-1x2.jpg 1w, https:\/\/permascope.net\/wp-content\/uploads\/2020\/05\/DSC_0046_1.jpg 720w\" sizes=\"auto, (max-width: 576px) 100vw, 576px\" \/><\/figure>\r\n<div class=\"wp-block-media-text__content\">\r\n<h3 class=\"wp-block-heading\">Prendre soin des humain-e-s<\/h3>\r\n\r\n\r\n\r\n<p style=\"font-size: 19px;\">Au travers de diff\u00e9rents, outils je vous propose un accompagnement de vos projets individuels et collectifs selon diff\u00e9rentes formules et avec un suivi.<\/p>\r\n\r\n\r\n\r\n<p style=\"font-size: 19px;\">De fa\u00e7on immersive, sur plusieurs jours ou au coup par coup, selon vos disponibilit\u00e9s et envies, participons ensemble \u00e0 construire votre vision commune, afin de partir sur de bonnes bases pour votre futur projet .<\/p>\r\n\r\n\r\n\r\n<div class=\"wp-block-spacer\" style=\"height: 100px;\" aria-hidden=\"true\">\u00a0<\/div>\r\n\r\n\r\n\r\n<p style=\"font-size: 19px;\"><strong>Voici entre autres quelques propositions :<\/strong><\/p>\r\n\r\n\r\n\r\n<ul>\r\n<li style=\"font-size: 19px;\"><a href=\"https:\/\/permascope.net\/index.php\/le-mandala-de-construction-de-vision-commune\/\">Le Mandala de construction de vision commune<\/a><\/li>\r\n<\/ul>\r\n\r\n\r\n\r\n<p style=\"font-size: 19px;\">Comment prendre une d\u00e9cision en groupe<\/p>\r\n\r\n\r\n\r\n<ul>\r\n<li style=\"font-size: 19px;\">Cr\u00e9er et cultiver un climat de confiance dans le groupe<\/li>\r\n<\/ul>\r\n\r\n\r\n\r\n<ul>\r\n<li style=\"font-size: 19px;\">Immersion nature et place m\u00e9decine<\/li>\r\n<\/ul>\r\n<p><\/p>\r\n<\/div>\r\n<\/div>\r\n<p>[\/vc_column_text][\/vc_column][\/vc_row]<\/p><\/div>","protected":false},"excerpt":{"rendered":"<p>[vc_row css=\u00a0\u00bb.vc_custom_1727180767784{margin-bottom: 50px !important;}\u00a0\u00bb][vc_column][\/vc_column][\/vc_row][vc_row][vc_column][vc_column_text][\/vc_column_text][\/vc_column][\/vc_row]<\/p>\n","protected":false},"author":1,"featured_media":7835,"parent":0,"menu_order":0,"comment_status":"closed","ping_status":"closed","template":"","meta":{"footnotes":""},"class_list":["post-294","page","type-page","status-publish","has-post-thumbnail","hentry"],"yoast_head":"<!-- This site is optimized with the Yoast SEO plugin v24.0 - https:\/\/yoast.com\/wordpress\/plugins\/seo\/ -->\n<title>Humain - Permascope<\/title>\n<meta name=\"robots\" content=\"index, follow, max-snippet:-1, max-image-preview:large, max-video-preview:-1\" \/>\n<link rel=\"canonical\" href=\"https:\/\/permascope.net\/index.php\/humain\/\" \/>\n<meta property=\"og:locale\" content=\"fr_FR\" \/>\n<meta property=\"og:type\" content=\"article\" \/>\n<meta property=\"og:title\" content=\"Humain - Permascope\" \/>\n<meta property=\"og:description\" content=\"[vc_row css=\u00a0\u00bb.vc_custom_1727180767784{margin-bottom: 50px !important;}\u00a0\u00bb][vc_column][\/vc_column][\/vc_row][vc_row][vc_column][vc_column_text][\/vc_column_text][\/vc_column][\/vc_row]\" \/>\n<meta property=\"og:url\" content=\"https:\/\/permascope.net\/index.php\/humain\/\" \/>\n<meta property=\"og:site_name\" content=\"Permascope\" \/>\n<meta property=\"article:modified_time\" content=\"2024-09-24T12:41:08+00:00\" \/>\n<meta property=\"og:image\" content=\"https:\/\/permascope.net\/wp-content\/uploads\/2024\/09\/julien-sauge-16-9-1.jpg\" \/>\n\t<meta property=\"og:image:width\" content=\"1707\" \/>\n\t<meta property=\"og:image:height\" content=\"960\" \/>\n\t<meta property=\"og:image:type\" content=\"image\/jpeg\" \/>\n<meta name=\"twitter:card\" content=\"summary_large_image\" \/>\n<meta name=\"twitter:label1\" content=\"Dur\u00e9e de lecture estim\u00e9e\" \/>\n\t<meta name=\"twitter:data1\" content=\"1 minute\" \/>\n<script type=\"application\/ld+json\" class=\"yoast-schema-graph\">{\"@context\":\"https:\/\/schema.org\",\"@graph\":[{\"@type\":\"WebPage\",\"@id\":\"https:\/\/permascope.net\/index.php\/humain\/\",\"url\":\"https:\/\/permascope.net\/index.php\/humain\/\",\"name\":\"Humain - Permascope\",\"isPartOf\":{\"@id\":\"https:\/\/permascope.net\/#website\"},\"primaryImageOfPage\":{\"@id\":\"https:\/\/permascope.net\/index.php\/humain\/#primaryimage\"},\"image\":{\"@id\":\"https:\/\/permascope.net\/index.php\/humain\/#primaryimage\"},\"thumbnailUrl\":\"https:\/\/permascope.net\/wp-content\/uploads\/2024\/09\/julien-sauge-16-9-1.jpg\",\"datePublished\":\"2020-05-16T16:54:51+00:00\",\"dateModified\":\"2024-09-24T12:41:08+00:00\",\"breadcrumb\":{\"@id\":\"https:\/\/permascope.net\/index.php\/humain\/#breadcrumb\"},\"inLanguage\":\"fr-FR\",\"potentialAction\":[{\"@type\":\"ReadAction\",\"target\":[\"https:\/\/permascope.net\/index.php\/humain\/\"]}]},{\"@type\":\"ImageObject\",\"inLanguage\":\"fr-FR\",\"@id\":\"https:\/\/permascope.net\/index.php\/humain\/#primaryimage\",\"url\":\"https:\/\/permascope.net\/wp-content\/uploads\/2024\/09\/julien-sauge-16-9-1.jpg\",\"contentUrl\":\"https:\/\/permascope.net\/wp-content\/uploads\/2024\/09\/julien-sauge-16-9-1.jpg\",\"width\":1707,\"height\":960},{\"@type\":\"BreadcrumbList\",\"@id\":\"https:\/\/permascope.net\/index.php\/humain\/#breadcrumb\",\"itemListElement\":[{\"@type\":\"ListItem\",\"position\":1,\"name\":\"Accueil\",\"item\":\"https:\/\/permascope.net\/\"},{\"@type\":\"ListItem\",\"position\":2,\"name\":\"Humain\"}]},{\"@type\":\"WebSite\",\"@id\":\"https:\/\/permascope.net\/#website\",\"url\":\"https:\/\/permascope.net\/\",\"name\":\"Permascope\",\"description\":\"la permaculture dans tous ses \u00e9tats\",\"publisher\":{\"@id\":\"https:\/\/permascope.net\/#organization\"},\"potentialAction\":[{\"@type\":\"SearchAction\",\"target\":{\"@type\":\"EntryPoint\",\"urlTemplate\":\"https:\/\/permascope.net\/?s={search_term_string}\"},\"query-input\":{\"@type\":\"PropertyValueSpecification\",\"valueRequired\":true,\"valueName\":\"search_term_string\"}}],\"inLanguage\":\"fr-FR\"},{\"@type\":\"Organization\",\"@id\":\"https:\/\/permascope.net\/#organization\",\"name\":\"Permascope\",\"url\":\"https:\/\/permascope.net\/\",\"logo\":{\"@type\":\"ImageObject\",\"inLanguage\":\"fr-FR\",\"@id\":\"https:\/\/permascope.net\/#\/schema\/logo\/image\/\",\"url\":\"https:\/\/permascope.net\/wp-content\/uploads\/2021\/02\/cropped-logo-site-big2.png\",\"contentUrl\":\"https:\/\/permascope.net\/wp-content\/uploads\/2021\/02\/cropped-logo-site-big2.png\",\"width\":240,\"height\":92,\"caption\":\"Permascope\"},\"image\":{\"@id\":\"https:\/\/permascope.net\/#\/schema\/logo\/image\/\"}}]}<\/script>\n<!-- \/ Yoast SEO plugin. -->","yoast_head_json":{"title":"Humain - Permascope","robots":{"index":"index","follow":"follow","max-snippet":"max-snippet:-1","max-image-preview":"max-image-preview:large","max-video-preview":"max-video-preview:-1"},"canonical":"https:\/\/permascope.net\/index.php\/humain\/","og_locale":"fr_FR","og_type":"article","og_title":"Humain - Permascope","og_description":"[vc_row css=\u00a0\u00bb.vc_custom_1727180767784{margin-bottom: 50px !important;}\u00a0\u00bb][vc_column][\/vc_column][\/vc_row][vc_row][vc_column][vc_column_text][\/vc_column_text][\/vc_column][\/vc_row]","og_url":"https:\/\/permascope.net\/index.php\/humain\/","og_site_name":"Permascope","article_modified_time":"2024-09-24T12:41:08+00:00","og_image":[{"width":1707,"height":960,"url":"https:\/\/permascope.net\/wp-content\/uploads\/2024\/09\/julien-sauge-16-9-1.jpg","type":"image\/jpeg"}],"twitter_card":"summary_large_image","twitter_misc":{"Dur\u00e9e de lecture estim\u00e9e":"1 minute"},"schema":{"@context":"https:\/\/schema.org","@graph":[{"@type":"WebPage","@id":"https:\/\/permascope.net\/index.php\/humain\/","url":"https:\/\/permascope.net\/index.php\/humain\/","name":"Humain - Permascope","isPartOf":{"@id":"https:\/\/permascope.net\/#website"},"primaryImageOfPage":{"@id":"https:\/\/permascope.net\/index.php\/humain\/#primaryimage"},"image":{"@id":"https:\/\/permascope.net\/index.php\/humain\/#primaryimage"},"thumbnailUrl":"https:\/\/permascope.net\/wp-content\/uploads\/2024\/09\/julien-sauge-16-9-1.jpg","datePublished":"2020-05-16T16:54:51+00:00","dateModified":"2024-09-24T12:41:08+00:00","breadcrumb":{"@id":"https:\/\/permascope.net\/index.php\/humain\/#breadcrumb"},"inLanguage":"fr-FR","potentialAction":[{"@type":"ReadAction","target":["https:\/\/permascope.net\/index.php\/humain\/"]}]},{"@type":"ImageObject","inLanguage":"fr-FR","@id":"https:\/\/permascope.net\/index.php\/humain\/#primaryimage","url":"https:\/\/permascope.net\/wp-content\/uploads\/2024\/09\/julien-sauge-16-9-1.jpg","contentUrl":"https:\/\/permascope.net\/wp-content\/uploads\/2024\/09\/julien-sauge-16-9-1.jpg","width":1707,"height":960},{"@type":"BreadcrumbList","@id":"https:\/\/permascope.net\/index.php\/humain\/#breadcrumb","itemListElement":[{"@type":"ListItem","position":1,"name":"Accueil","item":"https:\/\/permascope.net\/"},{"@type":"ListItem","position":2,"name":"Humain"}]},{"@type":"WebSite","@id":"https:\/\/permascope.net\/#website","url":"https:\/\/permascope.net\/","name":"Permascope","description":"la permaculture dans tous ses \u00e9tats","publisher":{"@id":"https:\/\/permascope.net\/#organization"},"potentialAction":[{"@type":"SearchAction","target":{"@type":"EntryPoint","urlTemplate":"https:\/\/permascope.net\/?s={search_term_string}"},"query-input":{"@type":"PropertyValueSpecification","valueRequired":true,"valueName":"search_term_string"}}],"inLanguage":"fr-FR"},{"@type":"Organization","@id":"https:\/\/permascope.net\/#organization","name":"Permascope","url":"https:\/\/permascope.net\/","logo":{"@type":"ImageObject","inLanguage":"fr-FR","@id":"https:\/\/permascope.net\/#\/schema\/logo\/image\/","url":"https:\/\/permascope.net\/wp-content\/uploads\/2021\/02\/cropped-logo-site-big2.png","contentUrl":"https:\/\/permascope.net\/wp-content\/uploads\/2021\/02\/cropped-logo-site-big2.png","width":240,"height":92,"caption":"Permascope"},"image":{"@id":"https:\/\/permascope.net\/#\/schema\/logo\/image\/"}}]}},"_links":{"self":[{"href":"https:\/\/permascope.net\/index.php\/wp-json\/wp\/v2\/pages\/294","targetHints":{"allow":["GET"]}}],"collection":[{"href":"https:\/\/permascope.net\/index.php\/wp-json\/wp\/v2\/pages"}],"about":[{"href":"https:\/\/permascope.net\/index.php\/wp-json\/wp\/v2\/types\/page"}],"author":[{"embeddable":true,"href":"https:\/\/permascope.net\/index.php\/wp-json\/wp\/v2\/users\/1"}],"replies":[{"embeddable":true,"href":"https:\/\/permascope.net\/index.php\/wp-json\/wp\/v2\/comments?post=294"}],"version-history":[{"count":18,"href":"https:\/\/permascope.net\/index.php\/wp-json\/wp\/v2\/pages\/294\/revisions"}],"predecessor-version":[{"id":7819,"href":"https:\/\/permascope.net\/index.php\/wp-json\/wp\/v2\/pages\/294\/revisions\/7819"}],"wp:featuredmedia":[{"embeddable":true,"href":"https:\/\/permascope.net\/index.php\/wp-json\/wp\/v2\/media\/7835"}],"wp:attachment":[{"href":"https:\/\/permascope.net\/index.php\/wp-json\/wp\/v2\/media?parent=294"}],"curies":[{"name":"wp","href":"https:\/\/api.w.org\/{rel}","templated":true}]}}