{"id":223,"date":"2020-03-07T13:48:24","date_gmt":"2020-03-07T12:48:24","guid":{"rendered":"http:\/\/permascope.fr\/?page_id=223"},"modified":"2025-10-01T12:46:46","modified_gmt":"2025-10-01T10:46:46","slug":"formations-permaculture","status":"publish","type":"page","link":"https:\/\/permascope.net\/index.php\/formations-permaculture\/","title":{"rendered":"Formations"},"content":{"rendered":"<div class=\"wpb-content-wrapper\"><p>[vc_row css=\u00a0\u00bb.vc_custom_1727180070482{margin-bottom: 50px !important;}\u00a0\u00bb][vc_column]\n\t\t\t\t<p class=\"rs-p-wp-fix\"><\/p>\n\t\t\t\t<sr7-module data-alias=\"vision-1\" data-id=\"8\" id=\"SR7_8_1\" class=\"rs-ov-hidden\" data-version=\"6.7.15\">\n\t\t\t\t\t<sr7-adjuster><\/sr7-adjuster>\n\t\t\t\t\t<sr7-content>\n\t\t\t\t\t\t<sr7-slide id=\"SR7_8_1-15STR1\" data-key=\"15STR1\">\n\t\t\t\t\t\t\t<sr7-txt id=\"SR7_8_1-15STR1-1\" class=\"sr7-layer\">Formations<\/sr7-txt>\n\t\t\t\t\t\t\t<sr7-txt id=\"SR7_8_1-15STR1-7\" class=\"sr7-layer\"><a href=\"\" class=\"nocolor\">Accueil<\/a> \u00bb Formations<\/sr7-txt>\n\t\t\t\t\t\t<\/sr7-slide>\n\t\t\t\t\t\t<sr7-slide id=\"SR7_8_1-16\" data-key=\"16\">\n\t\t\t\t\t\t<\/sr7-slide>\n\t\t\t\t\t<\/sr7-content>\n\t\t\t\t\t<image_lists style=\"display:none\">\n\t\t\t\t\t\t<img data-src=\"\/\/permascope.net\/wp-content\/uploads\/2022\/12\/IMG_9049.jpg\" data-libid=\"3383\" data-lib=\"medialibrary\" title=\"IMG_9049\" width=\"0\" height=\"0\" data-dbsrc=\"Ly9wZXJtYXNjb3BlLm5ldC93cC1jb250ZW50L3VwbG9hZHMvMjAyMi8xMi9JTUdfOTA0OS5qcGc=\"\/>\n\t\t\t\t\t\t<img data-src=\"\/\/permascope.net\/wp-content\/uploads\/2022\/12\/IMG_9049.jpg\" width=\"0\" height=\"0\" data-dbsrc=\"Ly9wZXJtYXNjb3BlLm5ldC93cC1jb250ZW50L3VwbG9hZHMvMjAyMi8xMi9JTUdfOTA0OS5qcGc=\"\/>\n\t\t\t\t\t<\/image_lists>\n\t\t\t\t<\/sr7-module>\n\t\t\t\t<script>\n\t\t\t\t\tSR7.PMH ??={}; SR7.PMH[\"SR7_8_1\"] = {cn:0,state:false,fn: function() { if (_tpt!==undefined && _tpt.prepareModuleHeight !== undefined) {  _tpt.prepareModuleHeight({id:\"SR7_8_1\",el:[400,400,768,960,720],type:'hero',shdw:'0',gh:[400,400,205,156,96],gw:[2000,2000,1024,778,480],vpt:['100px'],size:{fullWidth:true, fullHeight:false},mh:'0',onh:0,onw:0,bg:{color:'{\"orig\":\"transparent\",\"type\":\"solid\",\"string\":\"transparent\"}'}});   SR7.PMH[\"SR7_8_1\"].state=true;} else if((SR7.PMH[\"SR7_8_1\"].cn++)<100)\tsetTimeout( SR7.PMH[\"SR7_8_1\"].fn,19);}};SR7.PMH[\"SR7_8_1\" ].fn();\n\t\t\t\t<\/script>\n[\/vc_column][\/vc_row][vc_row][vc_column][vc_single_image image=\u00a0\u00bb3830&Prime;][vc_column_text css=\u00a0\u00bb\u00a0\u00bb]<!--vcv no format--><!-- vcwb\/dynamicElementComment:73beddd0 --><\/p>\n<div class=\"vce-row-container\" data-vce-boxed-width=\"true\">\n<div id=\"el-73beddd0\" class=\"vce-row vce-row--col-gap-30 vce-row-equal-height vce-row-content--top\" data-vce-do-apply=\"all el-73beddd0\">\n<div class=\"vce-row-content\" data-vce-element-content=\"true\">\n<p><!-- vcwb\/dynamicElementComment:caab78b4 --><\/p>\n<div id=\"el-caab78b4\" class=\"vce-col vce-col--md-auto vce-col--xs-1 vce-col--xs-last vce-col--xs-first vce-col--sm-last vce-col--sm-first vce-col--md-last vce-col--lg-last vce-col--xl-last vce-col--md-first vce-col--lg-first vce-col--xl-first\">\n<div class=\"vce-col-inner\" data-vce-do-apply=\"border margin background el-caab78b4\">\n<div class=\"vce-col-content\" data-vce-element-content=\"true\" data-vce-do-apply=\"padding el-caab78b4\">\n<p><!-- vcwb\/dynamicElementComment:d73f1d0a --><!-- \/vcwb\/dynamicElementComment:d73f1d0a --><!-- vcwb\/dynamicElementComment:378a3c69 --><!-- \/vcwb\/dynamicElementComment:378a3c69 --><!-- vcwb\/dynamicElementComment:d73f1d0a --><!-- \/vcwb\/dynamicElementComment:d73f1d0a --><!-- vcwb\/dynamicElementComment:9f37df77 --><!-- \/vcwb\/dynamicElementComment:9f37df77 --><!-- vcwb\/dynamicElementComment:44ba61e9 --><!-- \/vcwb\/dynamicElementComment:44ba61e9 --><!-- vcwb\/dynamicElementComment:9f37df77 --><!-- \/vcwb\/dynamicElementComment:9f37df77 --><!-- vcwb\/dynamicElementComment:d9ba013f --><!-- \/vcwb\/dynamicElementComment:d9ba013f --><!-- vcwb\/dynamicElementComment:9f37df77 --><!-- \/vcwb\/dynamicElementComment:9f37df77 --><!-- vcwb\/dynamicElementComment:f1b08ca5 --><!-- \/vcwb\/dynamicElementComment:f1b08ca5 --><!-- vcwb\/dynamicElementComment:9f37df77 --><!-- vcwb\/dynamicElementComment:7cbebabf --><\/p>\n<div class=\"vce-text-block\">\n<div id=\"el-7cbebabf\" class=\"vce-text-block-wrapper vce\" data-vce-do-apply=\"all el-7cbebabf\">\n<div class=\"wp-block-column\" style=\"flex-basis: 33.33%;\">\n<div style=\"text-align: left;\" aria-hidden=\"true\">\n<h2><strong>Bienvenue dans le monde de transmission de l&rsquo;association Permascope<\/strong><\/h2>\n<p>Dans ces pages, nous vous proposons un panel de formations tout public, adapt\u00e9es et construites selon les particularit\u00e9s des lieux qui nous accueillent. Notre structure est semi-nomade, proposant ses formations dans plusieurs lieux, \u00e0 travers la France. Cette approche permet de lancer et d&rsquo;alimenter des dynamiques\u00a0 propres \u00e0 la permaculture au sein de ces \u00eelots de transition, tout en tissant un r\u00e9seau en expansion.<\/p>\n<p><a href=\"https:\/\/permascope.net\/index.php\/formations-permaculture\/formations-cours-certifie-permaculture\/\"><strong>Nos formations<\/strong><\/a> r\u00e9pondent aux crit\u00e8res des fondamentaux de la permaculture selon les transmissions de Bill Mollison et David Holmgren, ainsi que celles de l&rsquo;Universit\u00e9 Populaire de Permaculture. Elles sont adapt\u00e9es selon nos envies, les besoins du moment et des lieux les accueillant.<\/p>\n<p>Leur objet est de transmettre les diff\u00e9rents aspects que propose l&rsquo;ing\u00e9nierie de la permaculture, de s&rsquo;en approprier petit \u00e0 petit l&rsquo;essence et d&rsquo;int\u00e9grer les diff\u00e9rents outils propos\u00e9s afin d&rsquo;apporter un maximum de changement dans la vie de chacun-e et les incarner de notre vivant.<\/p>\n<p>Nous avons \u00e0 c\u0153ur que nos propositions p\u00e9dagogiques soient accessibles \u00e0 tout public.apr\u00e8s avoir exp\u00e9riment\u00e9 le prix libre, sans condition durant 3 ans, permettant \u00e0 tous-te-s l&rsquo;acc\u00e8s \u00e0 notre univers de formation . Nous exp\u00e9rimentons depuis plusieurs ann\u00e9es le tarif libre avec un grand succ\u00e8s. Cette proposition permet l&rsquo;accessibilit\u00e9 \u00e0 nos formations pour toutes et tous sans condition et contribue au partage du savoir de mani\u00e8re \u00e9quitable.<\/p>\n<p>Nous nous engageons \u00e0 notre \u00e9chelle dans une \u00e9conomie circulaire, o\u00f9 le profit n&rsquo;est plus individuel mais r\u00e9pond le plus possible au bien commun.<\/p>\n<p>Nous int\u00e9grons ainsi deux des trois principes \u00e9thiques fondateurs du mouvement permacole : prendre soin des humain-e-s et partager les ressources.<\/p>\n<p>Le contenu de nos formations est dense, r\u00e9guli\u00e8rement augment\u00e9 et r\u00e9vis\u00e9, diversifi\u00e9 et adapt\u00e9 au contexte des lieux accueillants et nous souhaitons votre meilleure disponibilit\u00e9 pour en tirer le plus de profit individuel et collectif, afin de modifier positivement et en profondeur la structure de notre soci\u00e9t\u00e9 et ses pratiques. c&rsquo;est pourquoi nous proposons des formations sans alcool.<\/p>\n<p>Ces moments d&rsquo;\u00e9change sont mis en place gr\u00e2ce \u00e0 la mobilisation et \u00e0 l&rsquo;engagement des formateur-ice-s et organisateur-ice-s, gr\u00e2ce aux propri\u00e9taires qui nous accueillent et gr\u00e2ce notre \u00e9quipe p\u00e9dagogique multifacettes et mouvante..<\/p>\n<p>Nous attendons, en tant que participant-e-s \u00e0 ces moments d&rsquo;immersion partag\u00e9e, votre engagement et votre compr\u00e9hension de la diversit\u00e9 des \u00e9changes et de leur valeur.<\/p>\n<p>&nbsp;<\/p>\n<\/div>\n<\/div>\n<\/div>\n<\/div>\n<p><!-- \/vcwb\/dynamicElementComment:7cbebabf --><!-- vcwb\/dynamicElementComment:44ba61e9 --><!-- \/vcwb\/dynamicElementComment:44ba61e9 --><!-- vcwb\/dynamicElementComment:d9ba013f --><!-- \/vcwb\/dynamicElementComment:d9ba013f --><!-- \/vcwb\/dynamicElementComment:9f37df77 --><!-- vcwb\/dynamicElementComment:f1b08ca5 --><!-- \/vcwb\/dynamicElementComment:f1b08ca5 --><!-- vcwb\/dynamicElementComment:917a2e91 --><!-- \/vcwb\/dynamicElementComment:917a2e91 --><!-- vcwb\/dynamicElementComment:9f37df77 --><!-- \/vcwb\/dynamicElementComment:9f37df77 --><!-- vcwb\/dynamicElementComment:f1b08ca5 --><!-- \/vcwb\/dynamicElementComment:f1b08ca5 --><!-- vcwb\/dynamicElementComment:d9ba013f --><!-- \/vcwb\/dynamicElementComment:d9ba013f --><!-- vcwb\/dynamicElementComment:917a2e91 --><!-- \/vcwb\/dynamicElementComment:917a2e91 --><!-- vcwb\/dynamicElementComment:9f37df77 --><!-- \/vcwb\/dynamicElementComment:9f37df77 --><!-- vcwb\/dynamicElementComment:f1b08ca5 --><!-- \/vcwb\/dynamicElementComment:f1b08ca5 --><!-- vcwb\/dynamicElementComment:917a2e91 --><!-- \/vcwb\/dynamicElementComment:917a2e91 --><!-- vcwb\/dynamicElementComment:9f37df77 --><!-- \/vcwb\/dynamicElementComment:9f37df77 --><!-- vcwb\/dynamicElementComment:f1b08ca5 --><!-- \/vcwb\/dynamicElementComment:f1b08ca5 --><!-- vcwb\/dynamicElementComment:9f37df77 --><!-- \/vcwb\/dynamicElementComment:9f37df77 --><!-- vcwb\/dynamicElementComment:f1b08ca5 --><!-- \/vcwb\/dynamicElementComment:f1b08ca5 --><\/p>\n<\/div>\n<\/div>\n<\/div>\n<p><!-- \/vcwb\/dynamicElementComment:caab78b4 --><!-- vcwb\/dynamicElementComment:d1514fc8 --><!-- \/vcwb\/dynamicElementComment:d1514fc8 --><!-- vcwb\/dynamicElementComment:faca4730 --><!-- \/vcwb\/dynamicElementComment:faca4730 --><!-- vcwb\/dynamicElementComment:2951ae78 --><!-- \/vcwb\/dynamicElementComment:2951ae78 --><\/p>\n<\/div>\n<\/div>\n<\/div>\n<p><!-- \/vcwb\/dynamicElementComment:73beddd0 --><!-- vcwb\/dynamicElementComment:5896cc2f --><!-- \/vcwb\/dynamicElementComment:5896cc2f --><!-- vcwb\/dynamicElementComment:90a6790b --><!-- \/vcwb\/dynamicElementComment:90a6790b --><!-- vcwb\/dynamicElementComment:bcc2b466 --><!-- \/vcwb\/dynamicElementComment:bcc2b466 --><!-- vcwb\/dynamicElementComment:3cadcd50 --><\/p>\n<div class=\"vce-row-container\" data-vce-boxed-width=\"true\">\n<div id=\"el-3cadcd50\" class=\"vce-row vce-row--col-gap-30 vce-row-equal-height vce-row-content--middle\" data-vce-do-apply=\"all el-3cadcd50\">\n<div class=\"vce-row-content\" data-vce-element-content=\"true\">\n<p><!-- vcwb\/dynamicElementComment:c8b1ca8d --><\/p>\n<div id=\"el-c8b1ca8d\" class=\"vce-col vce-col--md-auto vce-col--xs-1 vce-col--xs-last vce-col--xs-first vce-col--sm-last vce-col--sm-first vce-col--md-last vce-col--lg-last vce-col--xl-last vce-col--md-first vce-col--lg-first vce-col--xl-first\">\n<div class=\"vce-col-inner\" data-vce-do-apply=\"border margin background el-c8b1ca8d\">\n<div class=\"vce-col-content\" data-vce-element-content=\"true\" data-vce-do-apply=\"padding el-c8b1ca8d\">\n<p><!-- vcwb\/dynamicElementComment:6487cb2c --><\/p>\n<div class=\"vce-text-block\">\n<div id=\"el-6487cb2c\" class=\"vce-text-block-wrapper vce\" data-vce-do-apply=\"all el-6487cb2c\">Olivier et Julien<\/div>\n<\/div>\n<p><!-- \/vcwb\/dynamicElementComment:6487cb2c --><\/p>\n<\/div>\n<\/div>\n<\/div>\n<p><!-- \/vcwb\/dynamicElementComment:c8b1ca8d --><\/p>\n<\/div>\n<\/div>\n<\/div>\n<p><!-- \/vcwb\/dynamicElementComment:3cadcd50 --><!--vcv no format-->[\/vc_column_text][vc_row_inner content_placement=\u00a0\u00bbmiddle\u00a0\u00bb][vc_column_inner][\/vc_column_inner][vc_column_inner width=\u00a0\u00bb1\/6&Prime;][vc_single_image image=\u00a0\u00bb3350&Prime; img_size=\u00a0\u00bbfull\u00a0\u00bb alignment=\u00a0\u00bbcenter\u00a0\u00bb onclick=\u00a0\u00bbcustom_link\u00a0\u00bb link=\u00a0\u00bbhttps:\/\/permascope.net\/index.php\/ethique-et-toc\/\u00a0\u00bb][\/vc_column_inner][vc_column_inner width=\u00a0\u00bb1\/6&Prime;][vc_single_image image=\u00a0\u00bb3349&Prime; img_size=\u00a0\u00bbfull\u00a0\u00bb alignment=\u00a0\u00bbcenter\u00a0\u00bb onclick=\u00a0\u00bbcustom_link\u00a0\u00bb link=\u00a0\u00bbhttps:\/\/permaculture-upp.org\/\u00a0\u00bb][\/vc_column_inner][vc_column_inner width=\u00a0\u00bb1\/6&Prime;][vc_single_image image=\u00a0\u00bb3387&Prime; img_size=\u00a0\u00bbfull\u00a0\u00bb alignment=\u00a0\u00bbcenter\u00a0\u00bb onclick=\u00a0\u00bbcustom_link\u00a0\u00bb css=\u00a0\u00bb\u00a0\u00bb link=\u00a0\u00bbhttps:\/\/www.helloasso.com\/associations\/permascope\u00a0\u00bb][\/vc_column_inner][vc_column_inner width=\u00a0\u00bb1\/6&Prime;][vc_single_image image=\u00a0\u00bb3389&Prime; img_size=\u00a0\u00bbfull\u00a0\u00bb alignment=\u00a0\u00bbcenter\u00a0\u00bb][\/vc_column_inner][vc_column_inner width=\u00a0\u00bb1\/6&Prime;][vc_single_image image=\u00a0\u00bb240&Prime; img_size=\u00a0\u00bbfull\u00a0\u00bb alignment=\u00a0\u00bbcenter\u00a0\u00bb][\/vc_column_inner][vc_column_inner width=\u00a0\u00bb1\/6&Prime;][vc_single_image image=\u00a0\u00bb3396&Prime; img_size=\u00a0\u00bbfull\u00a0\u00bb alignment=\u00a0\u00bbcenter\u00a0\u00bb onclick=\u00a0\u00bbcustom_link\u00a0\u00bb link=\u00a0\u00bbhttps:\/\/asso.permaculture.fr\/\u00a0\u00bb][\/vc_column_inner][\/vc_row_inner][\/vc_column][\/vc_row]<\/p>\n<\/div>","protected":false},"excerpt":{"rendered":"<p>[vc_row css=\u00a0\u00bb.vc_custom_1727180070482{margin-bottom: 50px !important;}\u00a0\u00bb][vc_column][\/vc_column][\/vc_row][vc_row][vc_column][vc_single_image image=\u00a0\u00bb3830&Prime;][vc_column_text css=\u00a0\u00bb\u00a0\u00bb] Bienvenue dans le monde de transmission de l&rsquo;association Permascope Dans ces pages, nous vous proposons un panel de formations tout public, adapt\u00e9es et construites selon les particularit\u00e9s des lieux qui nous accueillent. Notre structure est semi-nomade, proposant ses formations dans plusieurs lieux, \u00e0 travers la France. Cette approche permet [&hellip;]<\/p>\n","protected":false},"author":1,"featured_media":3383,"parent":0,"menu_order":0,"comment_status":"closed","ping_status":"closed","template":"","meta":{"footnotes":""},"class_list":["post-223","page","type-page","status-publish","has-post-thumbnail","hentry"],"yoast_head":"<!-- This site is optimized with the Yoast SEO plugin v24.0 - https:\/\/yoast.com\/wordpress\/plugins\/seo\/ -->\n<title>Formations - Permascope<\/title>\n<meta name=\"description\" content=\"les cours certif\u00e9s de permaculture proposent de d\u00e9couvrir l\u2019ing\u00e9nieurie de la permaculture et de s\u2019y former\" \/>\n<meta name=\"robots\" content=\"index, follow, max-snippet:-1, max-image-preview:large, max-video-preview:-1\" \/>\n<link rel=\"canonical\" href=\"https:\/\/permascope.net\/index.php\/formations-permaculture\/\" \/>\n<meta property=\"og:locale\" content=\"fr_FR\" \/>\n<meta property=\"og:type\" content=\"article\" \/>\n<meta property=\"og:title\" content=\"Formations - Permascope\" \/>\n<meta property=\"og:description\" content=\"les cours certif\u00e9s de permaculture proposent de d\u00e9couvrir l\u2019ing\u00e9nieurie de la permaculture et de s\u2019y former\" \/>\n<meta property=\"og:url\" content=\"https:\/\/permascope.net\/index.php\/formations-permaculture\/\" \/>\n<meta property=\"og:site_name\" content=\"Permascope\" \/>\n<meta property=\"article:modified_time\" content=\"2025-10-01T10:46:46+00:00\" \/>\n<meta property=\"og:image\" content=\"https:\/\/permascope.net\/wp-content\/uploads\/2022\/12\/IMG_9049.jpg\" \/>\n\t<meta property=\"og:image:width\" content=\"1008\" \/>\n\t<meta property=\"og:image:height\" content=\"490\" \/>\n\t<meta property=\"og:image:type\" content=\"image\/jpeg\" \/>\n<meta name=\"twitter:card\" content=\"summary_large_image\" \/>\n<meta name=\"twitter:label1\" content=\"Dur\u00e9e de lecture estim\u00e9e\" \/>\n\t<meta name=\"twitter:data1\" content=\"3 minutes\" \/>\n<script type=\"application\/ld+json\" class=\"yoast-schema-graph\">{\"@context\":\"https:\/\/schema.org\",\"@graph\":[{\"@type\":\"WebPage\",\"@id\":\"https:\/\/permascope.net\/index.php\/formations-permaculture\/\",\"url\":\"https:\/\/permascope.net\/index.php\/formations-permaculture\/\",\"name\":\"Formations - Permascope\",\"isPartOf\":{\"@id\":\"https:\/\/permascope.net\/#website\"},\"primaryImageOfPage\":{\"@id\":\"https:\/\/permascope.net\/index.php\/formations-permaculture\/#primaryimage\"},\"image\":{\"@id\":\"https:\/\/permascope.net\/index.php\/formations-permaculture\/#primaryimage\"},\"thumbnailUrl\":\"https:\/\/permascope.net\/wp-content\/uploads\/2022\/12\/IMG_9049.jpg\",\"datePublished\":\"2020-03-07T12:48:24+00:00\",\"dateModified\":\"2025-10-01T10:46:46+00:00\",\"description\":\"les cours certif\u00e9s de permaculture proposent de d\u00e9couvrir l\u2019ing\u00e9nieurie de la permaculture et de s\u2019y former\",\"breadcrumb\":{\"@id\":\"https:\/\/permascope.net\/index.php\/formations-permaculture\/#breadcrumb\"},\"inLanguage\":\"fr-FR\",\"potentialAction\":[{\"@type\":\"ReadAction\",\"target\":[\"https:\/\/permascope.net\/index.php\/formations-permaculture\/\"]}]},{\"@type\":\"ImageObject\",\"inLanguage\":\"fr-FR\",\"@id\":\"https:\/\/permascope.net\/index.php\/formations-permaculture\/#primaryimage\",\"url\":\"https:\/\/permascope.net\/wp-content\/uploads\/2022\/12\/IMG_9049.jpg\",\"contentUrl\":\"https:\/\/permascope.net\/wp-content\/uploads\/2022\/12\/IMG_9049.jpg\",\"width\":1008,\"height\":490},{\"@type\":\"BreadcrumbList\",\"@id\":\"https:\/\/permascope.net\/index.php\/formations-permaculture\/#breadcrumb\",\"itemListElement\":[{\"@type\":\"ListItem\",\"position\":1,\"name\":\"Accueil\",\"item\":\"https:\/\/permascope.net\/\"},{\"@type\":\"ListItem\",\"position\":2,\"name\":\"Formations\"}]},{\"@type\":\"WebSite\",\"@id\":\"https:\/\/permascope.net\/#website\",\"url\":\"https:\/\/permascope.net\/\",\"name\":\"Permascope\",\"description\":\"la permaculture dans tous ses \u00e9tats\",\"publisher\":{\"@id\":\"https:\/\/permascope.net\/#organization\"},\"potentialAction\":[{\"@type\":\"SearchAction\",\"target\":{\"@type\":\"EntryPoint\",\"urlTemplate\":\"https:\/\/permascope.net\/?s={search_term_string}\"},\"query-input\":{\"@type\":\"PropertyValueSpecification\",\"valueRequired\":true,\"valueName\":\"search_term_string\"}}],\"inLanguage\":\"fr-FR\"},{\"@type\":\"Organization\",\"@id\":\"https:\/\/permascope.net\/#organization\",\"name\":\"Permascope\",\"url\":\"https:\/\/permascope.net\/\",\"logo\":{\"@type\":\"ImageObject\",\"inLanguage\":\"fr-FR\",\"@id\":\"https:\/\/permascope.net\/#\/schema\/logo\/image\/\",\"url\":\"https:\/\/permascope.net\/wp-content\/uploads\/2021\/02\/cropped-logo-site-big2.png\",\"contentUrl\":\"https:\/\/permascope.net\/wp-content\/uploads\/2021\/02\/cropped-logo-site-big2.png\",\"width\":240,\"height\":92,\"caption\":\"Permascope\"},\"image\":{\"@id\":\"https:\/\/permascope.net\/#\/schema\/logo\/image\/\"}}]}<\/script>\n<!-- \/ Yoast SEO plugin. -->","yoast_head_json":{"title":"Formations - Permascope","description":"les cours certif\u00e9s de permaculture proposent de d\u00e9couvrir l\u2019ing\u00e9nieurie de la permaculture et de s\u2019y former","robots":{"index":"index","follow":"follow","max-snippet":"max-snippet:-1","max-image-preview":"max-image-preview:large","max-video-preview":"max-video-preview:-1"},"canonical":"https:\/\/permascope.net\/index.php\/formations-permaculture\/","og_locale":"fr_FR","og_type":"article","og_title":"Formations - Permascope","og_description":"les cours certif\u00e9s de permaculture proposent de d\u00e9couvrir l\u2019ing\u00e9nieurie de la permaculture et de s\u2019y former","og_url":"https:\/\/permascope.net\/index.php\/formations-permaculture\/","og_site_name":"Permascope","article_modified_time":"2025-10-01T10:46:46+00:00","og_image":[{"width":1008,"height":490,"url":"https:\/\/permascope.net\/wp-content\/uploads\/2022\/12\/IMG_9049.jpg","type":"image\/jpeg"}],"twitter_card":"summary_large_image","twitter_misc":{"Dur\u00e9e de lecture estim\u00e9e":"3 minutes"},"schema":{"@context":"https:\/\/schema.org","@graph":[{"@type":"WebPage","@id":"https:\/\/permascope.net\/index.php\/formations-permaculture\/","url":"https:\/\/permascope.net\/index.php\/formations-permaculture\/","name":"Formations - Permascope","isPartOf":{"@id":"https:\/\/permascope.net\/#website"},"primaryImageOfPage":{"@id":"https:\/\/permascope.net\/index.php\/formations-permaculture\/#primaryimage"},"image":{"@id":"https:\/\/permascope.net\/index.php\/formations-permaculture\/#primaryimage"},"thumbnailUrl":"https:\/\/permascope.net\/wp-content\/uploads\/2022\/12\/IMG_9049.jpg","datePublished":"2020-03-07T12:48:24+00:00","dateModified":"2025-10-01T10:46:46+00:00","description":"les cours certif\u00e9s de permaculture proposent de d\u00e9couvrir l\u2019ing\u00e9nieurie de la permaculture et de s\u2019y former","breadcrumb":{"@id":"https:\/\/permascope.net\/index.php\/formations-permaculture\/#breadcrumb"},"inLanguage":"fr-FR","potentialAction":[{"@type":"ReadAction","target":["https:\/\/permascope.net\/index.php\/formations-permaculture\/"]}]},{"@type":"ImageObject","inLanguage":"fr-FR","@id":"https:\/\/permascope.net\/index.php\/formations-permaculture\/#primaryimage","url":"https:\/\/permascope.net\/wp-content\/uploads\/2022\/12\/IMG_9049.jpg","contentUrl":"https:\/\/permascope.net\/wp-content\/uploads\/2022\/12\/IMG_9049.jpg","width":1008,"height":490},{"@type":"BreadcrumbList","@id":"https:\/\/permascope.net\/index.php\/formations-permaculture\/#breadcrumb","itemListElement":[{"@type":"ListItem","position":1,"name":"Accueil","item":"https:\/\/permascope.net\/"},{"@type":"ListItem","position":2,"name":"Formations"}]},{"@type":"WebSite","@id":"https:\/\/permascope.net\/#website","url":"https:\/\/permascope.net\/","name":"Permascope","description":"la permaculture dans tous ses \u00e9tats","publisher":{"@id":"https:\/\/permascope.net\/#organization"},"potentialAction":[{"@type":"SearchAction","target":{"@type":"EntryPoint","urlTemplate":"https:\/\/permascope.net\/?s={search_term_string}"},"query-input":{"@type":"PropertyValueSpecification","valueRequired":true,"valueName":"search_term_string"}}],"inLanguage":"fr-FR"},{"@type":"Organization","@id":"https:\/\/permascope.net\/#organization","name":"Permascope","url":"https:\/\/permascope.net\/","logo":{"@type":"ImageObject","inLanguage":"fr-FR","@id":"https:\/\/permascope.net\/#\/schema\/logo\/image\/","url":"https:\/\/permascope.net\/wp-content\/uploads\/2021\/02\/cropped-logo-site-big2.png","contentUrl":"https:\/\/permascope.net\/wp-content\/uploads\/2021\/02\/cropped-logo-site-big2.png","width":240,"height":92,"caption":"Permascope"},"image":{"@id":"https:\/\/permascope.net\/#\/schema\/logo\/image\/"}}]}},"_links":{"self":[{"href":"https:\/\/permascope.net\/index.php\/wp-json\/wp\/v2\/pages\/223","targetHints":{"allow":["GET"]}}],"collection":[{"href":"https:\/\/permascope.net\/index.php\/wp-json\/wp\/v2\/pages"}],"about":[{"href":"https:\/\/permascope.net\/index.php\/wp-json\/wp\/v2\/types\/page"}],"author":[{"embeddable":true,"href":"https:\/\/permascope.net\/index.php\/wp-json\/wp\/v2\/users\/1"}],"replies":[{"embeddable":true,"href":"https:\/\/permascope.net\/index.php\/wp-json\/wp\/v2\/comments?post=223"}],"version-history":[{"count":74,"href":"https:\/\/permascope.net\/index.php\/wp-json\/wp\/v2\/pages\/223\/revisions"}],"predecessor-version":[{"id":11254,"href":"https:\/\/permascope.net\/index.php\/wp-json\/wp\/v2\/pages\/223\/revisions\/11254"}],"wp:featuredmedia":[{"embeddable":true,"href":"https:\/\/permascope.net\/index.php\/wp-json\/wp\/v2\/media\/3383"}],"wp:attachment":[{"href":"https:\/\/permascope.net\/index.php\/wp-json\/wp\/v2\/media?parent=223"}],"curies":[{"name":"wp","href":"https:\/\/api.w.org\/{rel}","templated":true}]}}