{"id":200,"date":"2020-02-28T15:41:40","date_gmt":"2020-02-28T14:41:40","guid":{"rendered":"http:\/\/permascope.fr\/?page_id=200"},"modified":"2024-10-25T15:13:15","modified_gmt":"2024-10-25T13:13:15","slug":"bureau-etude-permaculture-hydrologie-regenerative","status":"publish","type":"page","link":"https:\/\/permascope.net\/index.php\/bureau-etude-permaculture-hydrologie-regenerative\/","title":{"rendered":"Le bureau d&rsquo;\u00e9tudes"},"content":{"rendered":"<div class=\"wpb-content-wrapper\"><p>[vc_row css=\u00a0\u00bb.vc_custom_1727180433007{margin-bottom: 50px !important;}\u00a0\u00bb][vc_column]\n\t\t\t\t<p class=\"rs-p-wp-fix\"><\/p>\n\t\t\t\t<sr7-module data-alias=\"formations-1\" data-id=\"9\" id=\"SR7_9_1\" class=\"rs-ov-hidden\" data-version=\"6.7.15\">\n\t\t\t\t\t<sr7-adjuster><\/sr7-adjuster>\n\t\t\t\t\t<sr7-content>\n\t\t\t\t\t\t<sr7-slide id=\"SR7_9_1-17STR1\" data-key=\"17STR1\">\n\t\t\t\t\t\t\t<sr7-txt id=\"SR7_9_1-17STR1-1\" class=\"sr7-layer\">{{title}}<\/sr7-txt>\n\t\t\t\t\t\t\t<sr7-txt id=\"SR7_9_1-17STR1-7\" class=\"sr7-layer\"><a href=\"\" class=\"nocolor\">Accueil<\/a> \u00bb {{title}}<\/sr7-txt>\n\t\t\t\t\t\t<\/sr7-slide>\n\t\t\t\t\t\t<sr7-slide id=\"SR7_9_1-18\" data-key=\"18\">\n\t\t\t\t\t\t<\/sr7-slide>\n\t\t\t\t\t<\/sr7-content>\n\t\t\t\t\t<image_lists style=\"display:none\">\n\t\t\t\t\t\t<img data-src=\"\/\/permascope.net\/wp-content\/uploads\/2020\/02\/haie-permacole-scaled.jpg\" data-libid=\"205\" data-lib=\"medialibrary\" title=\"haie-permacole\" width=\"0\" height=\"0\" data-dbsrc=\"Ly9wZXJtYXNjb3BlLm5ldC93cC1jb250ZW50L3VwbG9hZHMvMjAyMC8wMi9oYWllLXBlcm1hY29sZS1zY2FsZWQuanBn\"\/>\n\t\t\t\t\t\t<img data-src=\"\/\/permascope.net\/wp-content\/uploads\/2023\/04\/C784AC60-FBAD-4665-B9EE-D588AD852619.jpeg\" width=\"0\" height=\"0\" data-dbsrc=\"Ly9wZXJtYXNjb3BlLm5ldC93cC1jb250ZW50L3VwbG9hZHMvMjAyMy8wNC9DNzg0QUM2MC1GQkFELTQ2NjUtQjlFRS1ENTg4QUQ4NTI2MTkuanBlZw==\"\/>\n\t\t\t\t\t<\/image_lists>\n\t\t\t\t<\/sr7-module>\n\t\t\t\t<script>\n\t\t\t\t\tSR7.PMH ??={}; SR7.PMH[\"SR7_9_1\"] = {cn:0,state:false,fn: function() { if (_tpt!==undefined && _tpt.prepareModuleHeight !== undefined) {  _tpt.prepareModuleHeight({id:\"SR7_9_1\",el:[400,400,768,960,720],type:'hero',shdw:'0',gh:[400,400,205,156,96],gw:[2000,2000,1024,778,480],vpt:['100px'],size:{fullWidth:true, fullHeight:false},mh:'0',onh:0,onw:0,bg:{color:'{\"orig\":\"transparent\",\"type\":\"solid\",\"string\":\"transparent\"}'}});   SR7.PMH[\"SR7_9_1\"].state=true;} else if((SR7.PMH[\"SR7_9_1\"].cn++)<100)\tsetTimeout( SR7.PMH[\"SR7_9_1\"].fn,19);}};SR7.PMH[\"SR7_9_1\" ].fn();\n\t\t\t\t<\/script>\n[\/vc_column][\/vc_row][vc_row][vc_column][vc_column_text css=\u00a0\u00bb\u00a0\u00bb]Actif depuis plus de trois ans le bureau d&rsquo;\u00e9tudes<strong><em> Permascope<\/em> <\/strong>est un des pionniers parmi les acteurs \u00a0fran\u00e7ais, sp\u00e9cialis\u00e9 en permaculture et <strong><a href=\"https:\/\/permascope.net\/index.php\/keyline-design\/\">hydrologie r\u00e9g\u00e9n\u00e9rative<\/a><\/strong>.<\/p>\n<p>Son but est de mettre \u00e0 disposition en r\u00e9el les outils qu&rsquo;offre la pratique de la permaculture aupr\u00e8s de tout public et cr\u00e9er de nouveaux paysages robustes, face au contexte socio-climatique actuel.<\/p>\n<p>Chaque conception est une aventure humaine modifiant en profondeur la structure propre \u00e0 chaque terrain \u00e9tudi\u00e9 et le fonctionnement des porteurs de projet.<\/p>\n<p>Fort de cette exp\u00e9rience, l&rsquo;exp\u00e9rience grandissante, chaque projet tend \u00e0 r\u00e9aliser le r\u00eave des porteurs de projets tout en garantissant <em><strong>un accroissement de biodiversit\u00e9, <\/strong>gr\u00e2ce aux principes de<a href=\"https:\/\/www.agroforesterie.fr\"><strong> l&rsquo;agroforesterie <\/strong><\/a><\/em>\u00a0plus de production vivri\u00e8re, <em><strong>une meilleure gestion de l&rsquo;eau <\/strong>gr\u00e2ce \u00e0<strong><a href=\"https:\/\/hydrologie-regenerative.fr\"> l&rsquo;hydrologie r\u00e9g\u00e9n\u00e9rative<\/a>, <\/strong><\/em>\u00a0une meilleure qualit\u00e9 du sol ainsi que plus de robustesse \u00a0sur les parcelles \u00e9tudi\u00e9es.<\/p>\n<p>&nbsp;<\/p>\n<h2>Raison d&rsquo;\u00eatre:<\/h2>\n<p>Transformer les lieux de vie ou de travail et faire en sorte que les pratiques soient adapt\u00e9es aux r\u00e9alit\u00e9s actuelles tout en pr\u00e9servant chaque \u00eatre vivant.<\/p>\n<p>R\u00e9g\u00e9n\u00e9rer tous les \u00e9cosyst\u00e8mes et vivre en harmonie avec.<\/p>\n<h2>A qui s&rsquo;adresse un Design?<\/h2>\n<p>Tout public, toute personne, entreprise, collectif, agriculteurs, \u00a0collectivit\u00e9, \u00a0conscients des besoins d&rsquo;aller ensemble vers de nouvelles perspectives \u00e9cosyst\u00e9miques:<\/p>\n<p>Particuliers souhaitant am\u00e9liorer leurs conditions de vie chez eux,\u00a0 agriculteurs souhaitant transformer leurs pratiques, secteur touristique souhaitant transmettre de leur territoire, entreprises souhaitant am\u00e9liorer les conditions de travail, etc&#8230;<\/p>\n<h2>De quoi s&rsquo;agit il?<\/h2>\n<p>Un design consiste \u00e0 observer l&rsquo;ensemble des \u00e9l\u00e9ments constituant votre paysage direct et indirect, apprendre quelles sont les interactions entre vous et votre environnement afin de cr\u00e9er un maximum d&rsquo;interactions \u00e0 impact positif tout en optimisant les efforts pour les r\u00e9aliser.[\/vc_column_text][\/vc_column][\/vc_row][vc_row full_width=\u00a0\u00bbstretch_row\u00a0\u00bb][vc_column width=\u00a0\u00bb1\/2&Prime;][vc_column_text css_animation=\u00a0\u00bbnone\u00a0\u00bb]<\/p>\n<h2>Comment \u00e7a marche?<\/h2>\n<p><strong>Le travail de conception s&rsquo;effectue en 3 grandes \u00e9tapes:<\/strong><\/p>\n<ol>\n<li>Prise d&rsquo;informations relatives au projet<\/li>\n<li>\u00c9tude\/diagnostic et Analyse<\/li>\n<li>Conception<\/li>\n<\/ol>\n<p>Ces 3 \u00e9tapes constituent l&rsquo;\u00e9tude pr\u00e9alable de votre projet avant sa r\u00e9alisation.<\/p>\n<p><strong>Pourquoi une \u00e9tude ?<\/strong><\/p>\n<p>Cette \u00e9tape est n\u00e9cessaire afin de consid\u00e9rer tous les aspects contextuels de votre terrain (Climat, sol, risques, eau, biodiversit\u00e9, pentes, relief, flux, nuisances,budget et \u00e9conomie, voisinage et l\u00e9gislation) et leur \u00e9volution dans le temps.<\/p>\n<p>Elle permet d&rsquo;analyser et synth\u00e9tiser la faisabilit\u00e9 de votre projet vis \u00e0 vis de votre environnement tout en proposant des solutions adapt\u00e9es, optimisant l&rsquo;ergonomie de votre lieu, augmentant sa production et biodiversit\u00e9 tout en maximisant les interactions \u00e0 impact positif.<\/p>\n<p><strong>En amont\u00a0 de ce processus, une entrevue sera propos\u00e9e afin de vous rencontrer, rencontrer votre environnement et questionner votre r\u00eave. Un \u00e9tat des lieux et un travail individuel ou collectif pourra \u00eatre propos\u00e9 pour mener \u00e0 bien le projet.<\/strong><\/p>\n<h2>Et ensuite?<\/h2>\n<p>Une fois l&rsquo;\u00e9tude et conception r\u00e9alis\u00e9e, il existe plusieurs solutions de mise en place que nous pourrons \u00e9tudier ensemble.<\/p>\n<p>Un accompagnement \u00e0 la mise en place de votre projet pourra \u00eatre envisag\u00e9 selon vos besoins et possibilit\u00e9s.<\/p>\n<p>Si vous voulez en savoir plus, cliquez sur le lien ci dessous, et n&rsquo;h\u00e9sitez pas \u00e0 me contacter pour plus d&rsquo;informations.<\/p>\n<p>`[\/vc_column_text][vc_btn title=\u00a0\u00bbCliquez ici pour voir mon portfolio\u00a0\u00bb style=\u00a0\u00bbflat\u00a0\u00bb color=\u00a0\u00bbprimary\u00a0\u00bb size=\u00a0\u00bblg\u00a0\u00bb align=\u00a0\u00bbcenter\u00a0\u00bb link=\u00a0\u00bburl:http%3A%2F%2Fpermascope.net%2Fwp-content%2Fuploads%2F2021%2F08%2Fportfolio-1.pdf\u00a0\u00bb][\/vc_column][vc_column width=\u00a0\u00bb1\/2&Prime;][vc_single_image image=\u00a0\u00bb205&Prime; img_size=\u00a0\u00bbfull\u00a0\u00bb alignment=\u00a0\u00bbcenter\u00a0\u00bb onclick=\u00a0\u00bbcustom_link\u00a0\u00bb link=\u00a0\u00bbhttps:\/\/permascope.net\/wp-content\/uploads\/2021\/08\/portfolio-1.pdf\u00a0\u00bb][\/vc_column][\/vc_row][vc_row][vc_column]\n<div class=\"wpcf7 no-js\" id=\"wpcf7-f7882-o1\" lang=\"fr-FR\" dir=\"ltr\" data-wpcf7-id=\"7882\">\n<div class=\"screen-reader-response\"><p role=\"status\" aria-live=\"polite\" aria-atomic=\"true\"><\/p> <ul><\/ul><\/div>\n<form action=\"\/index.php\/wp-json\/wp\/v2\/pages\/200#wpcf7-f7882-o1\" method=\"post\" class=\"wpcf7-form init\" aria-label=\"Formulaire de contact\" novalidate=\"novalidate\" data-status=\"init\">\n<fieldset class=\"hidden-fields-container\"><input type=\"hidden\" name=\"_wpcf7\" value=\"7882\" \/><input type=\"hidden\" name=\"_wpcf7_version\" value=\"6.1.5\" \/><input type=\"hidden\" name=\"_wpcf7_locale\" value=\"fr_FR\" \/><input type=\"hidden\" name=\"_wpcf7_unit_tag\" value=\"wpcf7-f7882-o1\" \/><input type=\"hidden\" name=\"_wpcf7_container_post\" value=\"0\" \/><input type=\"hidden\" name=\"_wpcf7_posted_data_hash\" value=\"\" \/><input type=\"hidden\" name=\"_wpcf7_recaptcha_response\" value=\"\" \/>\n<\/fieldset>\n<p><label> Votre nom<br \/>\n<span class=\"wpcf7-form-control-wrap\" data-name=\"your-name\"><input size=\"40\" maxlength=\"400\" class=\"wpcf7-form-control wpcf7-text wpcf7-validates-as-required\" autocomplete=\"name\" aria-required=\"true\" aria-invalid=\"false\" value=\"\" type=\"text\" name=\"your-name\" \/><\/span> <\/label>\n<\/p>\n<p><label> Votre e-mail<br \/>\n<span class=\"wpcf7-form-control-wrap\" data-name=\"your-email\"><input size=\"40\" maxlength=\"400\" class=\"wpcf7-form-control wpcf7-email wpcf7-validates-as-required wpcf7-text wpcf7-validates-as-email\" autocomplete=\"email\" aria-required=\"true\" aria-invalid=\"false\" value=\"\" type=\"email\" name=\"your-email\" \/><\/span> <\/label>\n<\/p>\n<p><label> Objet<br \/>\n<span class=\"wpcf7-form-control-wrap\" data-name=\"your-subject\"><input size=\"40\" maxlength=\"400\" class=\"wpcf7-form-control wpcf7-text wpcf7-validates-as-required\" aria-required=\"true\" aria-invalid=\"false\" value=\"\" type=\"text\" name=\"your-subject\" \/><\/span> <\/label>\n<\/p>\n<p><label> Votre message (facultatif)<br \/>\n<span class=\"wpcf7-form-control-wrap\" data-name=\"your-message\"><textarea cols=\"40\" rows=\"10\" maxlength=\"2000\" class=\"wpcf7-form-control wpcf7-textarea\" aria-invalid=\"false\" name=\"your-message\"><\/textarea><\/span> <\/label>\n<\/p>\n<p><input class=\"wpcf7-form-control wpcf7-submit has-spinner\" type=\"submit\" value=\"Envoyer\" \/>\n<\/p><p style=\"display: none !important;\" class=\"akismet-fields-container\" data-prefix=\"_wpcf7_ak_\"><label>&#916;<textarea name=\"_wpcf7_ak_hp_textarea\" cols=\"45\" rows=\"8\" maxlength=\"100\"><\/textarea><\/label><input type=\"hidden\" id=\"ak_js_1\" name=\"_wpcf7_ak_js\" value=\"248\"\/><script>\ndocument.getElementById( \"ak_js_1\" ).setAttribute( \"value\", ( new Date() ).getTime() );\n<\/script>\n<\/p><div class=\"wpcf7-response-output\" aria-hidden=\"true\"><\/div>\n<\/form>\n<\/div>\n[\/vc_column][\/vc_row]<\/p>\n<\/div>","protected":false},"excerpt":{"rendered":"<p>[vc_row css=\u00a0\u00bb.vc_custom_1727180433007{margin-bottom: 50px !important;}\u00a0\u00bb][vc_column][\/vc_column][\/vc_row][vc_row][vc_column][vc_column_text css=\u00a0\u00bb\u00a0\u00bb]Actif depuis plus de trois ans le bureau d&rsquo;\u00e9tudes Permascope est un des pionniers parmi les acteurs \u00a0fran\u00e7ais, sp\u00e9cialis\u00e9 en permaculture et hydrologie r\u00e9g\u00e9n\u00e9rative. Son but est de mettre \u00e0 disposition en r\u00e9el les outils qu&rsquo;offre la pratique de la permaculture aupr\u00e8s de tout public et cr\u00e9er de nouveaux paysages robustes, [&hellip;]<\/p>\n","protected":false},"author":1,"featured_media":4323,"parent":0,"menu_order":0,"comment_status":"closed","ping_status":"closed","template":"","meta":{"footnotes":""},"class_list":["post-200","page","type-page","status-publish","has-post-thumbnail","hentry"],"yoast_head":"<!-- This site is optimized with the Yoast SEO plugin v24.0 - https:\/\/yoast.com\/wordpress\/plugins\/seo\/ -->\n<title>Le bureau d&#039;\u00e9tudes - Permascope<\/title>\n<meta name=\"description\" content=\"Permascope est un bureau d&#039;\u00e9tude engag\u00e9 dans l&#039;am\u00e9nagement du territoire gr\u00e2ce \u00e0 l&#039;ing\u00e9nieurie de la permaculture\" \/>\n<meta name=\"robots\" content=\"index, follow, max-snippet:-1, max-image-preview:large, max-video-preview:-1\" \/>\n<link rel=\"canonical\" href=\"https:\/\/permascope.net\/index.php\/bureau-etude-permaculture-hydrologie-regenerative\/\" \/>\n<meta property=\"og:locale\" content=\"fr_FR\" \/>\n<meta property=\"og:type\" content=\"article\" \/>\n<meta property=\"og:title\" content=\"Le bureau d&#039;\u00e9tudes - Permascope\" \/>\n<meta property=\"og:description\" content=\"Permascope est un bureau d&#039;\u00e9tude engag\u00e9 dans l&#039;am\u00e9nagement du territoire gr\u00e2ce \u00e0 l&#039;ing\u00e9nieurie de la permaculture\" \/>\n<meta property=\"og:url\" content=\"https:\/\/permascope.net\/index.php\/bureau-etude-permaculture-hydrologie-regenerative\/\" \/>\n<meta property=\"og:site_name\" content=\"Permascope\" \/>\n<meta property=\"article:modified_time\" content=\"2024-10-25T13:13:15+00:00\" \/>\n<meta property=\"og:image\" content=\"https:\/\/permascope.net\/wp-content\/uploads\/2023\/04\/C784AC60-FBAD-4665-B9EE-D588AD852619.jpeg\" \/>\n\t<meta property=\"og:image:width\" content=\"1198\" \/>\n\t<meta property=\"og:image:height\" content=\"746\" \/>\n\t<meta property=\"og:image:type\" content=\"image\/jpeg\" \/>\n<meta name=\"twitter:card\" content=\"summary_large_image\" \/>\n<meta name=\"twitter:label1\" content=\"Dur\u00e9e de lecture estim\u00e9e\" \/>\n\t<meta name=\"twitter:data1\" content=\"3 minutes\" \/>\n<script type=\"application\/ld+json\" class=\"yoast-schema-graph\">{\"@context\":\"https:\/\/schema.org\",\"@graph\":[{\"@type\":\"WebPage\",\"@id\":\"https:\/\/permascope.net\/index.php\/bureau-etude-permaculture-hydrologie-regenerative\/\",\"url\":\"https:\/\/permascope.net\/index.php\/bureau-etude-permaculture-hydrologie-regenerative\/\",\"name\":\"Le bureau d'\u00e9tudes - Permascope\",\"isPartOf\":{\"@id\":\"https:\/\/permascope.net\/#website\"},\"primaryImageOfPage\":{\"@id\":\"https:\/\/permascope.net\/index.php\/bureau-etude-permaculture-hydrologie-regenerative\/#primaryimage\"},\"image\":{\"@id\":\"https:\/\/permascope.net\/index.php\/bureau-etude-permaculture-hydrologie-regenerative\/#primaryimage\"},\"thumbnailUrl\":\"https:\/\/permascope.net\/wp-content\/uploads\/2023\/04\/C784AC60-FBAD-4665-B9EE-D588AD852619.jpeg\",\"datePublished\":\"2020-02-28T14:41:40+00:00\",\"dateModified\":\"2024-10-25T13:13:15+00:00\",\"description\":\"Permascope est un bureau d'\u00e9tude engag\u00e9 dans l'am\u00e9nagement du territoire gr\u00e2ce \u00e0 l'ing\u00e9nieurie de la permaculture\",\"breadcrumb\":{\"@id\":\"https:\/\/permascope.net\/index.php\/bureau-etude-permaculture-hydrologie-regenerative\/#breadcrumb\"},\"inLanguage\":\"fr-FR\",\"potentialAction\":[{\"@type\":\"ReadAction\",\"target\":[\"https:\/\/permascope.net\/index.php\/bureau-etude-permaculture-hydrologie-regenerative\/\"]}]},{\"@type\":\"ImageObject\",\"inLanguage\":\"fr-FR\",\"@id\":\"https:\/\/permascope.net\/index.php\/bureau-etude-permaculture-hydrologie-regenerative\/#primaryimage\",\"url\":\"https:\/\/permascope.net\/wp-content\/uploads\/2023\/04\/C784AC60-FBAD-4665-B9EE-D588AD852619.jpeg\",\"contentUrl\":\"https:\/\/permascope.net\/wp-content\/uploads\/2023\/04\/C784AC60-FBAD-4665-B9EE-D588AD852619.jpeg\",\"width\":1198,\"height\":746},{\"@type\":\"BreadcrumbList\",\"@id\":\"https:\/\/permascope.net\/index.php\/bureau-etude-permaculture-hydrologie-regenerative\/#breadcrumb\",\"itemListElement\":[{\"@type\":\"ListItem\",\"position\":1,\"name\":\"Accueil\",\"item\":\"https:\/\/permascope.net\/\"},{\"@type\":\"ListItem\",\"position\":2,\"name\":\"Le bureau d&rsquo;\u00e9tudes\"}]},{\"@type\":\"WebSite\",\"@id\":\"https:\/\/permascope.net\/#website\",\"url\":\"https:\/\/permascope.net\/\",\"name\":\"Permascope\",\"description\":\"la permaculture dans tous ses \u00e9tats\",\"publisher\":{\"@id\":\"https:\/\/permascope.net\/#organization\"},\"potentialAction\":[{\"@type\":\"SearchAction\",\"target\":{\"@type\":\"EntryPoint\",\"urlTemplate\":\"https:\/\/permascope.net\/?s={search_term_string}\"},\"query-input\":{\"@type\":\"PropertyValueSpecification\",\"valueRequired\":true,\"valueName\":\"search_term_string\"}}],\"inLanguage\":\"fr-FR\"},{\"@type\":\"Organization\",\"@id\":\"https:\/\/permascope.net\/#organization\",\"name\":\"Permascope\",\"url\":\"https:\/\/permascope.net\/\",\"logo\":{\"@type\":\"ImageObject\",\"inLanguage\":\"fr-FR\",\"@id\":\"https:\/\/permascope.net\/#\/schema\/logo\/image\/\",\"url\":\"https:\/\/permascope.net\/wp-content\/uploads\/2021\/02\/cropped-logo-site-big2.png\",\"contentUrl\":\"https:\/\/permascope.net\/wp-content\/uploads\/2021\/02\/cropped-logo-site-big2.png\",\"width\":240,\"height\":92,\"caption\":\"Permascope\"},\"image\":{\"@id\":\"https:\/\/permascope.net\/#\/schema\/logo\/image\/\"}}]}<\/script>\n<!-- \/ Yoast SEO plugin. -->","yoast_head_json":{"title":"Le bureau d'\u00e9tudes - Permascope","description":"Permascope est un bureau d'\u00e9tude engag\u00e9 dans l'am\u00e9nagement du territoire gr\u00e2ce \u00e0 l'ing\u00e9nieurie de la permaculture","robots":{"index":"index","follow":"follow","max-snippet":"max-snippet:-1","max-image-preview":"max-image-preview:large","max-video-preview":"max-video-preview:-1"},"canonical":"https:\/\/permascope.net\/index.php\/bureau-etude-permaculture-hydrologie-regenerative\/","og_locale":"fr_FR","og_type":"article","og_title":"Le bureau d'\u00e9tudes - Permascope","og_description":"Permascope est un bureau d'\u00e9tude engag\u00e9 dans l'am\u00e9nagement du territoire gr\u00e2ce \u00e0 l'ing\u00e9nieurie de la permaculture","og_url":"https:\/\/permascope.net\/index.php\/bureau-etude-permaculture-hydrologie-regenerative\/","og_site_name":"Permascope","article_modified_time":"2024-10-25T13:13:15+00:00","og_image":[{"width":1198,"height":746,"url":"https:\/\/permascope.net\/wp-content\/uploads\/2023\/04\/C784AC60-FBAD-4665-B9EE-D588AD852619.jpeg","type":"image\/jpeg"}],"twitter_card":"summary_large_image","twitter_misc":{"Dur\u00e9e de lecture estim\u00e9e":"3 minutes"},"schema":{"@context":"https:\/\/schema.org","@graph":[{"@type":"WebPage","@id":"https:\/\/permascope.net\/index.php\/bureau-etude-permaculture-hydrologie-regenerative\/","url":"https:\/\/permascope.net\/index.php\/bureau-etude-permaculture-hydrologie-regenerative\/","name":"Le bureau d'\u00e9tudes - Permascope","isPartOf":{"@id":"https:\/\/permascope.net\/#website"},"primaryImageOfPage":{"@id":"https:\/\/permascope.net\/index.php\/bureau-etude-permaculture-hydrologie-regenerative\/#primaryimage"},"image":{"@id":"https:\/\/permascope.net\/index.php\/bureau-etude-permaculture-hydrologie-regenerative\/#primaryimage"},"thumbnailUrl":"https:\/\/permascope.net\/wp-content\/uploads\/2023\/04\/C784AC60-FBAD-4665-B9EE-D588AD852619.jpeg","datePublished":"2020-02-28T14:41:40+00:00","dateModified":"2024-10-25T13:13:15+00:00","description":"Permascope est un bureau d'\u00e9tude engag\u00e9 dans l'am\u00e9nagement du territoire gr\u00e2ce \u00e0 l'ing\u00e9nieurie de la permaculture","breadcrumb":{"@id":"https:\/\/permascope.net\/index.php\/bureau-etude-permaculture-hydrologie-regenerative\/#breadcrumb"},"inLanguage":"fr-FR","potentialAction":[{"@type":"ReadAction","target":["https:\/\/permascope.net\/index.php\/bureau-etude-permaculture-hydrologie-regenerative\/"]}]},{"@type":"ImageObject","inLanguage":"fr-FR","@id":"https:\/\/permascope.net\/index.php\/bureau-etude-permaculture-hydrologie-regenerative\/#primaryimage","url":"https:\/\/permascope.net\/wp-content\/uploads\/2023\/04\/C784AC60-FBAD-4665-B9EE-D588AD852619.jpeg","contentUrl":"https:\/\/permascope.net\/wp-content\/uploads\/2023\/04\/C784AC60-FBAD-4665-B9EE-D588AD852619.jpeg","width":1198,"height":746},{"@type":"BreadcrumbList","@id":"https:\/\/permascope.net\/index.php\/bureau-etude-permaculture-hydrologie-regenerative\/#breadcrumb","itemListElement":[{"@type":"ListItem","position":1,"name":"Accueil","item":"https:\/\/permascope.net\/"},{"@type":"ListItem","position":2,"name":"Le bureau d&rsquo;\u00e9tudes"}]},{"@type":"WebSite","@id":"https:\/\/permascope.net\/#website","url":"https:\/\/permascope.net\/","name":"Permascope","description":"la permaculture dans tous ses \u00e9tats","publisher":{"@id":"https:\/\/permascope.net\/#organization"},"potentialAction":[{"@type":"SearchAction","target":{"@type":"EntryPoint","urlTemplate":"https:\/\/permascope.net\/?s={search_term_string}"},"query-input":{"@type":"PropertyValueSpecification","valueRequired":true,"valueName":"search_term_string"}}],"inLanguage":"fr-FR"},{"@type":"Organization","@id":"https:\/\/permascope.net\/#organization","name":"Permascope","url":"https:\/\/permascope.net\/","logo":{"@type":"ImageObject","inLanguage":"fr-FR","@id":"https:\/\/permascope.net\/#\/schema\/logo\/image\/","url":"https:\/\/permascope.net\/wp-content\/uploads\/2021\/02\/cropped-logo-site-big2.png","contentUrl":"https:\/\/permascope.net\/wp-content\/uploads\/2021\/02\/cropped-logo-site-big2.png","width":240,"height":92,"caption":"Permascope"},"image":{"@id":"https:\/\/permascope.net\/#\/schema\/logo\/image\/"}}]}},"_links":{"self":[{"href":"https:\/\/permascope.net\/index.php\/wp-json\/wp\/v2\/pages\/200","targetHints":{"allow":["GET"]}}],"collection":[{"href":"https:\/\/permascope.net\/index.php\/wp-json\/wp\/v2\/pages"}],"about":[{"href":"https:\/\/permascope.net\/index.php\/wp-json\/wp\/v2\/types\/page"}],"author":[{"embeddable":true,"href":"https:\/\/permascope.net\/index.php\/wp-json\/wp\/v2\/users\/1"}],"replies":[{"embeddable":true,"href":"https:\/\/permascope.net\/index.php\/wp-json\/wp\/v2\/comments?post=200"}],"version-history":[{"count":83,"href":"https:\/\/permascope.net\/index.php\/wp-json\/wp\/v2\/pages\/200\/revisions"}],"predecessor-version":[{"id":8048,"href":"https:\/\/permascope.net\/index.php\/wp-json\/wp\/v2\/pages\/200\/revisions\/8048"}],"wp:featuredmedia":[{"embeddable":true,"href":"https:\/\/permascope.net\/index.php\/wp-json\/wp\/v2\/media\/4323"}],"wp:attachment":[{"href":"https:\/\/permascope.net\/index.php\/wp-json\/wp\/v2\/media?parent=200"}],"curies":[{"name":"wp","href":"https:\/\/api.w.org\/{rel}","templated":true}]}}