{"id":177,"date":"2020-02-28T14:47:13","date_gmt":"2020-02-28T13:47:13","guid":{"rendered":"http:\/\/permascope.fr\/?page_id=177"},"modified":"2024-09-24T14:11:55","modified_gmt":"2024-09-24T12:11:55","slug":"vision","status":"publish","type":"page","link":"https:\/\/permascope.net\/index.php\/vision\/","title":{"rendered":"Vision"},"content":{"rendered":"<div class=\"wpb-content-wrapper\"><p>[vc_row css=\u00a0\u00bb.vc_custom_1727179911400{margin-bottom: 50px !important;}\u00a0\u00bb][vc_column]\n\t\t\t\t<p class=\"rs-p-wp-fix\"><\/p>\n\t\t\t\t<sr7-module data-alias=\"slider-4-1-1\" data-id=\"7\" id=\"SR7_7_1\" class=\"rs-ov-hidden\" data-version=\"6.7.15\">\n\t\t\t\t\t<sr7-adjuster><\/sr7-adjuster>\n\t\t\t\t\t<sr7-content>\n\t\t\t\t\t\t<sr7-slide id=\"SR7_7_1-13STR1\" data-key=\"13STR1\">\n\t\t\t\t\t\t\t<sr7-txt id=\"SR7_7_1-13STR1-1\" class=\"sr7-layer\">Vision<\/sr7-txt>\n\t\t\t\t\t\t\t<sr7-txt id=\"SR7_7_1-13STR1-7\" class=\"sr7-layer\"><a href=\"\" class=\"nocolor\">Accueil<\/a> \u00bb Vision<\/sr7-txt>\n\t\t\t\t\t\t<\/sr7-slide>\n\t\t\t\t\t\t<sr7-slide id=\"SR7_7_1-14\" data-key=\"14\">\n\t\t\t\t\t\t<\/sr7-slide>\n\t\t\t\t\t<\/sr7-content>\n\t\t\t\t\t<image_lists style=\"display:none\">\n\t\t\t\t\t\t<img data-src=\"\/\/permascope.net\/wp-content\/uploads\/2020\/02\/IMG_20190206_164942556_HDR-scaled.jpg\" data-libid=\"181\" data-lib=\"medialibrary\" title=\"IMG_20190206_164942556_HDR\" width=\"0\" height=\"0\" data-dbsrc=\"Ly9wZXJtYXNjb3BlLm5ldC93cC1jb250ZW50L3VwbG9hZHMvMjAyMC8wMi9JTUdfMjAxOTAyMDZfMTY0OTQyNTU2X0hEUi1zY2FsZWQuanBn\"\/>\n\t\t\t\t\t\t<img data-src=\"\/\/permascope.net\/wp-content\/uploads\/2020\/02\/IMG_20190206_164942556_HDR-scaled.jpg\" width=\"0\" height=\"0\" data-dbsrc=\"Ly9wZXJtYXNjb3BlLm5ldC93cC1jb250ZW50L3VwbG9hZHMvMjAyMC8wMi9JTUdfMjAxOTAyMDZfMTY0OTQyNTU2X0hEUi1zY2FsZWQuanBn\"\/>\n\t\t\t\t\t<\/image_lists>\n\t\t\t\t<\/sr7-module>\n\t\t\t\t<script>\n\t\t\t\t\tSR7.PMH ??={}; SR7.PMH[\"SR7_7_1\"] = {cn:0,state:false,fn: function() { if (_tpt!==undefined && _tpt.prepareModuleHeight !== undefined) {  _tpt.prepareModuleHeight({id:\"SR7_7_1\",el:[400,400,768,960,720],type:'hero',shdw:'0',gh:[400,400,205,156,96],gw:[2000,2000,1024,778,480],vpt:['100px'],size:{fullWidth:true, fullHeight:false},mh:'0',onh:0,onw:0,bg:{color:'{\"orig\":\"transparent\",\"type\":\"solid\",\"string\":\"transparent\"}'}});   SR7.PMH[\"SR7_7_1\"].state=true;} else if((SR7.PMH[\"SR7_7_1\"].cn++)<100)\tsetTimeout( SR7.PMH[\"SR7_7_1\"].fn,19);}};SR7.PMH[\"SR7_7_1\" ].fn();\n\t\t\t\t<\/script>\n[\/vc_column][\/vc_row][vc_row][vc_column][vc_column_text]<\/p>\r\n<div class=\"wp-block-group alignwide\"><div class=\"wp-block-group__inner-container\">\r\n<div class=\"wp-block-group__inner-container is-layout-flow wp-block-group-is-layout-flow\">\r\n<div class=\"wp-block-group alignwide\">\r\n<div class=\"wp-block-group__inner-container is-layout-flow wp-block-group-is-layout-flow\">\r\n<div class=\"wp-block-media-text alignwide\" style=\"grid-template-columns: 31% auto;\">\r\n<figure class=\"wp-block-media-text__media\"><img loading=\"lazy\" decoding=\"async\" width=\"768\" height=\"1024\" class=\"wp-image-181\" src=\"http:\/\/permascope.fr\/wp-content\/uploads\/2020\/02\/IMG_20190206_164942556_HDR-768x1024.jpg\" alt=\"\" srcset=\"https:\/\/permascope.net\/wp-content\/uploads\/2020\/02\/IMG_20190206_164942556_HDR-768x1024.jpg 768w, https:\/\/permascope.net\/wp-content\/uploads\/2020\/02\/IMG_20190206_164942556_HDR-225x300.jpg 225w, https:\/\/permascope.net\/wp-content\/uploads\/2020\/02\/IMG_20190206_164942556_HDR-1152x1536.jpg 1152w, https:\/\/permascope.net\/wp-content\/uploads\/2020\/02\/IMG_20190206_164942556_HDR-1536x2048.jpg 1536w, https:\/\/permascope.net\/wp-content\/uploads\/2020\/02\/IMG_20190206_164942556_HDR-1x1.jpg 1w, https:\/\/permascope.net\/wp-content\/uploads\/2020\/02\/IMG_20190206_164942556_HDR-scaled.jpg 1920w\" sizes=\"auto, (max-width: 768px) 100vw, 768px\" \/><\/figure>\r\n<div class=\"wp-block-media-text__content\">\r\n<p style=\"font-size: 25px;\">Nos \u00e9cosyst\u00e8mes sont en pleine mutation<\/p>\r\n\r\n\r\n\r\n<p style=\"font-size: 18px;\">Nous vivons une phase qui nourrit l&rsquo;envie et le besoin de r\u00e9silience, de reconnaissance individuelle, d&rsquo;entraide, d&rsquo;interd\u00e9pendance&#8230;<\/p>\r\n\r\n\r\n\r\n<p style=\"font-size: 18px;\">Petit \u00e0 petit, notre nature tend \u00e0 se retrouver, \u00e0 se reconnecter profond\u00e9ment \u00e0 nous-m\u00eames et \u00e0 ce qui nous relie, faisant face \u00e0 des d\u00e9fis d&rsquo;envergure.<\/p>\r\n\r\n\r\n\r\n<p style=\"font-size: 18px;\">Construire un nouveau paradigme, o\u00f9 le partage \u00e9quitable entre tout le vivant et la pr\u00e9servation de la vie sur terre sont fondamentaux, o\u00f9 le non-jugement et la communication permettent \u00e0 chacun-e de se r\u00e9aliser individuellement et de contribuer \u00e0 l&rsquo;atteinte d&rsquo;objectifs communs. Les outils de ce changement peuvent \u00eatre partag\u00e9s et augment\u00e9s gr\u00e2ce \u00e0 la vision d&rsquo;un engagement et d&rsquo;une intelligence collective.<\/p>\r\n\r\n\r\n\r\n<p style=\"font-size: 18px;\">Cheminons ensemble vers cette dimension o\u00f9 nous faisons int\u00e9gralement partie de notre environnement naturel, guid\u00e9-e-s par cette intelligence et redevenons partenaires de ce qui nous a permis de vivre en laissant le moins de traces.<\/p>\r\n<p><\/p>\r\n<\/div>\r\n<\/div>\r\n<p><\/p>\r\n<\/div>\r\n<\/div>\r\n<p><\/p>\r\n<\/div>\r\n<\/div><\/div>\r\n\r\n<p>\u00a0<\/p>\r\n<p>[\/vc_column_text][\/vc_column][\/vc_row]<\/p><\/div>","protected":false},"excerpt":{"rendered":"<p>[vc_row css=\u00a0\u00bb.vc_custom_1727179911400{margin-bottom: 50px !important;}\u00a0\u00bb][vc_column][\/vc_column][\/vc_row][vc_row][vc_column][vc_column_text] Nos \u00e9cosyst\u00e8mes sont en pleine mutation Nous vivons une phase qui nourrit l&rsquo;envie et le besoin de r\u00e9silience, de reconnaissance individuelle, d&rsquo;entraide, d&rsquo;interd\u00e9pendance&#8230; Petit \u00e0 petit, notre nature tend \u00e0 se retrouver, \u00e0 se reconnecter profond\u00e9ment \u00e0 nous-m\u00eames et \u00e0 ce qui nous relie, faisant face \u00e0 des d\u00e9fis d&rsquo;envergure. Construire [&hellip;]<\/p>\n","protected":false},"author":1,"featured_media":181,"parent":0,"menu_order":0,"comment_status":"closed","ping_status":"closed","template":"","meta":{"footnotes":""},"class_list":["post-177","page","type-page","status-publish","has-post-thumbnail","hentry"],"yoast_head":"<!-- This site is optimized with the Yoast SEO plugin v24.0 - https:\/\/yoast.com\/wordpress\/plugins\/seo\/ -->\n<title>Vision - Permascope<\/title>\n<meta name=\"robots\" content=\"index, follow, max-snippet:-1, max-image-preview:large, max-video-preview:-1\" \/>\n<link rel=\"canonical\" href=\"https:\/\/permascope.net\/index.php\/vision\/\" \/>\n<meta property=\"og:locale\" content=\"fr_FR\" \/>\n<meta property=\"og:type\" content=\"article\" \/>\n<meta property=\"og:title\" content=\"Vision - Permascope\" \/>\n<meta property=\"og:description\" content=\"[vc_row css=\u00a0\u00bb.vc_custom_1727179911400{margin-bottom: 50px !important;}\u00a0\u00bb][vc_column][\/vc_column][\/vc_row][vc_row][vc_column][vc_column_text] Nos \u00e9cosyst\u00e8mes sont en pleine mutation Nous vivons une phase qui nourrit l&rsquo;envie et le besoin de r\u00e9silience, de reconnaissance individuelle, d&rsquo;entraide, d&rsquo;interd\u00e9pendance&#8230; Petit \u00e0 petit, notre nature tend \u00e0 se retrouver, \u00e0 se reconnecter profond\u00e9ment \u00e0 nous-m\u00eames et \u00e0 ce qui nous relie, faisant face \u00e0 des d\u00e9fis d&rsquo;envergure. Construire [&hellip;]\" \/>\n<meta property=\"og:url\" content=\"https:\/\/permascope.net\/index.php\/vision\/\" \/>\n<meta property=\"og:site_name\" content=\"Permascope\" \/>\n<meta property=\"article:modified_time\" content=\"2024-09-24T12:11:55+00:00\" \/>\n<meta property=\"og:image\" content=\"https:\/\/permascope.net\/wp-content\/uploads\/2020\/02\/IMG_20190206_164942556_HDR-scaled.jpg\" \/>\n\t<meta property=\"og:image:width\" content=\"1920\" \/>\n\t<meta property=\"og:image:height\" content=\"2560\" \/>\n\t<meta property=\"og:image:type\" content=\"image\/jpeg\" \/>\n<meta name=\"twitter:card\" content=\"summary_large_image\" \/>\n<meta name=\"twitter:label1\" content=\"Dur\u00e9e de lecture estim\u00e9e\" \/>\n\t<meta name=\"twitter:data1\" content=\"2 minutes\" \/>\n<script type=\"application\/ld+json\" class=\"yoast-schema-graph\">{\"@context\":\"https:\/\/schema.org\",\"@graph\":[{\"@type\":\"WebPage\",\"@id\":\"https:\/\/permascope.net\/index.php\/vision\/\",\"url\":\"https:\/\/permascope.net\/index.php\/vision\/\",\"name\":\"Vision - Permascope\",\"isPartOf\":{\"@id\":\"https:\/\/permascope.net\/#website\"},\"primaryImageOfPage\":{\"@id\":\"https:\/\/permascope.net\/index.php\/vision\/#primaryimage\"},\"image\":{\"@id\":\"https:\/\/permascope.net\/index.php\/vision\/#primaryimage\"},\"thumbnailUrl\":\"https:\/\/permascope.net\/wp-content\/uploads\/2020\/02\/IMG_20190206_164942556_HDR-scaled.jpg\",\"datePublished\":\"2020-02-28T13:47:13+00:00\",\"dateModified\":\"2024-09-24T12:11:55+00:00\",\"breadcrumb\":{\"@id\":\"https:\/\/permascope.net\/index.php\/vision\/#breadcrumb\"},\"inLanguage\":\"fr-FR\",\"potentialAction\":[{\"@type\":\"ReadAction\",\"target\":[\"https:\/\/permascope.net\/index.php\/vision\/\"]}]},{\"@type\":\"ImageObject\",\"inLanguage\":\"fr-FR\",\"@id\":\"https:\/\/permascope.net\/index.php\/vision\/#primaryimage\",\"url\":\"https:\/\/permascope.net\/wp-content\/uploads\/2020\/02\/IMG_20190206_164942556_HDR-scaled.jpg\",\"contentUrl\":\"https:\/\/permascope.net\/wp-content\/uploads\/2020\/02\/IMG_20190206_164942556_HDR-scaled.jpg\",\"width\":1920,\"height\":2560},{\"@type\":\"BreadcrumbList\",\"@id\":\"https:\/\/permascope.net\/index.php\/vision\/#breadcrumb\",\"itemListElement\":[{\"@type\":\"ListItem\",\"position\":1,\"name\":\"Accueil\",\"item\":\"https:\/\/permascope.net\/\"},{\"@type\":\"ListItem\",\"position\":2,\"name\":\"Vision\"}]},{\"@type\":\"WebSite\",\"@id\":\"https:\/\/permascope.net\/#website\",\"url\":\"https:\/\/permascope.net\/\",\"name\":\"Permascope\",\"description\":\"la permaculture dans tous ses \u00e9tats\",\"publisher\":{\"@id\":\"https:\/\/permascope.net\/#organization\"},\"potentialAction\":[{\"@type\":\"SearchAction\",\"target\":{\"@type\":\"EntryPoint\",\"urlTemplate\":\"https:\/\/permascope.net\/?s={search_term_string}\"},\"query-input\":{\"@type\":\"PropertyValueSpecification\",\"valueRequired\":true,\"valueName\":\"search_term_string\"}}],\"inLanguage\":\"fr-FR\"},{\"@type\":\"Organization\",\"@id\":\"https:\/\/permascope.net\/#organization\",\"name\":\"Permascope\",\"url\":\"https:\/\/permascope.net\/\",\"logo\":{\"@type\":\"ImageObject\",\"inLanguage\":\"fr-FR\",\"@id\":\"https:\/\/permascope.net\/#\/schema\/logo\/image\/\",\"url\":\"https:\/\/permascope.net\/wp-content\/uploads\/2021\/02\/cropped-logo-site-big2.png\",\"contentUrl\":\"https:\/\/permascope.net\/wp-content\/uploads\/2021\/02\/cropped-logo-site-big2.png\",\"width\":240,\"height\":92,\"caption\":\"Permascope\"},\"image\":{\"@id\":\"https:\/\/permascope.net\/#\/schema\/logo\/image\/\"}}]}<\/script>\n<!-- \/ Yoast SEO plugin. -->","yoast_head_json":{"title":"Vision - Permascope","robots":{"index":"index","follow":"follow","max-snippet":"max-snippet:-1","max-image-preview":"max-image-preview:large","max-video-preview":"max-video-preview:-1"},"canonical":"https:\/\/permascope.net\/index.php\/vision\/","og_locale":"fr_FR","og_type":"article","og_title":"Vision - Permascope","og_description":"[vc_row css=\u00a0\u00bb.vc_custom_1727179911400{margin-bottom: 50px !important;}\u00a0\u00bb][vc_column][\/vc_column][\/vc_row][vc_row][vc_column][vc_column_text] Nos \u00e9cosyst\u00e8mes sont en pleine mutation Nous vivons une phase qui nourrit l&rsquo;envie et le besoin de r\u00e9silience, de reconnaissance individuelle, d&rsquo;entraide, d&rsquo;interd\u00e9pendance&#8230; Petit \u00e0 petit, notre nature tend \u00e0 se retrouver, \u00e0 se reconnecter profond\u00e9ment \u00e0 nous-m\u00eames et \u00e0 ce qui nous relie, faisant face \u00e0 des d\u00e9fis d&rsquo;envergure. Construire [&hellip;]","og_url":"https:\/\/permascope.net\/index.php\/vision\/","og_site_name":"Permascope","article_modified_time":"2024-09-24T12:11:55+00:00","og_image":[{"width":1920,"height":2560,"url":"https:\/\/permascope.net\/wp-content\/uploads\/2020\/02\/IMG_20190206_164942556_HDR-scaled.jpg","type":"image\/jpeg"}],"twitter_card":"summary_large_image","twitter_misc":{"Dur\u00e9e de lecture estim\u00e9e":"2 minutes"},"schema":{"@context":"https:\/\/schema.org","@graph":[{"@type":"WebPage","@id":"https:\/\/permascope.net\/index.php\/vision\/","url":"https:\/\/permascope.net\/index.php\/vision\/","name":"Vision - Permascope","isPartOf":{"@id":"https:\/\/permascope.net\/#website"},"primaryImageOfPage":{"@id":"https:\/\/permascope.net\/index.php\/vision\/#primaryimage"},"image":{"@id":"https:\/\/permascope.net\/index.php\/vision\/#primaryimage"},"thumbnailUrl":"https:\/\/permascope.net\/wp-content\/uploads\/2020\/02\/IMG_20190206_164942556_HDR-scaled.jpg","datePublished":"2020-02-28T13:47:13+00:00","dateModified":"2024-09-24T12:11:55+00:00","breadcrumb":{"@id":"https:\/\/permascope.net\/index.php\/vision\/#breadcrumb"},"inLanguage":"fr-FR","potentialAction":[{"@type":"ReadAction","target":["https:\/\/permascope.net\/index.php\/vision\/"]}]},{"@type":"ImageObject","inLanguage":"fr-FR","@id":"https:\/\/permascope.net\/index.php\/vision\/#primaryimage","url":"https:\/\/permascope.net\/wp-content\/uploads\/2020\/02\/IMG_20190206_164942556_HDR-scaled.jpg","contentUrl":"https:\/\/permascope.net\/wp-content\/uploads\/2020\/02\/IMG_20190206_164942556_HDR-scaled.jpg","width":1920,"height":2560},{"@type":"BreadcrumbList","@id":"https:\/\/permascope.net\/index.php\/vision\/#breadcrumb","itemListElement":[{"@type":"ListItem","position":1,"name":"Accueil","item":"https:\/\/permascope.net\/"},{"@type":"ListItem","position":2,"name":"Vision"}]},{"@type":"WebSite","@id":"https:\/\/permascope.net\/#website","url":"https:\/\/permascope.net\/","name":"Permascope","description":"la permaculture dans tous ses \u00e9tats","publisher":{"@id":"https:\/\/permascope.net\/#organization"},"potentialAction":[{"@type":"SearchAction","target":{"@type":"EntryPoint","urlTemplate":"https:\/\/permascope.net\/?s={search_term_string}"},"query-input":{"@type":"PropertyValueSpecification","valueRequired":true,"valueName":"search_term_string"}}],"inLanguage":"fr-FR"},{"@type":"Organization","@id":"https:\/\/permascope.net\/#organization","name":"Permascope","url":"https:\/\/permascope.net\/","logo":{"@type":"ImageObject","inLanguage":"fr-FR","@id":"https:\/\/permascope.net\/#\/schema\/logo\/image\/","url":"https:\/\/permascope.net\/wp-content\/uploads\/2021\/02\/cropped-logo-site-big2.png","contentUrl":"https:\/\/permascope.net\/wp-content\/uploads\/2021\/02\/cropped-logo-site-big2.png","width":240,"height":92,"caption":"Permascope"},"image":{"@id":"https:\/\/permascope.net\/#\/schema\/logo\/image\/"}}]}},"_links":{"self":[{"href":"https:\/\/permascope.net\/index.php\/wp-json\/wp\/v2\/pages\/177","targetHints":{"allow":["GET"]}}],"collection":[{"href":"https:\/\/permascope.net\/index.php\/wp-json\/wp\/v2\/pages"}],"about":[{"href":"https:\/\/permascope.net\/index.php\/wp-json\/wp\/v2\/types\/page"}],"author":[{"embeddable":true,"href":"https:\/\/permascope.net\/index.php\/wp-json\/wp\/v2\/users\/1"}],"replies":[{"embeddable":true,"href":"https:\/\/permascope.net\/index.php\/wp-json\/wp\/v2\/comments?post=177"}],"version-history":[{"count":26,"href":"https:\/\/permascope.net\/index.php\/wp-json\/wp\/v2\/pages\/177\/revisions"}],"predecessor-version":[{"id":7810,"href":"https:\/\/permascope.net\/index.php\/wp-json\/wp\/v2\/pages\/177\/revisions\/7810"}],"wp:featuredmedia":[{"embeddable":true,"href":"https:\/\/permascope.net\/index.php\/wp-json\/wp\/v2\/media\/181"}],"wp:attachment":[{"href":"https:\/\/permascope.net\/index.php\/wp-json\/wp\/v2\/media?parent=177"}],"curies":[{"name":"wp","href":"https:\/\/api.w.org\/{rel}","templated":true}]}}