{"id":141,"date":"2020-02-16T17:58:07","date_gmt":"2020-02-16T16:58:07","guid":{"rendered":"http:\/\/permascope.fr\/?page_id=141"},"modified":"2024-10-25T11:55:50","modified_gmt":"2024-10-25T09:55:50","slug":"ethique-permaculture","status":"publish","type":"page","link":"https:\/\/permascope.net\/index.php\/ethique-permaculture\/","title":{"rendered":"D\u00e9couvrir La permaculture"},"content":{"rendered":"<div class=\"wpb-content-wrapper\"><p>[vc_row][vc_column][vc_column_text css=\u00a0\u00bb\u00a0\u00bb]<\/p>\r\n<p style=\"font-size: 19px; text-align: center;\"><strong>La permaculture:<br \/><\/strong><\/p>\r\n<p>\u00a0<\/p>\r\n\r\n<blockquote class=\"wp-block-quote is-style-large is-layout-flow wp-block-quote-is-layout-flow\">\r\n<p>La permaculture est \u00ab\u00a0la conception consciente de paysages qui miment les mod\u00e8les et les relations observ\u00e9es dans la nature, visant \u00e0 obtenir une production abondante de nourriture, de fibres textiles et d\u2019\u00e9nergies pour satisfaire les besoins locaux\u00a0\u00bb.<\/p>\r\n<p><cite><em>Bill Mollison &amp; David Holmgren<\/em><\/cite><\/p>\r\n<\/blockquote>\r\n<p>\u00a0<\/p>\r\n\r\n<div class=\"wp-block-image\">\r\n<figure class=\"aligncenter size-large\"><img loading=\"lazy\" decoding=\"async\" width=\"800\" height=\"400\" class=\"wp-image-447\" src=\"http:\/\/permascope.fr\/wp-content\/uploads\/2020\/09\/bill-mollison-david-holmgren.jpg\" alt=\"\" srcset=\"https:\/\/permascope.net\/wp-content\/uploads\/2020\/09\/bill-mollison-david-holmgren.jpg 800w, https:\/\/permascope.net\/wp-content\/uploads\/2020\/09\/bill-mollison-david-holmgren-300x150.jpg 300w, https:\/\/permascope.net\/wp-content\/uploads\/2020\/09\/bill-mollison-david-holmgren-768x384.jpg 768w, https:\/\/permascope.net\/wp-content\/uploads\/2020\/09\/bill-mollison-david-holmgren-1x1.jpg 1w\" sizes=\"auto, (max-width: 800px) 100vw, 800px\" \/>\r\n<figcaption><em>Bill Mollison &amp; David Holmgren,<\/em> les fondateurs du mouvement permaculturel<\/figcaption>\r\n<\/figure>\r\n<\/div>\r\n<p>\u00a0<\/p>\r\n\r\n<p style=\"font-size: 19px;\">Le terme \u00a0permaculture\u00a0 est issu de la contraction des mots anglais <em>permanent<\/em> et <em>culture<\/em> afin de d\u00e9velopper la \u00ab\u00a0<em>culture de la permanence<\/em> \u00ab\u00a0.<\/p>\r\n<p>\u00a0<\/p>\r\n\r\n<p style=\"font-size: 19px;\">Bill Mollison &amp; David Holmgren, les fondateurs de ce mouvement s&rsquo;inspirant des travaux de Masanobu Fukuoka (R\u00e9volution d\u2019un seul brin de paille), ont d\u00e9velopp\u00e9 ces concepts autour de multiples domaines que l&rsquo;on retrouve aujourd&rsquo;hui dans la fleur de permaculture.<\/p>\r\n\r\n<p>\u00a0<\/p>\r\n\r\n<div class=\"wp-block-image\">\r\n<figure class=\"aligncenter size-full is-resized\"><img loading=\"lazy\" decoding=\"async\" class=\"wp-image-445\" src=\"http:\/\/permascope.fr\/wp-content\/uploads\/2020\/09\/IMAGE_Fleur-permaculturelle-avec-details_inspiree-de-David-Holmgren.png\" alt=\"\" width=\"546\" height=\"478\" srcset=\"https:\/\/permascope.net\/wp-content\/uploads\/2020\/09\/IMAGE_Fleur-permaculturelle-avec-details_inspiree-de-David-Holmgren.png 1254w, https:\/\/permascope.net\/wp-content\/uploads\/2020\/09\/IMAGE_Fleur-permaculturelle-avec-details_inspiree-de-David-Holmgren-300x263.png 300w, https:\/\/permascope.net\/wp-content\/uploads\/2020\/09\/IMAGE_Fleur-permaculturelle-avec-details_inspiree-de-David-Holmgren-1024x898.png 1024w, https:\/\/permascope.net\/wp-content\/uploads\/2020\/09\/IMAGE_Fleur-permaculturelle-avec-details_inspiree-de-David-Holmgren-768x674.png 768w, https:\/\/permascope.net\/wp-content\/uploads\/2020\/09\/IMAGE_Fleur-permaculturelle-avec-details_inspiree-de-David-Holmgren-1x1.png 1w\" sizes=\"auto, (max-width: 546px) 100vw, 546px\" \/><\/figure>\r\n<\/div>\r\n<p>\u00a0<\/p>\r\n\r\n<h3 class=\"wp-block-heading\" style=\"font-size: 19px;\">La permaculture repose sur 3 principes \u00e9thiques fondamentaux :<\/h3>\r\n<p>\u00a0<\/p>\r\n\r\n<ul class=\"wp-block-list\">\r\n<li>Prendre soin de la terre et de la nature<\/li>\r\n<li>Prendre soin de l\u2019humain (de soi et des autres)<\/li>\r\n<li>Cr\u00e9er l\u2019abondance et partager \u00e9quitablement<\/li>\r\n<\/ul>\r\n<p>\u00a0<\/p>\r\n\r\n<p style=\"font-size: 19px;\">De ces 3 principes d\u00e9coulent 12 autres principes (propos\u00e9s par David Holmgren) permettant la concr\u00e9tisation de cette \u00e9thique et impr\u00e9gnant toute dynamique de conception ou &lsquo;design&rsquo; :<\/p>\r\n<p>\u00a0<\/p>\r\n\r\n<div class=\"wp-block-image\">\r\n<figure class=\"aligncenter size-full is-resized\"><img loading=\"lazy\" decoding=\"async\" class=\"wp-image-446\" src=\"http:\/\/permascope.fr\/wp-content\/uploads\/2020\/09\/permaculture-les-12-principes.jpg\" alt=\"\" width=\"664\" height=\"602\" \/><\/figure>\r\n<\/div>\r\n<p>\u00a0<\/p>\r\n\r\n<p style=\"font-size: 19px;\">auxquels s&rsquo;ajoutent encore 10 autres \u00e9dict\u00e9s par Bill Mollison<\/p>\r\n<p>\u00a0<\/p>\r\n\r\n<ul class=\"wp-block-list\">\r\n<li>Pr\u00e9voir l\u2019efficacit\u00e9 \u00e9nerg\u00e9tique<\/li>\r\n<li>Penser l\u2019emplacement des \u00e9l\u00e9ments\u00a0 de tout syst\u00e8me<\/li>\r\n<li>Un \u00e9l\u00e9ment remplit plusieurs fonctions<\/li>\r\n<li>Une fonction est remplie par plusieurs \u00e9l\u00e9ments<\/li>\r\n<li>Privil\u00e9gier les petits syst\u00e8mes intensifs<\/li>\r\n<li>Cultiver l&rsquo;effet de bordure<\/li>\r\n<li>Acc\u00e9l\u00e9rer l\u2019\u00e9volution et la succession (r\u00e9silience)<\/li>\r\n<li>Penser chaque changement op\u00e9r\u00e9 en fonction de son effet<\/li>\r\n<li>Tout jardine<\/li>\r\n<li>Le probl\u00e8me est la solution<\/li>\r\n<\/ul>\r\n<p>\u00a0<\/p>\r\n\r\n<p style=\"font-size: 19px;\">Ces 23 principes jettent les bases du concept de &lsquo;design&rsquo; en permaculture, diffus\u00e9 dans le monde entier afin de r\u00e9pondre aux probl\u00e9matiques actuelles de perte de biodiversit\u00e9, <a href=\"https:\/\/www.futura-sciences.com\/planete\/actualites\/climatologie-rechauffement-climatique-accelere-cycle-eau-23469\/\">de rupture du cycle de l&rsquo;eau<\/a> ou encore de descente \u00e9nerg\u00e9tique.<\/p>\r\n<p><img loading=\"lazy\" decoding=\"async\" class=\"alignleft size-medium wp-image-2895\" src=\"https:\/\/permascope.net\/wp-content\/uploads\/2022\/11\/th-296x300.webp\" alt=\"\" width=\"296\" height=\"300\" srcset=\"https:\/\/permascope.net\/wp-content\/uploads\/2022\/11\/th-296x300.webp 296w, https:\/\/permascope.net\/wp-content\/uploads\/2022\/11\/th-320x324.webp 320w, https:\/\/permascope.net\/wp-content\/uploads\/2022\/11\/th.webp 474w\" sizes=\"auto, (max-width: 296px) 100vw, 296px\" \/><\/p>\r\n<p>\u00a0<\/p>\r\n\u00a0<\/p>\r\n\r\n<p style=\"font-size: 19px;\">La permaculture a pris racine dans les pr\u00e9mices de ce que nous vivons actuellement, lorsque le rapport <a href=\"http:\/\/www.donellameadows.org\/wp-content\/userfiles\/Limits-to-Growth-digital-scan-version.pdf\">Meadows<\/a> (1972) pr\u00e9sentait les limites de la croissance de notre civilisation industrielle.<\/p>\r\n<p style=\"font-size: 19px;\">Aujourd&rsquo;hui, le mouvement international permacole tente de tisser une toile de r\u00e9silience partout o\u00f9 cela est possible afin d&rsquo;amorcer la descente \u00e9nerg\u00e9tique et de former un maximum de personnes \u00e0 l&rsquo;ing\u00e9nierie permacole au travers des cours de conception (CCP) ou d&rsquo;autres formations et initiations.<\/p>\r\n<p style=\"font-size: 19px;\">La permaculture, v\u00e9ritable ing\u00e9nieure de conception d&rsquo;\u00e9cosyst\u00e8mes robustes et soutenables, utilise des outils tir\u00e9s de l&rsquo;\u00e9cologie, de l&rsquo;\u00e9cosyst\u00e8mie, du g\u00e9nie civil, de la science , des traditions et de l&rsquo;ethnologie, de l&rsquo;observation des m\u00e9canismes naturels et sociaux ou comportementaux.<\/p>\r\n<p style=\"font-size: 19px;\">\u00catre permaculteur-ice aujourd&rsquo;hui consiste avant tout \u00e0 \u00eatre capable de concevoir des \u00e9cosyst\u00e8mes r\u00e9silients, efficaces et durables, productifs et autonomes, \u00e0 se familiariser avec un large \u00e9ventail de strat\u00e9gies bas\u00e9es sur l&rsquo;observation des mouvements et comportements de la nature, \u00e0 savoir g\u00e9rer, optimiser et am\u00e9liorer le recours aux ressources vivantes et vitales qui nous permettent de subsister, \u00e0 contribuer \u00e0 l&rsquo;am\u00e9lioration des conditions de vie de tout le vivant, \u00e0 tisser des r\u00e9seaux de non-concurrence et d&rsquo;interd\u00e9pendance au sein desquels chaque interaction est b\u00e9n\u00e9fique et \u00e0 stabiliser ces nouveaux \u00e9cosyst\u00e8mes pour plus de paix et d&rsquo;abondance.<\/p>\r\n<p>\u00a0<\/p>\r\n<p>[\/vc_column_text][\/vc_column][\/vc_row]<\/p><\/div>","protected":false},"excerpt":{"rendered":"<p>[vc_row][vc_column][vc_column_text css=\u00a0\u00bb\u00a0\u00bb] La permaculture: \u00a0 La permaculture est \u00ab\u00a0la conception consciente de paysages qui miment les mod\u00e8les et les relations observ\u00e9es dans la nature, visant \u00e0 obtenir une production abondante de nourriture, de fibres textiles et d\u2019\u00e9nergies pour satisfaire les besoins locaux\u00a0\u00bb. Bill Mollison &amp; David Holmgren \u00a0 \u00a0 Le terme \u00a0permaculture\u00a0 est issu de [&hellip;]<\/p>\n","protected":false},"author":1,"featured_media":7886,"parent":0,"menu_order":0,"comment_status":"closed","ping_status":"closed","template":"","meta":{"footnotes":""},"class_list":["post-141","page","type-page","status-publish","has-post-thumbnail","hentry"],"yoast_head":"<!-- This site is optimized with the Yoast SEO plugin v24.0 - https:\/\/yoast.com\/wordpress\/plugins\/seo\/ -->\n<title>D\u00e9couvrir La permaculture - Permascope<\/title>\n<meta name=\"description\" content=\"les \u00e9thiques de la permaculture sont les fondations des principes de conception selon Bill Mollison et David Holmgren\" \/>\n<meta name=\"robots\" content=\"index, follow, max-snippet:-1, max-image-preview:large, max-video-preview:-1\" \/>\n<link rel=\"canonical\" href=\"https:\/\/permascope.net\/index.php\/ethique-permaculture\/\" \/>\n<meta property=\"og:locale\" content=\"fr_FR\" \/>\n<meta property=\"og:type\" content=\"article\" \/>\n<meta property=\"og:title\" content=\"D\u00e9couvrir La permaculture - Permascope\" \/>\n<meta property=\"og:description\" content=\"les \u00e9thiques de la permaculture sont les fondations des principes de conception selon Bill Mollison et David Holmgren\" \/>\n<meta property=\"og:url\" content=\"https:\/\/permascope.net\/index.php\/ethique-permaculture\/\" \/>\n<meta property=\"og:site_name\" content=\"Permascope\" \/>\n<meta property=\"article:modified_time\" content=\"2024-10-25T09:55:50+00:00\" \/>\n<meta property=\"og:image\" content=\"https:\/\/permascope.net\/wp-content\/uploads\/2024\/10\/Capture-decran-2024-10-01-a-10.54.18-e1728723861767.png\" \/>\n\t<meta property=\"og:image:width\" content=\"1336\" \/>\n\t<meta property=\"og:image:height\" content=\"752\" \/>\n\t<meta property=\"og:image:type\" content=\"image\/png\" \/>\n<meta name=\"twitter:card\" content=\"summary_large_image\" \/>\n<meta name=\"twitter:label1\" content=\"Dur\u00e9e de lecture estim\u00e9e\" \/>\n\t<meta name=\"twitter:data1\" content=\"4 minutes\" \/>\n<script type=\"application\/ld+json\" class=\"yoast-schema-graph\">{\"@context\":\"https:\/\/schema.org\",\"@graph\":[{\"@type\":\"WebPage\",\"@id\":\"https:\/\/permascope.net\/index.php\/ethique-permaculture\/\",\"url\":\"https:\/\/permascope.net\/index.php\/ethique-permaculture\/\",\"name\":\"D\u00e9couvrir La permaculture - Permascope\",\"isPartOf\":{\"@id\":\"https:\/\/permascope.net\/#website\"},\"primaryImageOfPage\":{\"@id\":\"https:\/\/permascope.net\/index.php\/ethique-permaculture\/#primaryimage\"},\"image\":{\"@id\":\"https:\/\/permascope.net\/index.php\/ethique-permaculture\/#primaryimage\"},\"thumbnailUrl\":\"https:\/\/permascope.net\/wp-content\/uploads\/2024\/10\/Capture-decran-2024-10-01-a-10.54.18-e1728723861767.png\",\"datePublished\":\"2020-02-16T16:58:07+00:00\",\"dateModified\":\"2024-10-25T09:55:50+00:00\",\"description\":\"les \u00e9thiques de la permaculture sont les fondations des principes de conception selon Bill Mollison et David Holmgren\",\"breadcrumb\":{\"@id\":\"https:\/\/permascope.net\/index.php\/ethique-permaculture\/#breadcrumb\"},\"inLanguage\":\"fr-FR\",\"potentialAction\":[{\"@type\":\"ReadAction\",\"target\":[\"https:\/\/permascope.net\/index.php\/ethique-permaculture\/\"]}]},{\"@type\":\"ImageObject\",\"inLanguage\":\"fr-FR\",\"@id\":\"https:\/\/permascope.net\/index.php\/ethique-permaculture\/#primaryimage\",\"url\":\"https:\/\/permascope.net\/wp-content\/uploads\/2024\/10\/Capture-decran-2024-10-01-a-10.54.18-e1728723861767.png\",\"contentUrl\":\"https:\/\/permascope.net\/wp-content\/uploads\/2024\/10\/Capture-decran-2024-10-01-a-10.54.18-e1728723861767.png\",\"width\":1336,\"height\":752},{\"@type\":\"BreadcrumbList\",\"@id\":\"https:\/\/permascope.net\/index.php\/ethique-permaculture\/#breadcrumb\",\"itemListElement\":[{\"@type\":\"ListItem\",\"position\":1,\"name\":\"Accueil\",\"item\":\"https:\/\/permascope.net\/\"},{\"@type\":\"ListItem\",\"position\":2,\"name\":\"D\u00e9couvrir La permaculture\"}]},{\"@type\":\"WebSite\",\"@id\":\"https:\/\/permascope.net\/#website\",\"url\":\"https:\/\/permascope.net\/\",\"name\":\"Permascope\",\"description\":\"la permaculture dans tous ses \u00e9tats\",\"publisher\":{\"@id\":\"https:\/\/permascope.net\/#organization\"},\"potentialAction\":[{\"@type\":\"SearchAction\",\"target\":{\"@type\":\"EntryPoint\",\"urlTemplate\":\"https:\/\/permascope.net\/?s={search_term_string}\"},\"query-input\":{\"@type\":\"PropertyValueSpecification\",\"valueRequired\":true,\"valueName\":\"search_term_string\"}}],\"inLanguage\":\"fr-FR\"},{\"@type\":\"Organization\",\"@id\":\"https:\/\/permascope.net\/#organization\",\"name\":\"Permascope\",\"url\":\"https:\/\/permascope.net\/\",\"logo\":{\"@type\":\"ImageObject\",\"inLanguage\":\"fr-FR\",\"@id\":\"https:\/\/permascope.net\/#\/schema\/logo\/image\/\",\"url\":\"https:\/\/permascope.net\/wp-content\/uploads\/2021\/02\/cropped-logo-site-big2.png\",\"contentUrl\":\"https:\/\/permascope.net\/wp-content\/uploads\/2021\/02\/cropped-logo-site-big2.png\",\"width\":240,\"height\":92,\"caption\":\"Permascope\"},\"image\":{\"@id\":\"https:\/\/permascope.net\/#\/schema\/logo\/image\/\"}}]}<\/script>\n<!-- \/ Yoast SEO plugin. -->","yoast_head_json":{"title":"D\u00e9couvrir La permaculture - Permascope","description":"les \u00e9thiques de la permaculture sont les fondations des principes de conception selon Bill Mollison et David Holmgren","robots":{"index":"index","follow":"follow","max-snippet":"max-snippet:-1","max-image-preview":"max-image-preview:large","max-video-preview":"max-video-preview:-1"},"canonical":"https:\/\/permascope.net\/index.php\/ethique-permaculture\/","og_locale":"fr_FR","og_type":"article","og_title":"D\u00e9couvrir La permaculture - Permascope","og_description":"les \u00e9thiques de la permaculture sont les fondations des principes de conception selon Bill Mollison et David Holmgren","og_url":"https:\/\/permascope.net\/index.php\/ethique-permaculture\/","og_site_name":"Permascope","article_modified_time":"2024-10-25T09:55:50+00:00","og_image":[{"width":1336,"height":752,"url":"https:\/\/permascope.net\/wp-content\/uploads\/2024\/10\/Capture-decran-2024-10-01-a-10.54.18-e1728723861767.png","type":"image\/png"}],"twitter_card":"summary_large_image","twitter_misc":{"Dur\u00e9e de lecture estim\u00e9e":"4 minutes"},"schema":{"@context":"https:\/\/schema.org","@graph":[{"@type":"WebPage","@id":"https:\/\/permascope.net\/index.php\/ethique-permaculture\/","url":"https:\/\/permascope.net\/index.php\/ethique-permaculture\/","name":"D\u00e9couvrir La permaculture - Permascope","isPartOf":{"@id":"https:\/\/permascope.net\/#website"},"primaryImageOfPage":{"@id":"https:\/\/permascope.net\/index.php\/ethique-permaculture\/#primaryimage"},"image":{"@id":"https:\/\/permascope.net\/index.php\/ethique-permaculture\/#primaryimage"},"thumbnailUrl":"https:\/\/permascope.net\/wp-content\/uploads\/2024\/10\/Capture-decran-2024-10-01-a-10.54.18-e1728723861767.png","datePublished":"2020-02-16T16:58:07+00:00","dateModified":"2024-10-25T09:55:50+00:00","description":"les \u00e9thiques de la permaculture sont les fondations des principes de conception selon Bill Mollison et David Holmgren","breadcrumb":{"@id":"https:\/\/permascope.net\/index.php\/ethique-permaculture\/#breadcrumb"},"inLanguage":"fr-FR","potentialAction":[{"@type":"ReadAction","target":["https:\/\/permascope.net\/index.php\/ethique-permaculture\/"]}]},{"@type":"ImageObject","inLanguage":"fr-FR","@id":"https:\/\/permascope.net\/index.php\/ethique-permaculture\/#primaryimage","url":"https:\/\/permascope.net\/wp-content\/uploads\/2024\/10\/Capture-decran-2024-10-01-a-10.54.18-e1728723861767.png","contentUrl":"https:\/\/permascope.net\/wp-content\/uploads\/2024\/10\/Capture-decran-2024-10-01-a-10.54.18-e1728723861767.png","width":1336,"height":752},{"@type":"BreadcrumbList","@id":"https:\/\/permascope.net\/index.php\/ethique-permaculture\/#breadcrumb","itemListElement":[{"@type":"ListItem","position":1,"name":"Accueil","item":"https:\/\/permascope.net\/"},{"@type":"ListItem","position":2,"name":"D\u00e9couvrir La permaculture"}]},{"@type":"WebSite","@id":"https:\/\/permascope.net\/#website","url":"https:\/\/permascope.net\/","name":"Permascope","description":"la permaculture dans tous ses \u00e9tats","publisher":{"@id":"https:\/\/permascope.net\/#organization"},"potentialAction":[{"@type":"SearchAction","target":{"@type":"EntryPoint","urlTemplate":"https:\/\/permascope.net\/?s={search_term_string}"},"query-input":{"@type":"PropertyValueSpecification","valueRequired":true,"valueName":"search_term_string"}}],"inLanguage":"fr-FR"},{"@type":"Organization","@id":"https:\/\/permascope.net\/#organization","name":"Permascope","url":"https:\/\/permascope.net\/","logo":{"@type":"ImageObject","inLanguage":"fr-FR","@id":"https:\/\/permascope.net\/#\/schema\/logo\/image\/","url":"https:\/\/permascope.net\/wp-content\/uploads\/2021\/02\/cropped-logo-site-big2.png","contentUrl":"https:\/\/permascope.net\/wp-content\/uploads\/2021\/02\/cropped-logo-site-big2.png","width":240,"height":92,"caption":"Permascope"},"image":{"@id":"https:\/\/permascope.net\/#\/schema\/logo\/image\/"}}]}},"_links":{"self":[{"href":"https:\/\/permascope.net\/index.php\/wp-json\/wp\/v2\/pages\/141","targetHints":{"allow":["GET"]}}],"collection":[{"href":"https:\/\/permascope.net\/index.php\/wp-json\/wp\/v2\/pages"}],"about":[{"href":"https:\/\/permascope.net\/index.php\/wp-json\/wp\/v2\/types\/page"}],"author":[{"embeddable":true,"href":"https:\/\/permascope.net\/index.php\/wp-json\/wp\/v2\/users\/1"}],"replies":[{"embeddable":true,"href":"https:\/\/permascope.net\/index.php\/wp-json\/wp\/v2\/comments?post=141"}],"version-history":[{"count":32,"href":"https:\/\/permascope.net\/index.php\/wp-json\/wp\/v2\/pages\/141\/revisions"}],"predecessor-version":[{"id":7869,"href":"https:\/\/permascope.net\/index.php\/wp-json\/wp\/v2\/pages\/141\/revisions\/7869"}],"wp:featuredmedia":[{"embeddable":true,"href":"https:\/\/permascope.net\/index.php\/wp-json\/wp\/v2\/media\/7886"}],"wp:attachment":[{"href":"https:\/\/permascope.net\/index.php\/wp-json\/wp\/v2\/media?parent=141"}],"curies":[{"name":"wp","href":"https:\/\/api.w.org\/{rel}","templated":true}]}}